{"id":12186,"date":"2025-09-04T12:38:52","date_gmt":"2025-09-04T10:38:52","guid":{"rendered":"https:\/\/mailerfind.com\/?page_id=12186"},"modified":"2025-12-24T13:37:21","modified_gmt":"2025-12-24T12:37:21","slug":"aviso-legal","status":"publish","type":"page","link":"https:\/\/mailerfind.com\/es\/aviso-legal\/","title":{"rendered":"Aviso Legal"},"content":{"rendered":"<p>[et_pb_section fb_built=\u00bb1&#8243; _builder_version=\u00bb4.27.4&#8243; _module_preset=\u00bbdefault\u00bb global_colors_info=\u00bb{}\u00bb][et_pb_row _builder_version=\u00bb4.27.4&#8243; _module_preset=\u00bbdefault\u00bb max_width=\u00bb550px\u00bb global_colors_info=\u00bb{}\u00bb][et_pb_column type=\u00bb4_4&#8243; _builder_version=\u00bb4.27.4&#8243; _module_preset=\u00bbdefault\u00bb global_colors_info=\u00bb{}\u00bb][et_pb_text _builder_version=\u00bb4.27.5&#8243; _module_preset=\u00bbdefault\u00bb hover_enabled=\u00bb0&#8243; custom_css_free_form=\u00bbselector li:not(.policy-li){||  margin-top: 1em; \/* espacio extra debajo de cada item *\/||  margin-bottom: 1em;||}\u00bb global_colors_info=\u00bb{}\u00bb sticky_enabled=\u00bb0&#8243;]<\/p>\n<h1 style=\"text-align: justify;\"><strong>Aviso Legal<\/strong><\/h1>\n<p style=\"text-align: justify;\"><em><\/em><\/p>\n<p style=\"text-align: justify;\"><em>\u00daltima actualizaci\u00f3n: septiembre de 2025<\/em><\/p>\n<ol style=\"text-align: justify;\">\n<li><strong>OBJETO<\/strong>\n<p style=\"text-align: justify;\"><strong>MAILERFIND, S.L.<\/strong> (en adelante, \u00ab<strong>MAILERFIND<\/strong>\u00ab, \u00ab<strong>nosotros<\/strong>\u00ab, \u00ab<strong>nuestro\/s<\/strong>\u00ab, \u00ab<strong>nuestra\/s<\/strong>\u00ab, \u00ab<strong>nos<\/strong>\u00ab), desea ofrecerte como usuario (en adelante, el \u00ab<strong>Usuario<\/strong>\u00ab, \u00ab<strong>t\u00fa<\/strong>\u00ab, \u00ab<strong>a ti<\/strong>\u00bb y \u00ab<strong>tuyo\/a<\/strong>\u00ab) una experiencia y servicio seguro en nuestro entorno web ubicado en la direcci\u00f3n <a href=\"https:\/\/mailerfind.com\/es\/\">https:\/\/mailerfind.com<\/a> (en adelante, el \u00ab<strong>Sitio web<\/strong>\u00ab).<\/p>\n<p style=\"text-align: justify;\">Por ello, hemos implementado el presente Aviso Legal, que da cumplimiento a la Ley 34\/2002, de 11 de julio, de Servicios de la Sociedad de la Informaci\u00f3n y de Comercio Electr\u00f3nico (\u00ab<strong>LSSICE<\/strong>\u00ab), con la finalidad de regular tu acceso, navegaci\u00f3n y uso del Sitio Web, as\u00ed como para informarte sobre tus derechos y obligaciones en relaci\u00f3n con los contenidos mostrados en el mismo y las responsabilidades que pudieran derivarse de su uso.<\/p>\n<p style=\"text-align: justify;\">Adem\u00e1s, es importante tener en cuenta que damos cumplimiento a las regulaciones establecidas por el Reglamento (UE) 2016\/679 del Parlamento Europeo y del Consejo de 27 de abril de 2016, relativo a la protecci\u00f3n de las personas f\u00edsicas en lo que respecta al tratamiento de datos personales y a la libre circulaci\u00f3n de estos datos, y por el que se deroga la Directiva 95\/46\/CE (en adelante, el \u00ab<strong>RGPD<\/strong>\u00ab) y la Ley Org\u00e1nica 3\/2018, de 5 de diciembre, de Protecci\u00f3n de Datos Personales y garant\u00eda de los derechos digitales (\u00ab<strong>LOPDGDD<\/strong>\u00ab), que brindan una protecci\u00f3n integral para los datos personales.<\/p>\n<p style=\"text-align: justify;\">En l\u00ednea con lo anterior, te informamos que el acceso, navegaci\u00f3n o uso del Sitio Web implica la aceptaci\u00f3n expresa e incondicional de todos los t\u00e9rminos del presente Aviso Legal, teniendo la misma validez y eficacia que cualquier contrato celebrado por escrito y firmado. No obstante, <strong>MAILERFIND<\/strong> se reserva el derecho a modificar la presentaci\u00f3n, configuraci\u00f3n y contenido del Sitio Web, as\u00ed como el presente Aviso Legal, por lo que recomendamos revisarlo constantemente.<\/p>\n<\/li>\n<li><strong>IDENTIFICACI\u00d3N<\/strong>\n<ul style=\"text-align: justify;\">\n<li class=\"policy-li\"><strong>Propietario:<\/strong> MAILERFIND, S.L.<\/li>\n<li class=\"policy-li\"><strong>Domicilio social:<\/strong> Passatge Arnaldeta de Caboet, n\u00famero 11, Edifici La Torre, 2n 1\u00aa (AD700), Escaldes-Engordany, Principat d\u2019Andorra.<\/li>\n<li class=\"policy-li\"><strong>NRT:<\/strong> L-720969-L<\/li>\n<li class=\"policy-li\"><strong>Datos registrales:<\/strong> Registre de Societats d\u2019Andorra, al Llibre S-497, Foli 301-310, n\u00famero de Registre 25.880<\/li>\n<li class=\"policy-li\"><strong>Correo electr\u00f3nico:<\/strong> <a href=\"mailto:privacy@mailerfind.com\">privacy@mailerfind.com<\/a><\/li>\n<li class=\"policy-li\"><strong style=\"font-size: 16px;\">Delegado de protecci\u00f3n de datos:<\/strong><span style=\"font-size: 16px;\"> <\/span><a href=\"mailto:dpo@mailerfind.com\" style=\"font-size: 16px;\">dpo@mailerfind.com<\/a><strong><\/strong><\/li>\n<li class=\"policy-li\"><strong>Representante legal UE:<\/strong> <a href=\"mailto:uerepresentante@mailerfind.com\">uerepresentante@mailerfind.com<\/a><\/li>\n<\/ul>\n<\/li>\n<li><strong>DERECHOS DE PROPIEDAD INTELECTUAL E INDUSTRIAL<\/strong>\n<p style=\"text-align: justify;\"><strong>MAILERFIND<\/strong> es titular o, en su caso, dispone de las licencias correspondientes, de los derechos de propiedad intelectual, industrial, de imagen, o cualesquiera otros derechos an\u00e1logos sobre el Sitio Web, as\u00ed como sobre todos los contenidos ofrecidos en el mismo, incluyendo, a t\u00edtulo enunciativo y no limitativo, el c\u00f3digo fuente y la programaci\u00f3n, los dise\u00f1os, la estructura de navegaci\u00f3n, las fotograf\u00edas, las ilustraciones, los logotipos, las marcas, los gr\u00e1ficos, las interfaces, o cualquier otra informaci\u00f3n o contenido incluido en el mismo.<\/p>\n<p style=\"text-align: justify;\">Est\u00e1 estrictamente prohibido modificar, copiar, distribuir, enmarcar, reproducir, volver a publicar, descargar, extraer, mostrar, publicar, transferir o vender, ya sea en su totalidad o en parte, cualquier contenido del Sitio Web sin la autorizaci\u00f3n previa por escrito de <strong>MAILERFIND<\/strong>. Como Usuario, \u00fanicamente dispones de un derecho no exclusivo de uso, estrictamente dom\u00e9stico, para navegar y disfrutar de nuestros servicios a trav\u00e9s del Sitio Web de conformidad con el presente Aviso Legal.<\/p>\n<p style=\"text-align: justify;\"><strong>MAILERFIND<\/strong> se reserva la facultad de ejercer las acciones legales que considere oportunas en caso de utilizaci\u00f3n no autorizada de la informaci\u00f3n contenida en el Sitio Web, as\u00ed como de cualquier lesi\u00f3n en perjuicio de los derechos de propiedad intelectual de <strong>MAILERFIND<\/strong>.<\/p>\n<\/li>\n<li><strong>NORMAS DE USO DEL SITIO WEB<\/strong>\n<p style=\"text-align: justify;\">No est\u00e1 permitido y, por lo tanto, las consecuencias ser\u00e1n de tu exclusiva responsabilidad, acceder o utilizar el Sitio Web con fines ilegales o no autorizados, con o sin intenci\u00f3n econ\u00f3mica. En particular, y sin car\u00e1cter limitativo, se proh\u00edben las siguientes actuaciones:<\/p>\n<ol style=\"text-align: justify;\">\n<li>Utilizar el Sitio Web de cualquier forma que pueda causar da\u00f1os, interrupciones, ineficiencias o defectos en su funcionamiento, as\u00ed como en dispositivos de terceros;<\/li>\n<li>Usar el Sitio Web para la transmisi\u00f3n, instalaci\u00f3n o publicaci\u00f3n de virus, troyanos, gusanos, bombas l\u00f3gicas, c\u00f3digo malicioso u otros programas o archivos da\u00f1inos;<\/li>\n<li>Usar el Sitio Web para transmitir material con fines publicitarios o promocionales, incluido spam, correos electr\u00f3nicos en cadena, comunicaciones automatizadas o similares;<\/li>\n<li>Utilizar el Sitio Web de forma que constituya una violaci\u00f3n de los derechos de <strong>MAILERFIND<\/strong> o de cualquier tercero;<\/li>\n<li>Usar el Sitio Web para transmitir o publicar cualquier material difamatorio, ofensivo, racista, degradante, amenazante o perturbador que pueda da\u00f1ar, herir o simplemente afectar a cualquier persona;<\/li>\n<li>Utilizar el Sitio Web para recopilar datos personales de otros usuarios;<\/li>\n<li>Utilizar el Sitio Web de forma il\u00edcita, contraria a la buena fe, a la moral y\/o al orden p\u00fablico;<\/li>\n<li>El acceso no autorizado a cualquier secci\u00f3n del Sitio Web, a otros sistemas o redes conectadas al mismo, a cualquier servidor de <strong>MAILERFIND<\/strong> o a los servicios ofrecidos a trav\u00e9s del Sitio Web mediante pirater\u00eda, falsificaci\u00f3n, extracci\u00f3n de contrase\u00f1as o cualquier otro medio ileg\u00edtimo;<\/li>\n<li>Publicar contenido en \u00e1reas inapropiadas del Sitio Web; y<\/li>\n<li>Realizar cualquier acci\u00f3n que provoque una saturaci\u00f3n desproporcionada o innecesaria de la infraestructura del Sitio Web, o de los sistemas o redes de <strong>MAILERFIND<\/strong>, as\u00ed como de los sistemas y redes conectados al Sitio Web;<\/li>\n<\/ol>\n<p style=\"text-align: justify;\">El incumplimiento por tu parte de cualquiera de las obligaciones anteriormente mencionadas podr\u00e1 dar lugar a que <strong>MAILERFIND<\/strong> adopte las medidas oportunas en el marco de la ley y en el ejercicio de sus derechos y obligaciones.<\/p>\n<p style=\"text-align: justify;\">En cuanto a las normas de interacci\u00f3n entre usuarios, comentarios, mensajes, publicaciones, o contenidos similares que pudieran incluirse en el Sitio Web, ser\u00e1n de aplicaci\u00f3n las obligaciones establecidas en este apartado del Aviso Legal. <strong>MAILERFIND<\/strong> tiene la autoridad de eliminar comentarios y contribuciones que atenten contra la dignidad de las personas, sean discriminatorios, xen\u00f3fobos, racistas o que atenten contra el bienestar de los j\u00f3venes o ni\u00f1os, el orden o la seguridad p\u00fablicos, o que se consideren inapropiados para su publicaci\u00f3n, siempre que <strong>MAILERFIND<\/strong> tenga pruebas fehacientes de tales circunstancias. En cualquier caso, <strong>MAILERFIND<\/strong> no se hace responsable de las opiniones vertidas por cualquier usuario a trav\u00e9s de los espacios de publicaci\u00f3n integrados en su Sitio Web, chats u otras herramientas de participaci\u00f3n.<\/p>\n<p style=\"text-align: justify;\">Si el Usuario tuviera conocimiento de la publicaci\u00f3n de cualquier informaci\u00f3n inexacta, desactualizada, falsa, o de la existencia de cualquier contenido ilegal o que pudiera constituir una violaci\u00f3n de los derechos de propiedad intelectual, de las leyes de protecci\u00f3n de datos aplicables y\/o de cualquier otro derecho, deber\u00e1 notificarlo inmediatamente a <strong>MAILERFIND<\/strong> (<a href=\"mailto:privacy@mailerfind.com\">privacy@mailerfind.com<\/a>) para que se puedan tomar las medidas oportunas.<\/p>\n<p style=\"text-align: justify;\">Asimismo, <strong>MAILERFIND<\/strong> se reserva el derecho a suspender, modificar, restringir o interrumpir, temporal o permanentemente, el acceso, navegaci\u00f3n, uso, alojamiento y\/o descarga de contenidos y\/o uso de los servicios del Sitio Web, con o sin previo aviso, a los usuarios que contravengan cualquiera de las disposiciones detalladas en el presente Aviso Legal, sin posibilidad de reclamar indemnizaci\u00f3n por este motivo.<\/p>\n<\/li>\n<li><strong>RESPONSABILIDADES Y GARANT\u00cdAS<\/strong>\n<p style=\"text-align: justify;\"><strong>MAILERFIND<\/strong> no puede garantizar la fiabilidad, utilidad o veracidad de toda la informaci\u00f3n contenida en el Sitio Web, ni la utilidad o veracidad de los contenidos puestos a disposici\u00f3n de los usuarios a trav\u00e9s del mismo. En consecuencia, <strong>MAILERFIND<\/strong> no garantiza ni se hace responsable de:<\/p>\n<ol style=\"text-align: justify;\">\n<li>La continuidad de los contenidos del Sitio Web;<\/li>\n<li>La ausencia de errores en dichos contenidos;<\/li>\n<li>La ausencia de virus, troyanos, gusanos, bombas l\u00f3gicas y\/u otros componentes maliciosos o tecnol\u00f3gicamente da\u00f1inos en el Sitio Web o en el servidor que lo suministra;<\/li>\n<li>La invulnerabilidad del Sitio Web y\/o la imposibilidad de vulnerar las medidas de seguridad adoptadas en el mismo;<\/li>\n<li>La falta de utilidad o rendimiento de los contenidos del Sitio Web;<\/li>\n<li>Los fallos del Sitio Web causados por cualquier tipo de ataque a sus servidores o a los de terceros proveedores de servicios de <strong>MAILERFIND<\/strong>, as\u00ed como fallos t\u00e9cnicos o de seguridad del sistema de cualquiera de estos proveedores que dificulten el funcionamiento del Sitio Web;<\/li>\n<li>Cualquier fallo t\u00e9cnico de cualquier tipo que dificulte, retrase o impida el correcto funcionamiento del Sitio Web; y<\/li>\n<li>Los da\u00f1os o perjuicios que cause, a s\u00ed mismo o a un tercero, cualquier persona que infringiera las condiciones, normas e instrucciones establecidas por <strong>MAILERFIND<\/strong> en el Sitio Web o mediante vulneraci\u00f3n de los sistemas de seguridad.<\/li>\n<\/ol>\n<\/li>\n<li><strong>POL\u00cdTICA DE ENLACES<\/strong>\n<p style=\"text-align: justify;\"><strong>MAILERFIND<\/strong> no autoriza la publicaci\u00f3n de ning\u00fan enlace que redirija al Sitio Web en otros sitios web que contengan materiales, informaci\u00f3n o contenidos ilegales, il\u00edcitos, degradantes, obscenos, contrarios a la ley, a la moral, al orden p\u00fablico o a las normas sociales generalmente aceptadas. <strong>MAILERFIND<\/strong> no tiene facultad ni medios t\u00e9cnicos, ni recursos humanos, para conocer, controlar ni aprobar toda la informaci\u00f3n, contenidos, productos o servicios facilitados por otros sitios web que tengan publicados enlaces que redirijan al Sitio Web. En consecuencia, <strong>MAILERFIND<\/strong> no asumir\u00e1 ning\u00fan tipo de responsabilidad por cualquier aspecto relacionado con los sitios web que publiquen dicho enlace web.<\/p>\n<p style=\"text-align: justify;\">En todo caso, <strong>MAILERFIND<\/strong> se reserva el derecho a prohibir los enlaces que redirijan al Sitio Web y solicitar su retirada cuando no cumplan las condiciones estipuladas en este apartado.<\/p>\n<\/li>\n<li><strong>SERVICIO DE ATENCI\u00d3N AL USUARIO<\/strong>\n<p style=\"text-align: justify;\">Tienes a tu disposici\u00f3n el servicio de atenci\u00f3n al usuario, a trav\u00e9s del cual <strong>MAILERFIND<\/strong> atender\u00e1 las consultas, quejas y sugerencias planteadas por ti. Puedes acceder al servicio de atenci\u00f3n al cliente a trav\u00e9s del siguiente correo electr\u00f3nico de contacto:<\/p>\n<ul style=\"text-align: justify;\">\n<li><strong>Correo electr\u00f3nico:<\/strong> <a href=\"mailto:legal@mailerfind.com\">legal@mailerfind.com<\/a><\/li>\n<\/ul>\n<p style=\"text-align: justify;\">Responderemos a tus quejas o consultas a la mayor brevedad posible y, en todo caso, en el plazo m\u00e1ximo de un (1) mes.<\/p>\n<\/li>\n<li><strong>CONFIDENCIALIDAD, PROTECCI\u00d3N DE DATOS Y COOKIES<\/strong>\n<p style=\"text-align: justify;\">De conformidad con lo establecido en el RGPD, LOPDGDD y la LSSICE, todos los datos personales facilitados durante el uso y acceso al Sitio Web ser\u00e1n tratados de conformidad con lo establecido en nuestra <strong>Pol\u00edtica de Privacidad<\/strong> y la <strong>Pol\u00edtica de Cookies<\/strong>, que deber\u00e1s leer y, en su caso, aceptar.<\/p>\n<\/li>\n<li><strong>CL\u00c1USULA DE SALVAGUARDIA<\/strong>\n<p style=\"text-align: justify;\">Todas las cl\u00e1usulas del presente Aviso Legal deber\u00e1n interpretarse de forma independiente, no vi\u00e9ndose afectadas el resto de las cl\u00e1usulas en el caso de que una de ellas haya sido declarada nula por sentencia judicial o resoluci\u00f3n arbitral firme. La cl\u00e1usula o cl\u00e1usulas afectadas ser\u00e1n sustituidas por otra u otras que conserven los efectos perseguidos por el presente Aviso Legal.<\/p>\n<\/li>\n<li><strong>INDEMNIDAD<\/strong>\n<p style=\"text-align: justify;\">Por la presente, en la medida en que lo permita la ley, aceptas defendernos, indemnizarnos y eximirnos de responsabilidad y mantenernos indemnes, incluidos nuestros respectivos directores, consejeros, empleados, socios, representantes, sucesores y cesionarios, de cualquier p\u00e9rdida, responsabilidad, reclamo o demanda, incluidos los honorarios razonables de abogados y otros costos legales, presentados por terceros como resultado de tu uso del Sitio Web.<\/p>\n<\/li>\n<li><strong>LEY APLICABLE Y JURISDICCI\u00d3N<\/strong>\n<p style=\"text-align: justify;\">La normativa aplicable determinar\u00e1 las leyes que deban regir y el fuero que deba ser competente para las relaciones entre <strong>MAILERFIND<\/strong> y sus usuarios. No obstante, siempre que dicha normativa prevea la posibilidad a las partes de someterse a un fuero determinado, para cualquier cuesti\u00f3n litigiosa derivada o relacionada con este Sitio Web, ser\u00e1 de aplicaci\u00f3n la legislaci\u00f3n espa\u00f1ola vigente en el momento de la controversia. Asimismo, con toda la extensi\u00f3n permitida por el ordenamiento jur\u00eddico, <strong>MAILERFIND<\/strong> y sus usuarios, con renuncia expresa a cualquier otro fuero que pudiera corresponderles, se someten a los Juzgados y Tribunales de la ciudad de Barcelona.<\/p>\n<\/li>\n<li><strong>OTROS TEXTOS LEGALES<\/strong>\n<p style=\"text-align: justify;\">Este Aviso Legal se complementa con la <a href=\"https:\/\/mailerfind.com\/es\/politica-de-privacidad\"><strong>Pol\u00edtica de Privacidad<\/strong><\/a> y la <a href=\"https:\/\/mailerfind.com\/es\/politica-de-cookies\"><strong>Pol\u00edtica de Cookies<\/strong><\/a>. Todo lo anterior se entiende sin perjuicio de cualquier otra normativa o texto legal que sea necesario a\u00f1adir, complementar o tener en cuenta en cumplimiento de lo dispuesto en la legislaci\u00f3n vigente en cada momento.<\/p>\n<\/li>\n<\/ol>\n<p style=\"text-align: justify;\"><strong>MAILERFIND, S.L. 2025. Todos los derechos reservados.<\/strong><\/p>\n<p>&nbsp;<\/p>\n<p>[\/et_pb_text][\/et_pb_column][\/et_pb_row][\/et_pb_section]<\/p>\n","protected":false},"excerpt":{"rendered":"<p>Aviso Legal \u00daltima actualizaci\u00f3n: septiembre de 2025 OBJETO MAILERFIND, S.L. (en adelante, \u00abMAILERFIND\u00bb, \u00abnosotros\u00bb, \u00abnuestro\/s\u00bb, \u00abnuestra\/s\u00bb, \u00abnos\u00bb), desea ofrecerte como usuario (en adelante, el \u00abUsuario\u00bb, \u00abt\u00fa\u00bb, \u00aba ti\u00bb y \u00abtuyo\/a\u00bb) una experiencia y servicio seguro en nuestro entorno web ubicado en la direcci\u00f3n https:\/\/mailerfind.com (en adelante, el \u00abSitio web\u00bb). Por ello, hemos implementado el presente [&hellip;]<\/p>\n","protected":false},"author":1,"featured_media":0,"parent":0,"menu_order":0,"comment_status":"closed","ping_status":"closed","template":"","meta":{"_acf_changed":false,"_et_pb_use_builder":"on","_et_pb_old_content":"","_et_gb_content_width":"","inline_featured_image":false,"footnotes":""},"class_list":["post-12186","page","type-page","status-publish","hentry"],"acf":[],"yoast_head":"<!-- This site is optimized with the Yoast SEO plugin v27.2 - https:\/\/yoast.com\/product\/yoast-seo-wordpress\/ -->\n<title>Aviso Legal - Mailerfind<\/title>\n<meta name=\"robots\" content=\"index, follow, max-snippet:-1, max-image-preview:large, max-video-preview:-1\" \/>\n<link rel=\"canonical\" href=\"https:\/\/mailerfind.com\/es\/aviso-legal\/\" \/>\n<meta property=\"og:locale\" content=\"es_ES\" \/>\n<meta property=\"og:type\" content=\"article\" \/>\n<meta property=\"og:title\" content=\"Aviso Legal - Mailerfind\" \/>\n<meta property=\"og:description\" content=\"Aviso Legal \u00daltima actualizaci\u00f3n: septiembre de 2025 OBJETO MAILERFIND, S.L. (en adelante, &quot;MAILERFIND&quot;, &quot;nosotros&quot;, &quot;nuestro\/s&quot;, &quot;nuestra\/s&quot;, &quot;nos&quot;), desea ofrecerte como usuario (en adelante, el &quot;Usuario&quot;, &quot;t\u00fa&quot;, &quot;a ti&quot; y &quot;tuyo\/a&quot;) una experiencia y servicio seguro en nuestro entorno web ubicado en la direcci\u00f3n https:\/\/mailerfind.com (en adelante, el &quot;Sitio web&quot;). Por ello, hemos implementado el presente [&hellip;]\" \/>\n<meta property=\"og:url\" content=\"https:\/\/mailerfind.com\/es\/aviso-legal\/\" \/>\n<meta property=\"og:site_name\" content=\"Mailerfind\" \/>\n<meta property=\"article:publisher\" content=\"https:\/\/www.facebook.com\/people\/MailerFind\/100087419372784\/\" \/>\n<meta property=\"article:modified_time\" content=\"2025-12-24T12:37:21+00:00\" \/>\n<meta property=\"og:image\" content=\"https:\/\/mailerfind.com\/wp-content\/uploads\/mailerfind_banner.jpg\" \/>\n\t<meta property=\"og:image:width\" content=\"1920\" \/>\n\t<meta property=\"og:image:height\" content=\"1080\" \/>\n\t<meta property=\"og:image:type\" content=\"image\/jpeg\" \/>\n<meta name=\"twitter:card\" content=\"summary_large_image\" \/>\n<meta name=\"twitter:label1\" content=\"Tiempo de lectura\" \/>\n\t<meta name=\"twitter:data1\" content=\"9 minutos\" \/>\n<script type=\"application\/ld+json\" class=\"yoast-schema-graph\">{\"@context\":\"https:\/\/schema.org\",\"@graph\":[{\"@type\":\"WebPage\",\"@id\":\"https:\/\/mailerfind.com\/es\/aviso-legal\/\",\"url\":\"https:\/\/mailerfind.com\/es\/aviso-legal\/\",\"name\":\"Aviso Legal - Mailerfind\",\"isPartOf\":{\"@id\":\"https:\/\/mailerfind.com\/es\/#website\"},\"datePublished\":\"2025-09-04T10:38:52+00:00\",\"dateModified\":\"2025-12-24T12:37:21+00:00\",\"breadcrumb\":{\"@id\":\"https:\/\/mailerfind.com\/es\/aviso-legal\/#breadcrumb\"},\"inLanguage\":\"es\",\"potentialAction\":[{\"@type\":\"ReadAction\",\"target\":[\"https:\/\/mailerfind.com\/es\/aviso-legal\/\"]}]},{\"@type\":\"BreadcrumbList\",\"@id\":\"https:\/\/mailerfind.com\/es\/aviso-legal\/#breadcrumb\",\"itemListElement\":[{\"@type\":\"ListItem\",\"position\":1,\"name\":\"Home\",\"item\":\"https:\/\/mailerfind.com\/es\/\"},{\"@type\":\"ListItem\",\"position\":2,\"name\":\"Aviso Legal\"}]},{\"@type\":\"WebSite\",\"@id\":\"https:\/\/mailerfind.com\/es\/#website\",\"url\":\"https:\/\/mailerfind.com\/es\/\",\"name\":\"Mailerfind\",\"description\":\"Get hundreds to even thousands of emails, phone numbers &amp; details daily, ethically for free of any Instagram pages followers\",\"publisher\":{\"@id\":\"https:\/\/mailerfind.com\/es\/#organization\"},\"potentialAction\":[{\"@type\":\"SearchAction\",\"target\":{\"@type\":\"EntryPoint\",\"urlTemplate\":\"https:\/\/mailerfind.com\/es\/?s={search_term_string}\"},\"query-input\":{\"@type\":\"PropertyValueSpecification\",\"valueRequired\":true,\"valueName\":\"search_term_string\"}}],\"inLanguage\":\"es\"},{\"@type\":\"Organization\",\"@id\":\"https:\/\/mailerfind.com\/es\/#organization\",\"name\":\"Mailerfind\",\"url\":\"https:\/\/mailerfind.com\/es\/\",\"logo\":{\"@type\":\"ImageObject\",\"inLanguage\":\"es\",\"@id\":\"https:\/\/mailerfind.com\/es\/#\/schema\/logo\/image\/\",\"url\":\"https:\/\/mailerfind.com\/wp-content\/uploads\/appicon.png\",\"contentUrl\":\"https:\/\/mailerfind.com\/wp-content\/uploads\/appicon.png\",\"width\":500,\"height\":500,\"caption\":\"Mailerfind\"},\"image\":{\"@id\":\"https:\/\/mailerfind.com\/es\/#\/schema\/logo\/image\/\"},\"sameAs\":[\"https:\/\/www.facebook.com\/people\/MailerFind\/100087419372784\/\"]}]}<\/script>\n<!-- \/ Yoast SEO plugin. -->","yoast_head_json":{"title":"Aviso Legal - Mailerfind","robots":{"index":"index","follow":"follow","max-snippet":"max-snippet:-1","max-image-preview":"max-image-preview:large","max-video-preview":"max-video-preview:-1"},"canonical":"https:\/\/mailerfind.com\/es\/aviso-legal\/","og_locale":"es_ES","og_type":"article","og_title":"Aviso Legal - Mailerfind","og_description":"Aviso Legal \u00daltima actualizaci\u00f3n: septiembre de 2025 OBJETO MAILERFIND, S.L. (en adelante, \"MAILERFIND\", \"nosotros\", \"nuestro\/s\", \"nuestra\/s\", \"nos\"), desea ofrecerte como usuario (en adelante, el \"Usuario\", \"t\u00fa\", \"a ti\" y \"tuyo\/a\") una experiencia y servicio seguro en nuestro entorno web ubicado en la direcci\u00f3n https:\/\/mailerfind.com (en adelante, el \"Sitio web\"). Por ello, hemos implementado el presente [&hellip;]","og_url":"https:\/\/mailerfind.com\/es\/aviso-legal\/","og_site_name":"Mailerfind","article_publisher":"https:\/\/www.facebook.com\/people\/MailerFind\/100087419372784\/","article_modified_time":"2025-12-24T12:37:21+00:00","og_image":[{"width":1920,"height":1080,"url":"https:\/\/mailerfind.com\/wp-content\/uploads\/mailerfind_banner.jpg","type":"image\/jpeg"}],"twitter_card":"summary_large_image","twitter_misc":{"Tiempo de lectura":"9 minutos"},"schema":{"@context":"https:\/\/schema.org","@graph":[{"@type":"WebPage","@id":"https:\/\/mailerfind.com\/es\/aviso-legal\/","url":"https:\/\/mailerfind.com\/es\/aviso-legal\/","name":"Aviso Legal - Mailerfind","isPartOf":{"@id":"https:\/\/mailerfind.com\/es\/#website"},"datePublished":"2025-09-04T10:38:52+00:00","dateModified":"2025-12-24T12:37:21+00:00","breadcrumb":{"@id":"https:\/\/mailerfind.com\/es\/aviso-legal\/#breadcrumb"},"inLanguage":"es","potentialAction":[{"@type":"ReadAction","target":["https:\/\/mailerfind.com\/es\/aviso-legal\/"]}]},{"@type":"BreadcrumbList","@id":"https:\/\/mailerfind.com\/es\/aviso-legal\/#breadcrumb","itemListElement":[{"@type":"ListItem","position":1,"name":"Home","item":"https:\/\/mailerfind.com\/es\/"},{"@type":"ListItem","position":2,"name":"Aviso Legal"}]},{"@type":"WebSite","@id":"https:\/\/mailerfind.com\/es\/#website","url":"https:\/\/mailerfind.com\/es\/","name":"Mailerfind","description":"Get hundreds to even thousands of emails, phone numbers &amp; details daily, ethically for free of any Instagram pages followers","publisher":{"@id":"https:\/\/mailerfind.com\/es\/#organization"},"potentialAction":[{"@type":"SearchAction","target":{"@type":"EntryPoint","urlTemplate":"https:\/\/mailerfind.com\/es\/?s={search_term_string}"},"query-input":{"@type":"PropertyValueSpecification","valueRequired":true,"valueName":"search_term_string"}}],"inLanguage":"es"},{"@type":"Organization","@id":"https:\/\/mailerfind.com\/es\/#organization","name":"Mailerfind","url":"https:\/\/mailerfind.com\/es\/","logo":{"@type":"ImageObject","inLanguage":"es","@id":"https:\/\/mailerfind.com\/es\/#\/schema\/logo\/image\/","url":"https:\/\/mailerfind.com\/wp-content\/uploads\/appicon.png","contentUrl":"https:\/\/mailerfind.com\/wp-content\/uploads\/appicon.png","width":500,"height":500,"caption":"Mailerfind"},"image":{"@id":"https:\/\/mailerfind.com\/es\/#\/schema\/logo\/image\/"},"sameAs":["https:\/\/www.facebook.com\/people\/MailerFind\/100087419372784\/"]}]}},"_links":{"self":[{"href":"https:\/\/mailerfind.com\/es\/wp-json\/wp\/v2\/pages\/12186","targetHints":{"allow":["GET"]}}],"collection":[{"href":"https:\/\/mailerfind.com\/es\/wp-json\/wp\/v2\/pages"}],"about":[{"href":"https:\/\/mailerfind.com\/es\/wp-json\/wp\/v2\/types\/page"}],"author":[{"embeddable":true,"href":"https:\/\/mailerfind.com\/es\/wp-json\/wp\/v2\/users\/1"}],"replies":[{"embeddable":true,"href":"https:\/\/mailerfind.com\/es\/wp-json\/wp\/v2\/comments?post=12186"}],"version-history":[{"count":4,"href":"https:\/\/mailerfind.com\/es\/wp-json\/wp\/v2\/pages\/12186\/revisions"}],"predecessor-version":[{"id":12786,"href":"https:\/\/mailerfind.com\/es\/wp-json\/wp\/v2\/pages\/12186\/revisions\/12786"}],"wp:attachment":[{"href":"https:\/\/mailerfind.com\/es\/wp-json\/wp\/v2\/media?parent=12186"}],"curies":[{"name":"wp","href":"https:\/\/api.w.org\/{rel}","templated":true}]}}