{"id":12220,"date":"2025-09-04T13:37:36","date_gmt":"2025-09-04T11:37:36","guid":{"rendered":"https:\/\/mailerfind.com\/?page_id=12220"},"modified":"2025-09-29T18:16:11","modified_gmt":"2025-09-29T16:16:11","slug":"politica-de-cookies","status":"publish","type":"page","link":"https:\/\/mailerfind.com\/es\/politica-de-cookies\/","title":{"rendered":"Pol\u00edtica de Cookies"},"content":{"rendered":"<p>[et_pb_section fb_built=\u00bb1&#8243; _builder_version=\u00bb4.27.4&#8243; _module_preset=\u00bbdefault\u00bb global_colors_info=\u00bb{}\u00bb][et_pb_row _builder_version=\u00bb4.27.4&#8243; _module_preset=\u00bbdefault\u00bb width=\u00bb550px\u00bb global_colors_info=\u00bb{}\u00bb][et_pb_column type=\u00bb4_4&#8243; _builder_version=\u00bb4.27.4&#8243; _module_preset=\u00bbdefault\u00bb global_colors_info=\u00bb{}\u00bb][et_pb_text _builder_version=\u00bb4.27.4&#8243; _module_preset=\u00bbdefault\u00bb custom_css_free_form=\u00bbselector li:not(.policy-li){||  margin-top: 1em; \/* espacio extra debajo de cada item *\/||  margin-bottom: 1em;||}\u00bb global_colors_info=\u00bb{}\u00bb]<\/p>\n<h1 style=\"text-align: justify;\"><strong>Pol\u00edtica de Cookies<\/strong><\/h1>\n<p style=\"text-align: justify;\"><em><\/em><\/p>\n<p style=\"text-align: justify;\"><em>\u00daltima actualizaci\u00f3n: septiembre de 2025<\/em><\/p>\n<ol style=\"text-align: justify;\">\n<li><strong>OBJETO<\/strong>\n<p style=\"text-align: justify;\"><strong>MAILERFIND, S.L.<\/strong> (en adelante, \u00bb <strong>MAILERFIND<\/strong> \u00ab, \u00ab<strong>nosotros<\/strong>\u00ab, \u00ab<strong>nuestro\/s<\/strong>\u00ab, <strong>nuestra\/s<\/strong>\u00ab, \u201c<strong>nos<\/strong>\u201d), desea ofrecerte como usuario (en adelante, el \u00ab<strong>Usuario<\/strong>\u00ab, \u201c<strong>t\u00fa<\/strong>\u201d, \u201c<strong>a ti<\/strong>\u201d y \u201c<strong>tuyo\/a<\/strong>\u201d), una experiencia y servicio seguro en nuestro entorno web ubicado en la direcci\u00f3n <a href=\"https:\/\/mailerfind.com\/es\/\">https:\/\/mailerfind.com<\/a> (en adelante, el \u00ab<strong>Sitio web<\/strong>\u00ab).<\/p>\n<p style=\"text-align: justify;\">En consecuencia, hemos implementado esta Pol\u00edtica de Cookies, que cumple con las medidas de seguridad exigidas por la Ley Org\u00e1nica 3\/2018, de 5 de diciembre, de Protecci\u00f3n de Datos Personales y garant\u00eda de los derechos digitales (\u00ab<strong>LOPDGDD<\/strong>\u00ab), el REGLAMENTO EUROPEO DE PROTECCI\u00d3N DE DATOS PERSONALES 679\/2016, de 27 de abril, relativo a la protecci\u00f3n de las personas f\u00edsicas en lo que respecta al tratamiento de datos personales y a la libre circulaci\u00f3n de estos datos (\u00ab<strong>RGPD<\/strong>\u00ab), y la Ley 34\/2002, de 11 de julio, de servicios de la sociedad de la informaci\u00f3n y de comercio electr\u00f3nico (\u00ab<strong>LSSICE<\/strong>\u00ab). Todo ello con el objetivo de garantizar tu privacidad y ser transparente sobre el uso de tus datos.<\/p>\n<p style=\"text-align: justify;\">En l\u00ednea con lo anterior, con el fin de facilitar tu navegaci\u00f3n en el Sitio Web, te informamos que utilizamos cookies u otros dispositivos similares de almacenamiento y recuperaci\u00f3n de datos (en adelante, \u00ab<strong>Cookies<\/strong>\u00ab), y actuamos como responsables del tratamiento de sus datos de acuerdo con el RGPD y la LOPDGDD. En atenci\u00f3n a todo lo anterior, en esta Pol\u00edtica de Cookies, explicaremos: (i) qu\u00e9 son las cookies, (ii) qu\u00e9 tipos de cookies utilizamos en nuestro Sitio Web, y (iii) c\u00f3mo puedes configurarlas o deshabilitarlas. Por \u00faltimo, te recordamos que puedes ponerte en contacto con nosotros para cualquier duda que puedas tener utilizando los datos de contacto que se muestran en el siguiente punto.<\/p>\n<\/li>\n<li><strong>IDENTIFICACI\u00d3N<\/strong>\n<ul style=\"text-align: justify;\">\n<li class=\"policy-li\"><strong>Propietario:<\/strong> MAILERFIND, S.L.<\/li>\n<li class=\"policy-li\"><strong>Domicilio social:<\/strong> Passatge Arnaldeta de Caboet, n\u00famero 11, Edifici La Torre, 2n 1\u00aa (AD700), Escaldes-Engordany, Principat d\u2019Andorra.<\/li>\n<li class=\"policy-li\"><strong>NRT:<\/strong> L-720969-L<\/li>\n<li class=\"policy-li\"><strong>Datos registrales:<\/strong> Registre de Societats d\u2019Andorra, al Llibre S-497, Foli 301-310, n\u00famero de Registre 25.880<\/li>\n<li class=\"policy-li\"><strong>Correo electr\u00f3nico:<\/strong> <a href=\"mailto:privacy@mailerfind.com\">privacy@mailerfind.com<\/a><\/li>\n<\/ul>\n<\/li>\n<li><strong>\u00bfQU\u00c9 ES UNA COOKIE?<\/strong>\n<p style=\"text-align: justify;\">Una cookie es un archivo que se descarga en tu ordenador cuando accedes a determinadas p\u00e1ginas web. Las cookies permiten que una p\u00e1gina web almacene y recupere informaci\u00f3n sobre tus h\u00e1bitos de navegaci\u00f3n o los de tu dispositivo, y dependiendo de la informaci\u00f3n que contengan y de c\u00f3mo utilices tu dispositivo, pueden usarse para reconocerte.<\/p>\n<p style=\"text-align: justify;\">Las cookies juegan un papel fundamental en el funcionamiento de Internet, ya que proporcionan soluciones t\u00e9cnicas que permiten a los usuarios explorar diferentes sitios web. Es importante tener en cuenta que las cookies no causan ning\u00fan da\u00f1o al ordenador o dispositivo en el que se instalan. Adem\u00e1s, tambi\u00e9n se utilizan para identificar y resolver posibles fallos de funcionamiento en un sitio web. Tambi\u00e9n tienen aplicaciones en publicidad y an\u00e1lisis, entre otros usos.<\/p>\n<\/li>\n<li><strong>\u00bfQU\u00c9 TIPO DE COOKIES UTILIZAMOS EN NUESTRA WEB?<\/strong>\n<p style=\"text-align: justify;\">Desde <strong>MAILERFIND<\/strong> utilizamos tanto Cookies propias generadas directamente por nuestro dominio web, como Cookies de terceros generadas desde otros sitios web ajenos a <strong>MAILERFIND<\/strong>, pertenecientes a terceras empresas, y todo ello con las finalidades espec\u00edficas que se exponen a continuaci\u00f3n:<\/p>\n<ol style=\"text-align: justify;\">\n<li><strong>Cookies t\u00e9cnicas<\/strong>\n<p style=\"text-align: justify;\">Las cookies t\u00e9cnicas son necesarias para permitir la navegaci\u00f3n y activar las funcionalidades de nuestro Sitio Web. Por ejemplo, estas Cookies realizan funciones vitales como controlar el tr\u00e1fico y la comunicaci\u00f3n de datos, identificar la sesi\u00f3n del Usuario, permitir el acceso a \u00e1reas restringidas, garantizar la seguridad del servicio contra fraudes, entre otras. No requerimos tu consentimiento para instalar estas cookies en tu dispositivo por su car\u00e1cter estrictamente t\u00e9cnico y necesario para que el Sitio Web funcione. Sin embargo, si deshabilitas o bloqueas todas las cookies en tu navegador, es posible que tu experiencia de navegaci\u00f3n no sea \u00f3ptima y que algunos servicios no funcionen correctamente.<\/p>\n<\/li>\n<li><strong>Cookies de personalizaci\u00f3n<\/strong>\n<p style=\"text-align: justify;\">Las cookies de personalizaci\u00f3n nos permiten guardar informaci\u00f3n para proporcionarte un servicio con caracter\u00edsticas especiales que pueden mejorar tu experiencia en comparaci\u00f3n con otros usuarios. Por ejemplo, estas cookies pueden identificar cu\u00e1ntos resultados deseas ver en una b\u00fasqueda o ajustar la apariencia y el contenido del servicio en funci\u00f3n del navegador que est\u00e9s utilizando o de la regi\u00f3n desde la que accedas al servicio. Si seleccionas estas caracter\u00edsticas personalizadas, las Cookies se considerar\u00e1n un servicio que has solicitado espec\u00edficamente.<\/p>\n<\/li>\n<li><strong>Cookies anal\u00edticas<\/strong>\n<p style=\"text-align: justify;\">Las Cookies anal\u00edticas recopilan informaci\u00f3n sobre tu visita a nuestro Sitio Web para obtener estad\u00edsticas e informes que nos permitan mejorar nuestro rendimiento y recopilar informaci\u00f3n relevante sin identificarle personalmente, manteniendo la informaci\u00f3n agregada y an\u00f3nima. Por ejemplo, estas Cookies pueden detectar las p\u00e1ginas que visita con m\u00e1s frecuencia, as\u00ed como averiguar si experimentas errores en las p\u00e1ginas, o en las secciones de la p\u00e1gina en las que accedes, o en los botones en los que haces clic, entre otros. Estas Cookies solo se instalar\u00e1n en tu dispositivo si acepta expresamente su uso o si la ley permite su instalaci\u00f3n por excepci\u00f3n.<\/p>\n<\/li>\n<\/ol>\n<p style=\"text-align: justify;\">En este sentido, todas las Cookies utilizadas por el Sitio Web se almacenar\u00e1n en tu dispositivo durante el tiempo necesario para cumplir con la finalidad para la que fueron instaladas, y como m\u00e1ximo, durante 2 a\u00f1os, salvo que decidas eliminarlas a trav\u00e9s de las opciones de configuraci\u00f3n de tu navegador, tal y como se indica en el siguiente apartado de esta Pol\u00edtica de Cookies.<\/p>\n<p style=\"text-align: justify;\">Algunos de los datos personales recopilados mediante el uso de cookies de terceros pueden transferirse a otros pa\u00edses. En estos casos, te aseguramos que se tomar\u00e1n las medidas necesarias para salvaguardar la privacidad, integridad y disponibilidad de dichos datos, conforme a los est\u00e1ndares fijados en el RGPD, aplicando para ello las decisiones de adecuaci\u00f3n emitidas por la Comisi\u00f3n Europea o, en su defecto, mediante la suscripci\u00f3n de las correspondientes Cl\u00e1usulas Contractuales Tipo o garant\u00edas adecuadas que aseguren un nivel de protecci\u00f3n equivalente. Si deseas obtener m\u00e1s informaci\u00f3n sobre las transferencias internacionales realizadas por cada proveedor externo, puedes consultar sus pol\u00edticas de privacidad en el apartado correspondiente mencionado en este apartado.<\/p>\n<p style=\"text-align: justify; margin: 0; padding: 0;\">Las Cookies que usamos son:<\/p>\n<div class=\"cky-audit-table-element\"><\/div>\n<p>&nbsp;<\/p>\n<\/li>\n<li><strong>\u00bfC\u00d3MO CONFIGURAR LAS COOKIES?<\/strong>\n<p style=\"text-align: justify;\">Puedes aceptar o rechazar las Cookies en cualquier momento accediendo de nuevo a nuestro panel de preferencias que aparece cuando accedes por primera vez al Sitio Web. Tambi\u00e9n tendr\u00e1s la opci\u00f3n de acceder a ella aqu\u00ed:<\/p>\n<p style=\"text-align: justify;\"><a href=\"#\" class=\"cky-banner-element\">Configuraci\u00f3n de Cookies<\/a><\/p>\n<p style=\"text-align: justify;\">Tambi\u00e9n puedes bloquear o eliminar las Cookies a trav\u00e9s de las herramientas de configuraci\u00f3n del navegador, o puede configurar su navegador para que le avise cuando un servidor quiera almacenar Cookies:<\/p>\n<ol style=\"text-align: justify;\">\n<li>Si utiliza Microsoft Edge (que ha reemplazado a Internet Explorer), encontrar\u00e1 la opci\u00f3n haciendo clic en el bot\u00f3n de men\u00fa (tres puntos horizontales) &gt; Configuraci\u00f3n &gt; Cookies y permisos del sitio &gt; Administrar y eliminar cookies y datos del sitio.<\/li>\n<li>Si utiliza Firefox, encontrar\u00e1 la opci\u00f3n haciendo clic en el bot\u00f3n de men\u00fa (tres l\u00edneas horizontales) &gt; Configuraci\u00f3n &gt; Privacidad y seguridad &gt; Cookies y Datos del sitio.<\/li>\n<li>Si utiliza Chrome, en el bot\u00f3n de men\u00fa (tres puntos verticales) &gt; Configuraci\u00f3n &gt; Privacidad y seguridad &gt; Cookies y otros datos del sitio.<\/li>\n<li>Si utiliza Opera, puede configurar el navegador yendo al bot\u00f3n de men\u00fa (icono O en la parte superior izquierda) &gt; Configuraci\u00f3n &gt; Privacidad y seguridad &gt; Cookies y otros datos del sitio.<\/li>\n<li>Si utiliza Safari, encontrar\u00e1 la opci\u00f3n en el men\u00fa Preferencias (Safari &gt; Preferencias en macOS) en la pesta\u00f1a Privacidad.<\/li>\n<\/ol>\n<\/li>\n<li><strong>OTROS<\/strong>\n<p style=\"text-align: justify;\">Cabe destacar que <strong>MAILERFIND<\/strong> se reserva el derecho a modificar su Pol\u00edtica de Cookies en cualquier momento que considere oportuno, en cuyo caso se comunicar\u00e1 a los Usuarios. Por este motivo, rogamos que consultes peri\u00f3dicamente esta Pol\u00edtica de Cookies para tener pleno conocimiento de las mismas y que aceptes, en su caso, las Cookies correspondientes. Al acceder y utilizar nuestro Sitio Web, como Usuario, declaras haber sido informado de las condiciones relativas al uso de nuestras Cookies, sin perjuicio de que la instalaci\u00f3n de determinadas Cookies pueda requerir tu consentimiento expreso a trav\u00e9s del mencionado panel de configuraci\u00f3n de Cookies.<\/p>\n<p style=\"text-align: justify;\">Esta Pol\u00edtica de Cookies se complementa con la <a href=\"https:\/\/mailerfind.com\/es\/politica-de-privacidad\"><strong>Pol\u00edtica de Privacidad<\/strong><\/a> y el <a href=\"https:\/\/mailerfind.com\/es\/aviso-legal\"><strong>Aviso Legal<\/strong><\/a>. Todo ello sin perjuicio de cualquier otra normativa o texto legal que deba ser introducido, completado o tenido en cuenta en cumplimiento de lo dispuesto en la legislaci\u00f3n vigente en cada momento.<\/p>\n<\/li>\n<li><strong>CONSENTIMIENTO<\/strong>\n<p style=\"text-align: justify;\">Cuando accedes por primera vez a nuestro sitio web, te mostramos una ventana emergente con informaci\u00f3n sobre el uso de cookies. Al hacer clic en \u00abGuardar preferencias\u00bb, consientes el uso de las categor\u00edas de cookies que hayas seleccionado, de acuerdo con lo establecido en la presente Pol\u00edtica de Cookies. Puedes modificar tus preferencias en cualquier momento o desactivar el uso de cookies desde la configuraci\u00f3n de tu navegador. No obstante, ten en cuenta que ciertas funcionalidades del sitio web podr\u00edan no funcionar correctamente si desactivas algunas cookies.<\/p>\n<\/li>\n<li><strong>ACTIVACI\u00d3N\/DESACTIVACI\u00d3N Y BORRADO DE COOKIES<\/strong>\n<p style=\"text-align: justify;\">Puedes utilizar tu navegador de Internet para eliminar las cookies de forma autom\u00e1tica o manual. Tambi\u00e9n puedes especificar que ciertas cookies no pueden ser colocadas; <em>en tal caso, algunas funcionalidades de la p\u00e1gina web podr\u00edan verse limitadas o no estar disponibles<\/em>. Otra opci\u00f3n es cambiar los ajustes de tu navegador de Internet para que recibas un mensaje cada vez que se coloca una cookie. Para obtener m\u00e1s informaci\u00f3n sobre estas opciones, consulta las instrucciones de la secci\u00f3n \u00abAyuda\u00bb de tu navegador.<\/p>\n<p style=\"text-align: justify;\">Ten en cuenta que nuestra web puede no funcionar correctamente si todas las cookies est\u00e1n desactivadas. Si borras las cookies de tu navegador, se volver\u00e1n a colocar despu\u00e9s de tu consentimiento cuando vuelvas a visitar nuestras webs.<\/p>\n<p style=\"text-align: justify;\"><strong>MAILERFIND, S.L., 2025. Todos los derechos reservados.<\/strong><\/p>\n<\/li>\n<\/ol>\n<p>[\/et_pb_text][\/et_pb_column][\/et_pb_row][\/et_pb_section]<\/p>\n","protected":false},"excerpt":{"rendered":"<p>Pol\u00edtica de Cookies \u00daltima actualizaci\u00f3n: septiembre de 2025 OBJETO MAILERFIND, S.L. (en adelante, \u00bb MAILERFIND \u00ab, \u00abnosotros\u00bb, \u00abnuestro\/s\u00bb, nuestra\/s\u00bb, \u201cnos\u201d), desea ofrecerte como usuario (en adelante, el \u00abUsuario\u00bb, \u201ct\u00fa\u201d, \u201ca ti\u201d y \u201ctuyo\/a\u201d), una experiencia y servicio seguro en nuestro entorno web ubicado en la direcci\u00f3n https:\/\/mailerfind.com (en adelante, el \u00abSitio web\u00bb). En consecuencia, hemos [&hellip;]<\/p>\n","protected":false},"author":1,"featured_media":0,"parent":0,"menu_order":0,"comment_status":"closed","ping_status":"closed","template":"","meta":{"_acf_changed":false,"_et_pb_use_builder":"on","_et_pb_old_content":"","_et_gb_content_width":"","inline_featured_image":false,"footnotes":""},"class_list":["post-12220","page","type-page","status-publish","hentry"],"acf":[],"yoast_head":"<!-- This site is optimized with the Yoast SEO plugin v27.2 - https:\/\/yoast.com\/product\/yoast-seo-wordpress\/ -->\n<title>Pol\u00edtica de Cookies - Mailerfind<\/title>\n<meta name=\"robots\" content=\"index, follow, max-snippet:-1, max-image-preview:large, max-video-preview:-1\" \/>\n<link rel=\"canonical\" href=\"https:\/\/mailerfind.com\/es\/politica-de-cookies\/\" \/>\n<meta property=\"og:locale\" content=\"es_ES\" \/>\n<meta property=\"og:type\" content=\"article\" \/>\n<meta property=\"og:title\" content=\"Pol\u00edtica de Cookies - Mailerfind\" \/>\n<meta property=\"og:description\" content=\"Pol\u00edtica de Cookies \u00daltima actualizaci\u00f3n: septiembre de 2025 OBJETO MAILERFIND, S.L. (en adelante, &quot; MAILERFIND &quot;, &quot;nosotros&quot;, &quot;nuestro\/s&quot;, nuestra\/s&quot;, \u201cnos\u201d), desea ofrecerte como usuario (en adelante, el &quot;Usuario&quot;, \u201ct\u00fa\u201d, \u201ca ti\u201d y \u201ctuyo\/a\u201d), una experiencia y servicio seguro en nuestro entorno web ubicado en la direcci\u00f3n https:\/\/mailerfind.com (en adelante, el &quot;Sitio web&quot;). En consecuencia, hemos [&hellip;]\" \/>\n<meta property=\"og:url\" content=\"https:\/\/mailerfind.com\/es\/politica-de-cookies\/\" \/>\n<meta property=\"og:site_name\" content=\"Mailerfind\" \/>\n<meta property=\"article:publisher\" content=\"https:\/\/www.facebook.com\/people\/MailerFind\/100087419372784\/\" \/>\n<meta property=\"article:modified_time\" content=\"2025-09-29T16:16:11+00:00\" \/>\n<meta property=\"og:image\" content=\"https:\/\/mailerfind.com\/wp-content\/uploads\/mailerfind_banner.jpg\" \/>\n\t<meta property=\"og:image:width\" content=\"1920\" \/>\n\t<meta property=\"og:image:height\" content=\"1080\" \/>\n\t<meta property=\"og:image:type\" content=\"image\/jpeg\" \/>\n<meta name=\"twitter:card\" content=\"summary_large_image\" \/>\n<meta name=\"twitter:label1\" content=\"Tiempo de lectura\" \/>\n\t<meta name=\"twitter:data1\" content=\"8 minutos\" \/>\n<script type=\"application\/ld+json\" class=\"yoast-schema-graph\">{\"@context\":\"https:\/\/schema.org\",\"@graph\":[{\"@type\":\"WebPage\",\"@id\":\"https:\/\/mailerfind.com\/es\/politica-de-cookies\/\",\"url\":\"https:\/\/mailerfind.com\/es\/politica-de-cookies\/\",\"name\":\"Pol\u00edtica de Cookies - Mailerfind\",\"isPartOf\":{\"@id\":\"https:\/\/mailerfind.com\/es\/#website\"},\"datePublished\":\"2025-09-04T11:37:36+00:00\",\"dateModified\":\"2025-09-29T16:16:11+00:00\",\"breadcrumb\":{\"@id\":\"https:\/\/mailerfind.com\/es\/politica-de-cookies\/#breadcrumb\"},\"inLanguage\":\"es\",\"potentialAction\":[{\"@type\":\"ReadAction\",\"target\":[\"https:\/\/mailerfind.com\/es\/politica-de-cookies\/\"]}]},{\"@type\":\"BreadcrumbList\",\"@id\":\"https:\/\/mailerfind.com\/es\/politica-de-cookies\/#breadcrumb\",\"itemListElement\":[{\"@type\":\"ListItem\",\"position\":1,\"name\":\"Home\",\"item\":\"https:\/\/mailerfind.com\/es\/\"},{\"@type\":\"ListItem\",\"position\":2,\"name\":\"Pol\u00edtica de Cookies\"}]},{\"@type\":\"WebSite\",\"@id\":\"https:\/\/mailerfind.com\/es\/#website\",\"url\":\"https:\/\/mailerfind.com\/es\/\",\"name\":\"Mailerfind\",\"description\":\"Get hundreds to even thousands of emails, phone numbers &amp; details daily, ethically for free of any Instagram pages followers\",\"publisher\":{\"@id\":\"https:\/\/mailerfind.com\/es\/#organization\"},\"potentialAction\":[{\"@type\":\"SearchAction\",\"target\":{\"@type\":\"EntryPoint\",\"urlTemplate\":\"https:\/\/mailerfind.com\/es\/?s={search_term_string}\"},\"query-input\":{\"@type\":\"PropertyValueSpecification\",\"valueRequired\":true,\"valueName\":\"search_term_string\"}}],\"inLanguage\":\"es\"},{\"@type\":\"Organization\",\"@id\":\"https:\/\/mailerfind.com\/es\/#organization\",\"name\":\"Mailerfind\",\"url\":\"https:\/\/mailerfind.com\/es\/\",\"logo\":{\"@type\":\"ImageObject\",\"inLanguage\":\"es\",\"@id\":\"https:\/\/mailerfind.com\/es\/#\/schema\/logo\/image\/\",\"url\":\"https:\/\/mailerfind.com\/wp-content\/uploads\/appicon.png\",\"contentUrl\":\"https:\/\/mailerfind.com\/wp-content\/uploads\/appicon.png\",\"width\":500,\"height\":500,\"caption\":\"Mailerfind\"},\"image\":{\"@id\":\"https:\/\/mailerfind.com\/es\/#\/schema\/logo\/image\/\"},\"sameAs\":[\"https:\/\/www.facebook.com\/people\/MailerFind\/100087419372784\/\"]}]}<\/script>\n<!-- \/ Yoast SEO plugin. -->","yoast_head_json":{"title":"Pol\u00edtica de Cookies - Mailerfind","robots":{"index":"index","follow":"follow","max-snippet":"max-snippet:-1","max-image-preview":"max-image-preview:large","max-video-preview":"max-video-preview:-1"},"canonical":"https:\/\/mailerfind.com\/es\/politica-de-cookies\/","og_locale":"es_ES","og_type":"article","og_title":"Pol\u00edtica de Cookies - Mailerfind","og_description":"Pol\u00edtica de Cookies \u00daltima actualizaci\u00f3n: septiembre de 2025 OBJETO MAILERFIND, S.L. (en adelante, \" MAILERFIND \", \"nosotros\", \"nuestro\/s\", nuestra\/s\", \u201cnos\u201d), desea ofrecerte como usuario (en adelante, el \"Usuario\", \u201ct\u00fa\u201d, \u201ca ti\u201d y \u201ctuyo\/a\u201d), una experiencia y servicio seguro en nuestro entorno web ubicado en la direcci\u00f3n https:\/\/mailerfind.com (en adelante, el \"Sitio web\"). En consecuencia, hemos [&hellip;]","og_url":"https:\/\/mailerfind.com\/es\/politica-de-cookies\/","og_site_name":"Mailerfind","article_publisher":"https:\/\/www.facebook.com\/people\/MailerFind\/100087419372784\/","article_modified_time":"2025-09-29T16:16:11+00:00","og_image":[{"width":1920,"height":1080,"url":"https:\/\/mailerfind.com\/wp-content\/uploads\/mailerfind_banner.jpg","type":"image\/jpeg"}],"twitter_card":"summary_large_image","twitter_misc":{"Tiempo de lectura":"8 minutos"},"schema":{"@context":"https:\/\/schema.org","@graph":[{"@type":"WebPage","@id":"https:\/\/mailerfind.com\/es\/politica-de-cookies\/","url":"https:\/\/mailerfind.com\/es\/politica-de-cookies\/","name":"Pol\u00edtica de Cookies - Mailerfind","isPartOf":{"@id":"https:\/\/mailerfind.com\/es\/#website"},"datePublished":"2025-09-04T11:37:36+00:00","dateModified":"2025-09-29T16:16:11+00:00","breadcrumb":{"@id":"https:\/\/mailerfind.com\/es\/politica-de-cookies\/#breadcrumb"},"inLanguage":"es","potentialAction":[{"@type":"ReadAction","target":["https:\/\/mailerfind.com\/es\/politica-de-cookies\/"]}]},{"@type":"BreadcrumbList","@id":"https:\/\/mailerfind.com\/es\/politica-de-cookies\/#breadcrumb","itemListElement":[{"@type":"ListItem","position":1,"name":"Home","item":"https:\/\/mailerfind.com\/es\/"},{"@type":"ListItem","position":2,"name":"Pol\u00edtica de Cookies"}]},{"@type":"WebSite","@id":"https:\/\/mailerfind.com\/es\/#website","url":"https:\/\/mailerfind.com\/es\/","name":"Mailerfind","description":"Get hundreds to even thousands of emails, phone numbers &amp; details daily, ethically for free of any Instagram pages followers","publisher":{"@id":"https:\/\/mailerfind.com\/es\/#organization"},"potentialAction":[{"@type":"SearchAction","target":{"@type":"EntryPoint","urlTemplate":"https:\/\/mailerfind.com\/es\/?s={search_term_string}"},"query-input":{"@type":"PropertyValueSpecification","valueRequired":true,"valueName":"search_term_string"}}],"inLanguage":"es"},{"@type":"Organization","@id":"https:\/\/mailerfind.com\/es\/#organization","name":"Mailerfind","url":"https:\/\/mailerfind.com\/es\/","logo":{"@type":"ImageObject","inLanguage":"es","@id":"https:\/\/mailerfind.com\/es\/#\/schema\/logo\/image\/","url":"https:\/\/mailerfind.com\/wp-content\/uploads\/appicon.png","contentUrl":"https:\/\/mailerfind.com\/wp-content\/uploads\/appicon.png","width":500,"height":500,"caption":"Mailerfind"},"image":{"@id":"https:\/\/mailerfind.com\/es\/#\/schema\/logo\/image\/"},"sameAs":["https:\/\/www.facebook.com\/people\/MailerFind\/100087419372784\/"]}]}},"_links":{"self":[{"href":"https:\/\/mailerfind.com\/es\/wp-json\/wp\/v2\/pages\/12220","targetHints":{"allow":["GET"]}}],"collection":[{"href":"https:\/\/mailerfind.com\/es\/wp-json\/wp\/v2\/pages"}],"about":[{"href":"https:\/\/mailerfind.com\/es\/wp-json\/wp\/v2\/types\/page"}],"author":[{"embeddable":true,"href":"https:\/\/mailerfind.com\/es\/wp-json\/wp\/v2\/users\/1"}],"replies":[{"embeddable":true,"href":"https:\/\/mailerfind.com\/es\/wp-json\/wp\/v2\/comments?post=12220"}],"version-history":[{"count":0,"href":"https:\/\/mailerfind.com\/es\/wp-json\/wp\/v2\/pages\/12220\/revisions"}],"wp:attachment":[{"href":"https:\/\/mailerfind.com\/es\/wp-json\/wp\/v2\/media?parent=12220"}],"curies":[{"name":"wp","href":"https:\/\/api.w.org\/{rel}","templated":true}]}}