{"id":1630,"date":"2022-10-12T17:08:03","date_gmt":"2022-10-12T15:08:03","guid":{"rendered":"https:\/\/mailerfind.com\/?page_id=1630"},"modified":"2024-07-23T09:50:10","modified_gmt":"2024-07-23T07:50:10","slug":"presentacion-mailerfind","status":"publish","type":"page","link":"https:\/\/mailerfind.com\/es\/presentacion-mailerfind\/","title":{"rendered":"Presentaci\u00f3n Mailerfind"},"content":{"rendered":"\n[et_pb_section fb_built=\u00bb1&#8243; _builder_version=\u00bb4.18.0&#8243; _module_preset=\u00bbdefault\u00bb global_colors_info=\u00bb{}\u00bb][et_pb_row _builder_version=\u00bb4.18.0&#8243; _module_preset=\u00bbdefault\u00bb global_colors_info=\u00bb{}\u00bb][et_pb_column type=\u00bb4_4&#8243; _builder_version=\u00bb4.18.0&#8243; _module_preset=\u00bbdefault\u00bb global_colors_info=\u00bb{}\u00bb][et_pb_text _builder_version=\u00bb4.18.0&#8243; _module_preset=\u00bbdefault\u00bb header_font=\u00bbManrope|800|||||||\u00bb header_font_size=\u00bb40px\u00bb text_orientation=\u00bbcenter\u00bb custom_margin=\u00bb||||false|false\u00bb global_colors_info=\u00bb{}\u00bb]<h1>Introducci\u00f3n a Mailerfind<\/h1>[\/et_pb_text][et_pb_text _builder_version=\u00bb4.18.0&#8243; _module_preset=\u00bbdefault\u00bb text_font=\u00bbManrope||||||||\u00bb text_text_color=\u00bb#677788&#8243; text_font_size=\u00bb21px\u00bb text_line_height=\u00bb1.8em\u00bb text_orientation=\u00bbcenter\u00bb max_width=\u00bb500px\u00bb module_alignment=\u00bbcenter\u00bb global_colors_info=\u00bb{}\u00bb]<p>Aprende a c\u00f3mo atraer tr\u00e1fico a cualquier sitio web y diversas formas de hacer dinero usando MailerFind<\/p>[\/et_pb_text][et_pb_code _builder_version=\u00bb4.26.1&#8243; _module_preset=\u00bbdefault\u00bb hover_enabled=\u00bb0&#8243; sticky_enabled=\u00bb0&#8243;]<div style=\"position: relative; padding-bottom: 64.86486486486486%; height: 0;\"><iframe src=\"https:\/\/www.loom.com\/embed\/4dc13db97b5749a3a1401716a78838b3?sid=02271eca-441f-4e77-b754-a2c2eed22df6\" frameborder=\"0\" webkitallowfullscreen mozallowfullscreen allowfullscreen style=\"position: absolute; top: 0; left: 0; width: 100%; height: 100%;\"><\/iframe><\/div>[\/et_pb_code][\/et_pb_column][\/et_pb_row][\/et_pb_section]\n","protected":false},"excerpt":{"rendered":"<p>Introducci\u00f3n a MailerfindAprende a c\u00f3mo atraer tr\u00e1fico a cualquier sitio web y diversas formas de hacer dinero usando MailerFind<\/p>\n","protected":false},"author":1,"featured_media":0,"parent":0,"menu_order":0,"comment_status":"closed","ping_status":"closed","template":"","meta":{"_acf_changed":false,"_et_pb_use_builder":"on","_et_pb_old_content":"","_et_gb_content_width":"","inline_featured_image":false,"footnotes":""},"class_list":["post-1630","page","type-page","status-publish","hentry"],"acf":[],"yoast_head":"<!-- This site is optimized with the Yoast SEO plugin v27.2 - https:\/\/yoast.com\/product\/yoast-seo-wordpress\/ -->\n<title>Mailerfind - Presentaci\u00f3n<\/title>\n<meta name=\"robots\" content=\"noindex, nofollow\" \/>\n<meta property=\"og:locale\" content=\"es_ES\" \/>\n<meta property=\"og:type\" content=\"article\" \/>\n<meta property=\"og:title\" content=\"Mailerfind - Presentaci\u00f3n\" \/>\n<meta property=\"og:description\" content=\"Introducci\u00f3n a MailerfindAprende a c\u00f3mo atraer tr\u00e1fico a cualquier sitio web y diversas formas de hacer dinero usando MailerFind\" \/>\n<meta property=\"og:url\" content=\"https:\/\/mailerfind.com\/es\/presentacion-mailerfind\/\" \/>\n<meta property=\"og:site_name\" content=\"Mailerfind\" \/>\n<meta property=\"article:publisher\" content=\"https:\/\/www.facebook.com\/people\/MailerFind\/100087419372784\/\" \/>\n<meta property=\"article:modified_time\" content=\"2024-07-23T07:50:10+00:00\" \/>\n<meta property=\"og:image\" content=\"https:\/\/mailerfind.com\/wp-content\/uploads\/mailerfind_banner.jpg\" \/>\n\t<meta property=\"og:image:width\" content=\"1920\" \/>\n\t<meta property=\"og:image:height\" content=\"1080\" \/>\n\t<meta property=\"og:image:type\" content=\"image\/jpeg\" \/>\n<meta name=\"twitter:card\" content=\"summary_large_image\" \/>\n<meta name=\"twitter:label1\" content=\"Tiempo de lectura\" \/>\n\t<meta name=\"twitter:data1\" content=\"1 minuto\" \/>\n<script type=\"application\/ld+json\" class=\"yoast-schema-graph\">{\"@context\":\"https:\/\/schema.org\",\"@graph\":[{\"@type\":\"WebPage\",\"@id\":\"https:\/\/mailerfind.com\/es\/presentacion-mailerfind\/\",\"url\":\"https:\/\/mailerfind.com\/es\/presentacion-mailerfind\/\",\"name\":\"Mailerfind - Presentaci\u00f3n\",\"isPartOf\":{\"@id\":\"https:\/\/mailerfind.com\/es\/#website\"},\"datePublished\":\"2022-10-12T15:08:03+00:00\",\"dateModified\":\"2024-07-23T07:50:10+00:00\",\"breadcrumb\":{\"@id\":\"https:\/\/mailerfind.com\/es\/presentacion-mailerfind\/#breadcrumb\"},\"inLanguage\":\"es\",\"potentialAction\":[{\"@type\":\"ReadAction\",\"target\":[\"https:\/\/mailerfind.com\/es\/presentacion-mailerfind\/\"]}]},{\"@type\":\"BreadcrumbList\",\"@id\":\"https:\/\/mailerfind.com\/es\/presentacion-mailerfind\/#breadcrumb\",\"itemListElement\":[{\"@type\":\"ListItem\",\"position\":1,\"name\":\"Home\",\"item\":\"https:\/\/mailerfind.com\/es\/\"},{\"@type\":\"ListItem\",\"position\":2,\"name\":\"Presentaci\u00f3n Mailerfind\"}]},{\"@type\":\"WebSite\",\"@id\":\"https:\/\/mailerfind.com\/es\/#website\",\"url\":\"https:\/\/mailerfind.com\/es\/\",\"name\":\"Mailerfind\",\"description\":\"Get hundreds to even thousands of emails, phone numbers &amp; details daily, ethically for free of any Instagram pages followers\",\"publisher\":{\"@id\":\"https:\/\/mailerfind.com\/es\/#organization\"},\"potentialAction\":[{\"@type\":\"SearchAction\",\"target\":{\"@type\":\"EntryPoint\",\"urlTemplate\":\"https:\/\/mailerfind.com\/es\/?s={search_term_string}\"},\"query-input\":{\"@type\":\"PropertyValueSpecification\",\"valueRequired\":true,\"valueName\":\"search_term_string\"}}],\"inLanguage\":\"es\"},{\"@type\":\"Organization\",\"@id\":\"https:\/\/mailerfind.com\/es\/#organization\",\"name\":\"Mailerfind\",\"url\":\"https:\/\/mailerfind.com\/es\/\",\"logo\":{\"@type\":\"ImageObject\",\"inLanguage\":\"es\",\"@id\":\"https:\/\/mailerfind.com\/es\/#\/schema\/logo\/image\/\",\"url\":\"https:\/\/mailerfind.com\/wp-content\/uploads\/appicon.png\",\"contentUrl\":\"https:\/\/mailerfind.com\/wp-content\/uploads\/appicon.png\",\"width\":500,\"height\":500,\"caption\":\"Mailerfind\"},\"image\":{\"@id\":\"https:\/\/mailerfind.com\/es\/#\/schema\/logo\/image\/\"},\"sameAs\":[\"https:\/\/www.facebook.com\/people\/MailerFind\/100087419372784\/\"]}]}<\/script>\n<!-- \/ Yoast SEO plugin. -->","yoast_head_json":{"title":"Mailerfind - Presentaci\u00f3n","robots":{"index":"noindex","follow":"nofollow"},"og_locale":"es_ES","og_type":"article","og_title":"Mailerfind - Presentaci\u00f3n","og_description":"Introducci\u00f3n a MailerfindAprende a c\u00f3mo atraer tr\u00e1fico a cualquier sitio web y diversas formas de hacer dinero usando MailerFind","og_url":"https:\/\/mailerfind.com\/es\/presentacion-mailerfind\/","og_site_name":"Mailerfind","article_publisher":"https:\/\/www.facebook.com\/people\/MailerFind\/100087419372784\/","article_modified_time":"2024-07-23T07:50:10+00:00","og_image":[{"width":1920,"height":1080,"url":"https:\/\/mailerfind.com\/wp-content\/uploads\/mailerfind_banner.jpg","type":"image\/jpeg"}],"twitter_card":"summary_large_image","twitter_misc":{"Tiempo de lectura":"1 minuto"},"schema":{"@context":"https:\/\/schema.org","@graph":[{"@type":"WebPage","@id":"https:\/\/mailerfind.com\/es\/presentacion-mailerfind\/","url":"https:\/\/mailerfind.com\/es\/presentacion-mailerfind\/","name":"Mailerfind - Presentaci\u00f3n","isPartOf":{"@id":"https:\/\/mailerfind.com\/es\/#website"},"datePublished":"2022-10-12T15:08:03+00:00","dateModified":"2024-07-23T07:50:10+00:00","breadcrumb":{"@id":"https:\/\/mailerfind.com\/es\/presentacion-mailerfind\/#breadcrumb"},"inLanguage":"es","potentialAction":[{"@type":"ReadAction","target":["https:\/\/mailerfind.com\/es\/presentacion-mailerfind\/"]}]},{"@type":"BreadcrumbList","@id":"https:\/\/mailerfind.com\/es\/presentacion-mailerfind\/#breadcrumb","itemListElement":[{"@type":"ListItem","position":1,"name":"Home","item":"https:\/\/mailerfind.com\/es\/"},{"@type":"ListItem","position":2,"name":"Presentaci\u00f3n Mailerfind"}]},{"@type":"WebSite","@id":"https:\/\/mailerfind.com\/es\/#website","url":"https:\/\/mailerfind.com\/es\/","name":"Mailerfind","description":"Get hundreds to even thousands of emails, phone numbers &amp; details daily, ethically for free of any Instagram pages followers","publisher":{"@id":"https:\/\/mailerfind.com\/es\/#organization"},"potentialAction":[{"@type":"SearchAction","target":{"@type":"EntryPoint","urlTemplate":"https:\/\/mailerfind.com\/es\/?s={search_term_string}"},"query-input":{"@type":"PropertyValueSpecification","valueRequired":true,"valueName":"search_term_string"}}],"inLanguage":"es"},{"@type":"Organization","@id":"https:\/\/mailerfind.com\/es\/#organization","name":"Mailerfind","url":"https:\/\/mailerfind.com\/es\/","logo":{"@type":"ImageObject","inLanguage":"es","@id":"https:\/\/mailerfind.com\/es\/#\/schema\/logo\/image\/","url":"https:\/\/mailerfind.com\/wp-content\/uploads\/appicon.png","contentUrl":"https:\/\/mailerfind.com\/wp-content\/uploads\/appicon.png","width":500,"height":500,"caption":"Mailerfind"},"image":{"@id":"https:\/\/mailerfind.com\/es\/#\/schema\/logo\/image\/"},"sameAs":["https:\/\/www.facebook.com\/people\/MailerFind\/100087419372784\/"]}]}},"_links":{"self":[{"href":"https:\/\/mailerfind.com\/es\/wp-json\/wp\/v2\/pages\/1630","targetHints":{"allow":["GET"]}}],"collection":[{"href":"https:\/\/mailerfind.com\/es\/wp-json\/wp\/v2\/pages"}],"about":[{"href":"https:\/\/mailerfind.com\/es\/wp-json\/wp\/v2\/types\/page"}],"author":[{"embeddable":true,"href":"https:\/\/mailerfind.com\/es\/wp-json\/wp\/v2\/users\/1"}],"replies":[{"embeddable":true,"href":"https:\/\/mailerfind.com\/es\/wp-json\/wp\/v2\/comments?post=1630"}],"version-history":[{"count":0,"href":"https:\/\/mailerfind.com\/es\/wp-json\/wp\/v2\/pages\/1630\/revisions"}],"wp:attachment":[{"href":"https:\/\/mailerfind.com\/es\/wp-json\/wp\/v2\/media?parent=1630"}],"curies":[{"name":"wp","href":"https:\/\/api.w.org\/{rel}","templated":true}]}}