{"id":4498,"date":"2023-07-23T13:47:19","date_gmt":"2023-07-23T11:47:19","guid":{"rendered":"https:\/\/mailerfind.com\/?page_id=4498"},"modified":"2024-05-02T13:45:30","modified_gmt":"2024-05-02T11:45:30","slug":"mailerfind-opiniones","status":"publish","type":"page","link":"https:\/\/mailerfind.com\/es\/mailerfind-opiniones\/","title":{"rendered":"Todo lo que necesitas saber: Opiniones sobre Mailerfind"},"content":{"rendered":"<p>[et_pb_section fb_built=\u00bb1&#8243; next_background_color=\u00bb#ffffff\u00bb _builder_version=\u00bb4.21.0&#8243; _module_preset=\u00bbdefault\u00bb use_background_color_gradient=\u00bbon\u00bb background_color_gradient_stops=\u00bbrgba(33,50,91,0.6) 0%|rgba(33,50,91,0.6) 100%\u00bb background_color_gradient_overlays_image=\u00bbon\u00bb background_image=\u00bbhttps:\/\/mailerfind.com\/wp-content\/uploads\/pexels-michael-burrows-7129700-scaled.jpg\u00bb custom_padding=\u00bb180px||180px||true|false\u00bb bottom_divider_style=\u00bbcurve\u00bb bottom_divider_height_tablet=\u00bb50px\u00bb bottom_divider_height_phone=\u00bb50px\u00bb bottom_divider_height_last_edited=\u00bbon|desktop\u00bb global_colors_info=\u00bb{}\u00bb][et_pb_row column_structure=\u00bb1_2,1_2&#8243; _builder_version=\u00bb4.21.0&#8243; _module_preset=\u00bbdefault\u00bb global_colors_info=\u00bb{}\u00bb][et_pb_column type=\u00bb1_2&#8243; _builder_version=\u00bb4.21.0&#8243; _module_preset=\u00bbdefault\u00bb global_colors_info=\u00bb{}\u00bb][et_pb_text _builder_version=\u00bb4.21.0&#8243; _module_preset=\u00bbdefault\u00bb header_font=\u00bbInter|700|||||||\u00bb header_text_color=\u00bb#FFFFFF\u00bb header_font_size=\u00bb48px\u00bb header_line_height=\u00bb1.1em\u00bb header_5_font=\u00bbInter|700|||||||\u00bb header_5_text_color=\u00bb#FFFFFF\u00bb custom_margin=\u00bb||10px||false|false\u00bb global_colors_info=\u00bb{}\u00bb]<\/p>\n<h5>TODO LO QUE NECESITAS SABER<\/h5>\n<h1>Opiniones sobre Mailerfind<\/h1>\n<p>[\/et_pb_text][\/et_pb_column][et_pb_column type=\u00bb1_2&#8243; _builder_version=\u00bb4.21.0&#8243; _module_preset=\u00bbdefault\u00bb global_colors_info=\u00bb{}\u00bb][\/et_pb_column][\/et_pb_row][\/et_pb_section][et_pb_section fb_built=\u00bb1&#8243; _builder_version=\u00bb4.21.0&#8243; _module_preset=\u00bbdefault\u00bb global_colors_info=\u00bb{}\u00bb locked=\u00bboff\u00bb][et_pb_row _builder_version=\u00bb4.21.0&#8243; _module_preset=\u00bbdefault\u00bb global_colors_info=\u00bb{}\u00bb][et_pb_column type=\u00bb4_4&#8243; _builder_version=\u00bb4.21.0&#8243; _module_preset=\u00bbdefault\u00bb global_colors_info=\u00bb{}\u00bb][et_pb_text _builder_version=\u00bb4.21.0&#8243; _module_preset=\u00bbdefault\u00bb header_font=\u00bbInter|700|||||||\u00bb header_text_color=\u00bb#1e2022&#8243; header_font_size=\u00bb48px\u00bb header_line_height=\u00bb1.1em\u00bb header_2_font=\u00bbInter|600|||||||\u00bb header_2_text_color=\u00bb#1e2022&#8243; header_2_font_size=\u00bb1.75rem\u00bb header_2_line_height=\u00bb1.2em\u00bb text_orientation=\u00bbcenter\u00bb max_width=\u00bb600px\u00bb module_alignment=\u00bbcenter\u00bb custom_margin=\u00bb||5px||false|false\u00bb global_colors_info=\u00bb{}\u00bb]<\/p>\n<h2>Descubre c\u00f3mo Mailerfind est\u00e1 ayudando a encontrar nuevos clientes y trabajar de manera m\u00e1s inteligente<\/h2>\n<p>[\/et_pb_text][et_pb_text _builder_version=\u00bb4.22.2&#8243; _module_preset=\u00bbdefault\u00bb text_font=\u00bbManrope||||||||\u00bb text_text_color=\u00bb#677788&#8243; text_font_size=\u00bb20px\u00bb text_line_height=\u00bb1.8em\u00bb text_orientation=\u00bbcenter\u00bb max_width=\u00bb600px\u00bb module_alignment=\u00bbcenter\u00bb global_colors_info=\u00bb{}\u00bb]A continuaci\u00f3n dispones de una recopilaci\u00f3n de nuestras opiniones de Mailerfind[\/et_pb_text][et_pb_code _builder_version=\u00bb4.25.0&#8243; _module_preset=\u00bbdefault\u00bb text_orientation=\u00bbcenter\u00bb custom_css_free_form=\u00bb.ti-footer-filter-text{||  display: none !important;||}\u00bb global_colors_info=\u00bb{}\u00bb]<div data-src=\"https:\/\/cdn.trustindex.io\/loader.js?5a9d66728dcc8806ff961043138\"><\/div>[\/et_pb_code][et_pb_button button_url=\u00bbhttps:\/\/www.google.com\/search?q=mailerfind&#038;oq=mailerfind&#038;aqs=chrome.0.69i59j35i39j69i65j69i60l2j69i65j69i60j69i65.977j0j4&#038;sourceid=chrome&#038;ie=UTF-8#lrd=0x6e543376313c3e87:0x4aad509c7fa90335,1,,,,\u00bb url_new_window=\u00bbon\u00bb button_text=\u00bbVer todas las rese\u00f1as\u00bb button_alignment=\u00bbcenter\u00bb _builder_version=\u00bb4.21.0&#8243; _module_preset=\u00bbdefault\u00bb custom_button=\u00bbon\u00bb button_text_size=\u00bb17px\u00bb button_text_color=\u00bb#377DFF\u00bb button_bg_color=\u00bb#FFFFFF\u00bb button_border_width=\u00bb1px\u00bb button_border_color=\u00bbrgba(33,50,91,0.1)\u00bb button_border_radius=\u00bb0.31rem\u00bb button_font=\u00bbManrope|500|||||||\u00bb button_icon=\u00bb&#x35;||divi||400&#8243; button_on_hover=\u00bboff\u00bb custom_padding=\u00bb10px|45px|10px|30px|true|false\u00bb saved_tabs=\u00bball\u00bb global_colors_info=\u00bb{}\u00bb button_text_color__hover_enabled=\u00bbon|hover\u00bb button_text_color__hover=\u00bb#FFFFFF\u00bb button_bg_color__hover_enabled=\u00bbon|hover\u00bb button_bg_color__hover=\u00bb#377DFF\u00bb button_bg_enable_color__hover=\u00bbon\u00bb button_border_color__hover_enabled=\u00bbon|hover\u00bb button_border_color__hover=\u00bb#377DFF\u00bb][\/et_pb_button][\/et_pb_column][\/et_pb_row][\/et_pb_section][et_pb_section fb_built=\u00bb1&#8243; _builder_version=\u00bb4.23&#8243; _module_preset=\u00bbdefault\u00bb global_colors_info=\u00bb{}\u00bb locked=\u00bboff\u00bb][et_pb_row _builder_version=\u00bb4.23&#8243; _module_preset=\u00bbdefault\u00bb global_colors_info=\u00bb{}\u00bb][et_pb_column type=\u00bb4_4&#8243; _builder_version=\u00bb4.23&#8243; _module_preset=\u00bbdefault\u00bb global_colors_info=\u00bb{}\u00bb][et_pb_text _builder_version=\u00bb4.23&#8243; _module_preset=\u00bbdefault\u00bb header_font=\u00bbInter|700|||||||\u00bb header_text_color=\u00bb#1e2022&#8243; header_font_size=\u00bb50px\u00bb header_2_font=\u00bbInter|700|||||||\u00bb header_2_text_color=\u00bb#000000&#8243; header_2_font_size=\u00bb40px\u00bb text_orientation=\u00bbcenter\u00bb max_width=\u00bb500px\u00bb module_alignment=\u00bbcenter\u00bb custom_margin=\u00bb||10px||false|false\u00bb header_2_font_size_tablet=\u00bb40px\u00bb header_2_font_size_phone=\u00bb30px\u00bb header_2_font_size_last_edited=\u00bbon|phone\u00bb global_colors_info=\u00bb{}\u00bb]<\/p>\n<h2>Preguntas Frecuentes<\/h2>\n<p>[\/et_pb_text][\/et_pb_column][\/et_pb_row][et_pb_row _builder_version=\u00bb4.19.5&#8243; _module_preset=\u00bbdefault\u00bb max_width=\u00bb700px\u00bb global_colors_info=\u00bb{}\u00bb][et_pb_column type=\u00bb4_4&#8243; _builder_version=\u00bb4.18.0&#8243; _module_preset=\u00bbdefault\u00bb global_colors_info=\u00bb{}\u00bb][et_pb_accordion open_toggle_text_color=\u00bb#0C0C5D\u00bb closed_toggle_text_color=\u00bb#0c0c5d\u00bb closed_toggle_background_color=\u00bb#FFFFFF\u00bb toggle_icon=\u00bb&#x4c;||divi||400&#8243; icon_color=\u00bb#0c0c5d\u00bb _builder_version=\u00bb4.23&#8243; _module_preset=\u00bbdefault\u00bb toggle_text_color=\u00bb#0C0C5D\u00bb toggle_line_height=\u00bb1.5em\u00bb body_text_color=\u00bb#7c7ba4&#8243; custom_margin=\u00bb-15px||||false|false\u00bb custom_padding=\u00bb||||true|false\u00bb border_width_all=\u00bb0px\u00bb border_width_bottom=\u00bb1px\u00bb border_color_bottom=\u00bbrgba(33,50,91,0.1)\u00bb global_colors_info=\u00bb{}\u00bb][et_pb_accordion_item title=\u00bb\u00bfEs legal enviar correos masivos o fr\u00edos? \u00bb open=\u00bbon\u00bb _builder_version=\u00bb4.20.2&#8243; _module_preset=\u00bbdefault\u00bb global_colors_info=\u00bb{}\u00bb]<\/p>\n<p><span style=\"font-weight: 400;\">Pese a los mitos que existen relacionados con los emails fr\u00edos, la respuesta a ambas cosas es <\/span><b>S\u00cd<\/b><span style=\"font-weight: 400;\">.<\/span><\/p>\n<p><a href=\"https:\/\/mailerfind.com\/es\/es-legal-enviar-correos-masivos\/\"><span style=\"font-weight: 400;\">En este art\u00edculo<\/span><\/a><span style=\"font-weight: 400;\"> te explicamos la manera correcta de enviar emails masivos como todo un profesional y los aspectos legales a tener en cuenta para cumplir con la normativa legal en tus campa\u00f1as de email marketing.<\/span><\/p>\n<p>[\/et_pb_accordion_item][et_pb_accordion_item title=\u00bb\u00bfSabr\u00e9 usar Mailerfind?\u00bb _builder_version=\u00bb4.20.2&#8243; _module_preset=\u00bbdefault\u00bb global_colors_info=\u00bb{}\u00bb open=\u00bboff\u00bb]<\/p>\n<p><span style=\"font-weight: 400;\">S\u00ed. No necesitas habilidades t\u00e9cnicas ni experiencia previa. Una vez dentro, encontrar\u00e1s instrucciones escritas paso a paso y un v\u00eddeo sobre c\u00f3mo funciona el software y c\u00f3mo aprovechar todas sus funcionalidades.\u00a0<\/span><\/p>\n<p><span style=\"font-weight: 400;\">Si te surgen dudas, siempre podr\u00e1s contactar con el equipo de soporte y nuestro <a href=\"https:\/\/mailerfind.tawk.help\/es\">Centro de Ayuda<\/a>.<\/span><\/p>\n<p>[\/et_pb_accordion_item][et_pb_accordion_item title=\u00bb\u00bfPuedo utilizar Mailerfind para crear audiencias personalizadas en Facebook y ahorrar dinero en mi campa\u00f1a publicitaria?\u00bb _builder_version=\u00bb4.19.4&#8243; _module_preset=\u00bbdefault\u00bb global_colors_info=\u00bb{}\u00bb open=\u00bboff\u00bb]<\/p>\n<p>S\u00ed! MailerFind te permite extraer datos de usuarios y utilizarlos para enriquecer tu base de datos y crear audiencias personalizadas en Facebook mediante el uso de la herramienta de <em>lookalike audience<\/em>. Gracias a esto puedes mejorar tus audiencias de Fb Ads y llegar al segmento adecuado de tu p\u00fablico objetivo.<\/p>\n<p>[\/et_pb_accordion_item][et_pb_accordion_item title=\u00bbUna vez haya realizado la compra, \u00bfc\u00f3mo puedo acceder al software y empezar a utilizarlo?\u00bb _builder_version=\u00bb4.18.0&#8243; _module_preset=\u00bbdefault\u00bb global_colors_info=\u00bb{}\u00bb open=\u00bboff\u00bb]<\/p>\n<p><span style=\"font-weight: 400;\">Recibir\u00e1s un correo con todas las instrucciones.<\/span><\/p>\n<p><span style=\"font-weight: 400;\">En el caso de que te surja alguna duda o inconveniente podr\u00e1s contactar con el equipo de soporte y contar con su ayuda.<\/span><\/p>\n<p>[\/et_pb_accordion_item][et_pb_accordion_item title=\u00bbMe gusta la idea, pero\u2026estas personas no me conocen, \u00bfc\u00f3mo van a leerme y confiar en m\u00ed?\u00bb _builder_version=\u00bb4.20.2&#8243; _module_preset=\u00bbdefault\u00bb global_colors_info=\u00bb{}\u00bb open=\u00bboff\u00bb]<\/p>\n<p><span style=\"font-weight: 400;\">Es mucho m\u00e1s sencillo de lo que parece. <a href=\"https:\/\/mailerfind.com\/es\/aprende-a-crear-emails-frios-efectivos\/\">En este art\u00edculo<\/a> de nuestro blog respondemos a esta pregunta y<\/span><span style=\"font-weight: 400;\"> te contamos m\u00e1s a fondo c\u00f3mo escribir emails efectivos que realmente vendan.<\/span><span style=\"font-weight: 400;\"><\/span><\/p>\n<p>[\/et_pb_accordion_item][et_pb_accordion_item title=\u00bb\u00bfSi tengo poca inversi\u00f3n disponible esto es para m\u00ed?\u00bb _builder_version=\u00bb4.18.0&#8243; _module_preset=\u00bbdefault\u00bb global_colors_info=\u00bb{}\u00bb open=\u00bboff\u00bb]<\/p>\n<p><span style=\"font-weight: 400;\">MailerFind es una soluci\u00f3n asequible. Esta herramienta te facilita los mismos datos por los que normalmente tendr\u00edas que pagar cantidades muy amplias en plataformas publicitarias y te permite impactar a tu audiencia ideal a gran escala en muy poco tiempo. No solo ahorras dinero sino tambi\u00e9n horas de marketing.<\/span><\/p>\n<p>[\/et_pb_accordion_item][et_pb_accordion_item title=\u00bb\u00bfQu\u00e9 hago con estos leads?\u00bb _builder_version=\u00bb4.20.2&#8243; _module_preset=\u00bbdefault\u00bb global_colors_info=\u00bb{}\u00bb open=\u00bboff\u00bb]<\/p>\n<p><span style=\"font-weight: 400;\">Sabemos que t\u00fa quieres generar ventas, y nosotros queremos ayudarte a hacerlo. Por eso tienes a tu disposici\u00f3n nuestra <a href=\"https:\/\/mailerfind.com\/es\/essentials\/\">Gu\u00eda pr\u00e1ctica<\/a> en la que<\/span><span style=\"font-weight: 400;\">\u00a0no solo descubrir\u00e1s c\u00f3mo encontrar los leads adecuados, sino tambi\u00e9n <\/span><b>c\u00f3mo convertirlos en clientes<\/b><span style=\"font-weight: 400;\">.<\/span><\/p>\n<p>[\/et_pb_accordion_item][et_pb_accordion_item title=\u00bb\u00bfEs Mailerfind compatible con ambos sistemas operativos Mac y Windows?\u00bb _builder_version=\u00bb4.19.4&#8243; _module_preset=\u00bbdefault\u00bb global_colors_info=\u00bb{}\u00bb open=\u00bboff\u00bb]<\/p>\n<div class=\"c-message_kit__gutter\">\n<div role=\"presentation\" class=\"c-message_kit__gutter__right\" data-qa=\"message_content\">\n<div class=\"c-message_kit__blocks c-message_kit__blocks--rich_text\">\n<div class=\"c-message__message_blocks c-message__message_blocks--rich_text\" data-qa=\"message-text\">\n<div class=\"p-block_kit_renderer\" data-qa=\"block-kit-renderer\">\n<div class=\"p-block_kit_renderer__block_wrapper p-block_kit_renderer__block_wrapper--first\">\n<div class=\"p-rich_text_block\" dir=\"auto\">\n<div class=\"p-rich_text_section\">S\u00ed, Mailerfind es una aplicaci\u00f3n web. Lo que significa que todo lo que necesitas es un navegador para que funcione, independientemente de si est\u00e1s en Mac, Windows o Linux.<\/div>\n<\/div>\n<\/div>\n<\/div>\n<\/div>\n<\/div>\n<\/div>\n<\/div>\n<p>[\/et_pb_accordion_item][et_pb_accordion_item title=\u00bb\u00bfPor qu\u00e9 extrae los correos de Instagram?\u00bb _builder_version=\u00bb4.18.0&#8243; _module_preset=\u00bbdefault\u00bb global_colors_info=\u00bb{}\u00bb open=\u00bboff\u00bb]<\/p>\n<p><span style=\"font-weight: 400;\">Hay m\u00e1s de medio bill\u00f3n de usuarios activos cada d\u00eda en Instagram y esta red social no para de crecer.\u00a0<\/span><\/p>\n<p><span style=\"font-weight: 400;\">Los negocios gastan m\u00e1s dinero en Instagram Ads que en cualquier otra fuente de tr\u00e1fico pagada.<\/span><\/p>\n<p>[\/et_pb_accordion_item][et_pb_accordion_item title=\u00bb\u00bfServir\u00e1 en mi pa\u00eds?\u00bb _builder_version=\u00bb4.18.0&#8243; _module_preset=\u00bbdefault\u00bb global_colors_info=\u00bb{}\u00bb open=\u00bboff\u00bb]<\/p>\n<p><span style=\"font-weight: 400;\">S\u00ed, da igual el pa\u00eds en el que vivas y la situaci\u00f3n econ\u00f3mica en la que este se encuentre, porque una de las ventajas del ecommerce y el marketing online es que podemos vender en cualquier parte del mundo.<\/span><\/p>\n<p>[\/et_pb_accordion_item][\/et_pb_accordion][\/et_pb_column][\/et_pb_row][\/et_pb_section][et_pb_section fb_built=\u00bb1&#8243; _builder_version=\u00bb4.18.0&#8243; _module_preset=\u00bbdefault\u00bb global_colors_info=\u00bb{}\u00bb locked=\u00bboff\u00bb][et_pb_row column_structure=\u00bb2_5,3_5&#8243; make_equal=\u00bbon\u00bb custom_padding_last_edited=\u00bbon|phone\u00bb _builder_version=\u00bb4.21.0&#8243; _module_preset=\u00bbdefault\u00bb background_color=\u00bbrgba(55,125,255,0.1)\u00bb custom_padding=\u00bb72px|||48px|false|false\u00bb custom_padding_tablet=\u00bb72px|||48px|false|false\u00bb custom_padding_phone=\u00bb72px|40px|72px|40px|false|false\u00bb border_radii=\u00bbon|5px|5px|5px|5px\u00bb global_colors_info=\u00bb{}\u00bb][et_pb_column type=\u00bb2_5&#8243; _builder_version=\u00bb4.18.0&#8243; _module_preset=\u00bbdefault\u00bb custom_css_main_element=\u00bbmargin: auto;\u00bb global_colors_info=\u00bb{}\u00bb][et_pb_text _builder_version=\u00bb4.21.0&#8243; _module_preset=\u00bbdefault\u00bb header_font=\u00bbInter|700|||||||\u00bb header_text_color=\u00bb#1e2022&#8243; header_3_font=\u00bbInter|700|||||||\u00bb header_3_font_size=\u00bb40px\u00bb custom_margin=\u00bb||10px||false|false\u00bb header_3_font_size_tablet=\u00bb40px\u00bb header_3_font_size_phone=\u00bb30px\u00bb header_3_font_size_last_edited=\u00bbon|phone\u00bb global_colors_info=\u00bb{}\u00bb]<\/p>\n<h3>Construye y monetiza tu lista de correos.<\/h3>\n<p>[\/et_pb_text][et_pb_button button_url=\u00bbhttps:\/\/app.mailerfind.com\/register?plan=free\u00bb button_text=\u00bbAcceder Ahora a MailerFind\u00bb button_alignment=\u00bbleft\u00bb button_alignment_tablet=\u00bbleft\u00bb button_alignment_phone=\u00bbcenter\u00bb button_alignment_last_edited=\u00bbon|phone\u00bb _builder_version=\u00bb4.22.2&#8243; _module_preset=\u00bbdefault\u00bb custom_button=\u00bbon\u00bb button_text_size=\u00bb17px\u00bb button_text_color=\u00bb#ffffff\u00bb button_bg_color=\u00bb#377dff\u00bb button_border_width=\u00bb0px\u00bb button_border_color=\u00bb#ffffff\u00bb button_border_radius=\u00bb0.31rem\u00bb button_font=\u00bbManrope|500|||||||\u00bb button_use_icon=\u00bboff\u00bb custom_padding=\u00bb10px|30px|10px|30px|true|true\u00bb button_bg_color_last_edited=\u00bboff|desktop\u00bb global_colors_info=\u00bb{}\u00bb button_bg_color__hover_enabled=\u00bbon|hover\u00bb button_bg_color__hover=\u00bb#2f6ad9&#8243; button_bg_enable_color__hover=\u00bbon\u00bb]<br \/>\n[\/et_pb_button][\/et_pb_column][et_pb_column type=\u00bb3_5&#8243; _builder_version=\u00bb4.18.0&#8243; _module_preset=\u00bbdefault\u00bb global_colors_info=\u00bb{}\u00bb][et_pb_image src=\u00bbhttps:\/\/mailerfind.com\/wp-content\/uploads\/smartmockups_l9gy2qjs.png\u00bb title_text=\u00bbsmartmockups_l9gy2qjs\u00bb align_tablet=\u00bb\u00bb align_phone=\u00bbcenter\u00bb align_last_edited=\u00bbon|phone\u00bb _builder_version=\u00bb4.18.0&#8243; _module_preset=\u00bbdefault\u00bb custom_margin_tablet=\u00bb\u00bb custom_margin_phone=\u00bb50px||||false|false\u00bb custom_margin_last_edited=\u00bbon|desktop\u00bb global_colors_info=\u00bb{}\u00bb]<br \/>\n[\/et_pb_image][\/et_pb_column][\/et_pb_row][\/et_pb_section][et_pb_section fb_built=\u00bb1&#8243; _builder_version=\u00bb4.25.0&#8243; _module_preset=\u00bbdefault\u00bb hover_enabled=\u00bb0&#8243; global_colors_info=\u00bb{}\u00bb custom_padding=\u00bb0px||0px||true|false\u00bb sticky_enabled=\u00bb0&#8243;][\/et_pb_section]<\/p>\n","protected":false},"excerpt":{"rendered":"<p>TODO LO QUE NECESITAS SABER Opiniones sobre MailerfindDescubre c\u00f3mo Mailerfind est\u00e1 ayudando a encontrar nuevos clientes y trabajar de manera m\u00e1s inteligenteA continuaci\u00f3n dispones de una recopilaci\u00f3n de nuestras opiniones de Mailerfind<div data-src=\"https:\/\/cdn.trustindex.io\/loader.js?5a9d66728dcc8806ff961043138\"><\/div>Preguntas FrecuentesPese a los mitos que existen relacionados con los emails fr\u00edos, la respuesta a ambas cosas es S\u00cd. En este art\u00edculo te [&hellip;]<\/p>\n","protected":false},"author":1,"featured_media":0,"parent":0,"menu_order":0,"comment_status":"closed","ping_status":"closed","template":"","meta":{"_acf_changed":false,"_et_pb_use_builder":"on","_et_pb_old_content":"","_et_gb_content_width":"","inline_featured_image":false,"footnotes":""},"class_list":["post-4498","page","type-page","status-publish","hentry"],"acf":[],"yoast_head":"<!-- This site is optimized with the Yoast SEO plugin v27.2 - https:\/\/yoast.com\/product\/yoast-seo-wordpress\/ -->\n<title>Todo lo que necesitas saber: Opiniones sobre Mailerfind<\/title>\n<meta name=\"description\" content=\"Descubre qu\u00e9 opinan los usuarios de Mailerfind. Exploramos rese\u00f1as y todo lo que necesitas saber para tomar una decisi\u00f3n informada.\" \/>\n<meta name=\"robots\" content=\"index, follow, max-snippet:-1, max-image-preview:large, max-video-preview:-1\" \/>\n<link rel=\"canonical\" href=\"https:\/\/mailerfind.com\/es\/mailerfind-opiniones\/\" \/>\n<meta property=\"og:locale\" content=\"es_ES\" \/>\n<meta property=\"og:type\" content=\"article\" \/>\n<meta property=\"og:title\" content=\"Todo lo que necesitas saber: Opiniones sobre Mailerfind\" \/>\n<meta property=\"og:description\" content=\"Descubre qu\u00e9 opinan los usuarios de Mailerfind. Exploramos rese\u00f1as y todo lo que necesitas saber para tomar una decisi\u00f3n informada.\" \/>\n<meta property=\"og:url\" content=\"https:\/\/mailerfind.com\/es\/mailerfind-opiniones\/\" \/>\n<meta property=\"og:site_name\" content=\"Mailerfind\" \/>\n<meta property=\"article:publisher\" content=\"https:\/\/www.facebook.com\/people\/MailerFind\/100087419372784\/\" \/>\n<meta property=\"article:modified_time\" content=\"2024-05-02T11:45:30+00:00\" \/>\n<meta property=\"og:image\" content=\"https:\/\/mailerfind.com\/wp-content\/uploads\/mailerfind_banner.jpg\" \/>\n\t<meta property=\"og:image:width\" content=\"1920\" \/>\n\t<meta property=\"og:image:height\" content=\"1080\" \/>\n\t<meta property=\"og:image:type\" content=\"image\/jpeg\" \/>\n<meta name=\"twitter:card\" content=\"summary_large_image\" \/>\n<meta name=\"twitter:label1\" content=\"Tiempo de lectura\" \/>\n\t<meta name=\"twitter:data1\" content=\"1 minuto\" \/>\n<script type=\"application\/ld+json\" class=\"yoast-schema-graph\">{\"@context\":\"https:\/\/schema.org\",\"@graph\":[{\"@type\":\"WebPage\",\"@id\":\"https:\/\/mailerfind.com\/es\/mailerfind-opiniones\/\",\"url\":\"https:\/\/mailerfind.com\/es\/mailerfind-opiniones\/\",\"name\":\"Todo lo que necesitas saber: Opiniones sobre Mailerfind\",\"isPartOf\":{\"@id\":\"https:\/\/mailerfind.com\/es\/#website\"},\"datePublished\":\"2023-07-23T11:47:19+00:00\",\"dateModified\":\"2024-05-02T11:45:30+00:00\",\"description\":\"Descubre qu\u00e9 opinan los usuarios de Mailerfind. Exploramos rese\u00f1as y todo lo que necesitas saber para tomar una decisi\u00f3n informada.\",\"breadcrumb\":{\"@id\":\"https:\/\/mailerfind.com\/es\/mailerfind-opiniones\/#breadcrumb\"},\"inLanguage\":\"es\",\"potentialAction\":[{\"@type\":\"ReadAction\",\"target\":[\"https:\/\/mailerfind.com\/es\/mailerfind-opiniones\/\"]}]},{\"@type\":\"BreadcrumbList\",\"@id\":\"https:\/\/mailerfind.com\/es\/mailerfind-opiniones\/#breadcrumb\",\"itemListElement\":[{\"@type\":\"ListItem\",\"position\":1,\"name\":\"Home\",\"item\":\"https:\/\/mailerfind.com\/es\/\"},{\"@type\":\"ListItem\",\"position\":2,\"name\":\"Todo lo que necesitas saber: Opiniones sobre Mailerfind\"}]},{\"@type\":\"WebSite\",\"@id\":\"https:\/\/mailerfind.com\/es\/#website\",\"url\":\"https:\/\/mailerfind.com\/es\/\",\"name\":\"Mailerfind\",\"description\":\"Get hundreds to even thousands of emails, phone numbers &amp; details daily, ethically for free of any Instagram pages followers\",\"publisher\":{\"@id\":\"https:\/\/mailerfind.com\/es\/#organization\"},\"potentialAction\":[{\"@type\":\"SearchAction\",\"target\":{\"@type\":\"EntryPoint\",\"urlTemplate\":\"https:\/\/mailerfind.com\/es\/?s={search_term_string}\"},\"query-input\":{\"@type\":\"PropertyValueSpecification\",\"valueRequired\":true,\"valueName\":\"search_term_string\"}}],\"inLanguage\":\"es\"},{\"@type\":\"Organization\",\"@id\":\"https:\/\/mailerfind.com\/es\/#organization\",\"name\":\"Mailerfind\",\"url\":\"https:\/\/mailerfind.com\/es\/\",\"logo\":{\"@type\":\"ImageObject\",\"inLanguage\":\"es\",\"@id\":\"https:\/\/mailerfind.com\/es\/#\/schema\/logo\/image\/\",\"url\":\"https:\/\/mailerfind.com\/wp-content\/uploads\/appicon.png\",\"contentUrl\":\"https:\/\/mailerfind.com\/wp-content\/uploads\/appicon.png\",\"width\":500,\"height\":500,\"caption\":\"Mailerfind\"},\"image\":{\"@id\":\"https:\/\/mailerfind.com\/es\/#\/schema\/logo\/image\/\"},\"sameAs\":[\"https:\/\/www.facebook.com\/people\/MailerFind\/100087419372784\/\"]}]}<\/script>\n<!-- \/ Yoast SEO plugin. -->","yoast_head_json":{"title":"Todo lo que necesitas saber: Opiniones sobre Mailerfind","description":"Descubre qu\u00e9 opinan los usuarios de Mailerfind. Exploramos rese\u00f1as y todo lo que necesitas saber para tomar una decisi\u00f3n informada.","robots":{"index":"index","follow":"follow","max-snippet":"max-snippet:-1","max-image-preview":"max-image-preview:large","max-video-preview":"max-video-preview:-1"},"canonical":"https:\/\/mailerfind.com\/es\/mailerfind-opiniones\/","og_locale":"es_ES","og_type":"article","og_title":"Todo lo que necesitas saber: Opiniones sobre Mailerfind","og_description":"Descubre qu\u00e9 opinan los usuarios de Mailerfind. Exploramos rese\u00f1as y todo lo que necesitas saber para tomar una decisi\u00f3n informada.","og_url":"https:\/\/mailerfind.com\/es\/mailerfind-opiniones\/","og_site_name":"Mailerfind","article_publisher":"https:\/\/www.facebook.com\/people\/MailerFind\/100087419372784\/","article_modified_time":"2024-05-02T11:45:30+00:00","og_image":[{"width":1920,"height":1080,"url":"https:\/\/mailerfind.com\/wp-content\/uploads\/mailerfind_banner.jpg","type":"image\/jpeg"}],"twitter_card":"summary_large_image","twitter_misc":{"Tiempo de lectura":"1 minuto"},"schema":{"@context":"https:\/\/schema.org","@graph":[{"@type":"WebPage","@id":"https:\/\/mailerfind.com\/es\/mailerfind-opiniones\/","url":"https:\/\/mailerfind.com\/es\/mailerfind-opiniones\/","name":"Todo lo que necesitas saber: Opiniones sobre Mailerfind","isPartOf":{"@id":"https:\/\/mailerfind.com\/es\/#website"},"datePublished":"2023-07-23T11:47:19+00:00","dateModified":"2024-05-02T11:45:30+00:00","description":"Descubre qu\u00e9 opinan los usuarios de Mailerfind. Exploramos rese\u00f1as y todo lo que necesitas saber para tomar una decisi\u00f3n informada.","breadcrumb":{"@id":"https:\/\/mailerfind.com\/es\/mailerfind-opiniones\/#breadcrumb"},"inLanguage":"es","potentialAction":[{"@type":"ReadAction","target":["https:\/\/mailerfind.com\/es\/mailerfind-opiniones\/"]}]},{"@type":"BreadcrumbList","@id":"https:\/\/mailerfind.com\/es\/mailerfind-opiniones\/#breadcrumb","itemListElement":[{"@type":"ListItem","position":1,"name":"Home","item":"https:\/\/mailerfind.com\/es\/"},{"@type":"ListItem","position":2,"name":"Todo lo que necesitas saber: Opiniones sobre Mailerfind"}]},{"@type":"WebSite","@id":"https:\/\/mailerfind.com\/es\/#website","url":"https:\/\/mailerfind.com\/es\/","name":"Mailerfind","description":"Get hundreds to even thousands of emails, phone numbers &amp; details daily, ethically for free of any Instagram pages followers","publisher":{"@id":"https:\/\/mailerfind.com\/es\/#organization"},"potentialAction":[{"@type":"SearchAction","target":{"@type":"EntryPoint","urlTemplate":"https:\/\/mailerfind.com\/es\/?s={search_term_string}"},"query-input":{"@type":"PropertyValueSpecification","valueRequired":true,"valueName":"search_term_string"}}],"inLanguage":"es"},{"@type":"Organization","@id":"https:\/\/mailerfind.com\/es\/#organization","name":"Mailerfind","url":"https:\/\/mailerfind.com\/es\/","logo":{"@type":"ImageObject","inLanguage":"es","@id":"https:\/\/mailerfind.com\/es\/#\/schema\/logo\/image\/","url":"https:\/\/mailerfind.com\/wp-content\/uploads\/appicon.png","contentUrl":"https:\/\/mailerfind.com\/wp-content\/uploads\/appicon.png","width":500,"height":500,"caption":"Mailerfind"},"image":{"@id":"https:\/\/mailerfind.com\/es\/#\/schema\/logo\/image\/"},"sameAs":["https:\/\/www.facebook.com\/people\/MailerFind\/100087419372784\/"]}]}},"_links":{"self":[{"href":"https:\/\/mailerfind.com\/es\/wp-json\/wp\/v2\/pages\/4498","targetHints":{"allow":["GET"]}}],"collection":[{"href":"https:\/\/mailerfind.com\/es\/wp-json\/wp\/v2\/pages"}],"about":[{"href":"https:\/\/mailerfind.com\/es\/wp-json\/wp\/v2\/types\/page"}],"author":[{"embeddable":true,"href":"https:\/\/mailerfind.com\/es\/wp-json\/wp\/v2\/users\/1"}],"replies":[{"embeddable":true,"href":"https:\/\/mailerfind.com\/es\/wp-json\/wp\/v2\/comments?post=4498"}],"version-history":[{"count":0,"href":"https:\/\/mailerfind.com\/es\/wp-json\/wp\/v2\/pages\/4498\/revisions"}],"wp:attachment":[{"href":"https:\/\/mailerfind.com\/es\/wp-json\/wp\/v2\/media?parent=4498"}],"curies":[{"name":"wp","href":"https:\/\/api.w.org\/{rel}","templated":true}]}}