{"id":6607,"date":"2023-10-19T10:58:36","date_gmt":"2023-10-19T08:58:36","guid":{"rendered":"https:\/\/mailerfind.com\/?page_id=6607"},"modified":"2024-12-05T12:03:24","modified_gmt":"2024-12-05T11:03:24","slug":"strategic-partner","status":"publish","type":"page","link":"https:\/\/mailerfind.com\/es\/strategic-partner\/","title":{"rendered":"Mailerfind Strategic Partner"},"content":{"rendered":"<p>[et_pb_section fb_built=\u00bb1&#8243; _builder_version=\u00bb4.20.0&#8243; _module_preset=\u00bbdefault\u00bb background_enable_image=\u00bboff\u00bb global_colors_info=\u00bb{}\u00bb][et_pb_row _builder_version=\u00bb4.20.0&#8243; _module_preset=\u00bbdefault\u00bb global_colors_info=\u00bb{}\u00bb][et_pb_column type=\u00bb4_4&#8243; _builder_version=\u00bb4.20.0&#8243; _module_preset=\u00bbdefault\u00bb global_colors_info=\u00bb{}\u00bb][et_pb_code _builder_version=\u00bb4.27.2&#8243; _module_preset=\u00bbdefault\u00bb custom_margin=\u00bb||14px||false|false\u00bb border_radii=\u00bbon|25px|25px|25px|25px\u00bb border_width_all=\u00bb10px\u00bb border_color_all=\u00bb#d3ddff\u00bb border_width_all_tablet=\u00bb10px\u00bb border_width_all_phone=\u00bb6px\u00bb border_width_all_last_edited=\u00bbon|phone\u00bb global_colors_info=\u00bb{}\u00bb]<\/p>\n<div style=\"position: relative; padding-bottom: 64.92335437330928%; height: 0;\"><iframe src=\"https:\/\/www.loom.com\/embed\/70d82a3732ed491e97f92449c14aa698?sid=ec9f59af-5d7e-4e45-ab3b-6cf08a06a8aa\" frameborder=\"0\" webkitallowfullscreen mozallowfullscreen allowfullscreen style=\"position: absolute; border-radius: 0.5rem; top: 0; left: 0; width: 100%; height: 100%;\"><\/iframe><\/div>\n<p>[\/et_pb_code][\/et_pb_column][\/et_pb_row][et_pb_row column_structure=\u00bb1_2,1_2&#8243; make_equal=\u00bbon\u00bb _builder_version=\u00bb4.22.2&#8243; _module_preset=\u00bbdefault\u00bb background_color=\u00bb#e2ecff\u00bb custom_margin=\u00bb||30px||false|false\u00bb custom_padding=\u00bb|40px||40px|false|true\u00bb border_radii=\u00bbon|10px|10px|10px|10px\u00bb global_colors_info=\u00bb{}\u00bb][et_pb_column type=\u00bb1_2&#8243; _builder_version=\u00bb4.20.0&#8243; _module_preset=\u00bbdefault\u00bb global_colors_info=\u00bb{}\u00bb][et_pb_blurb title=\u00bbAcceso gratuito a Mailerfind\u00bb url_new_window=\u00bbon\u00bb image=\u00bbhttps:\/\/mailerfind.com\/wp-content\/uploads\/nice-try-gesture-8864072-7218463.png\u00bb icon_placement=\u00bbleft\u00bb image_icon_width=\u00bb65px\u00bb icon_placement_tablet=\u00bbleft\u00bb icon_placement_phone=\u00bbtop\u00bb icon_placement_last_edited=\u00bbon|phone\u00bb _builder_version=\u00bb4.27.4&#8243; _module_preset=\u00bbdefault\u00bb header_font=\u00bbInter||||||||\u00bb body_font=\u00bbManrope||||||||\u00bb image_icon_custom_margin=\u00bb-4px|23px|-4px|-5px|true|false\u00bb image_icon_custom_padding=\u00bb|10px|||false|false\u00bb link_option_url=\u00bbhttps:\/\/app.mailerfind.com\/register?plan=free\u00bb link_option_url_new_window=\u00bbon\u00bb hover_enabled=\u00bb0&#8243; global_colors_info=\u00bb{}\u00bb sticky_enabled=\u00bb0&#8243;]<\/p>\n<p>Pru\u00e9balo totalmente gratis a trav\u00e9s de esta invitaci\u00f3n<\/p>\n<p>[\/et_pb_blurb][\/et_pb_column][et_pb_column type=\u00bb1_2&#8243; _builder_version=\u00bb4.20.0&#8243; _module_preset=\u00bbdefault\u00bb custom_css_main_element=\u00bbmargin: auto;\u00bb global_colors_info=\u00bb{}\u00bb][et_pb_button button_url=\u00bbhttps:\/\/app.mailerfind.com\/register?plan=free&#038;strategic-partner=true\u00bb url_new_window=\u00bbon\u00bb button_text=\u00bbAcceder a la Invitaci\u00f3n\u00bb button_alignment=\u00bbright\u00bb button_alignment_tablet=\u00bbright\u00bb button_alignment_phone=\u00bbcenter\u00bb button_alignment_last_edited=\u00bbon|phone\u00bb _builder_version=\u00bb4.22.2&#8243; _module_preset=\u00bbdefault\u00bb custom_button=\u00bbon\u00bb button_text_size=\u00bb17px\u00bb button_text_color=\u00bb#FFFFFF\u00bb button_bg_color=\u00bb#377DFF\u00bb button_border_width=\u00bb0px\u00bb button_border_radius=\u00bb4px\u00bb button_icon=\u00bb&#xf360;||fa||900&#8243; button_on_hover=\u00bboff\u00bb custom_padding=\u00bb5px|60px|5px|40px|true|false\u00bb global_colors_info=\u00bb{}\u00bb custom_css_main_element_last_edited=\u00bbon|phone\u00bb custom_css_main_element_phone=\u00bbwidth: 100%;\u00bb][\/et_pb_button][\/et_pb_column][\/et_pb_row][et_pb_row column_structure=\u00bb1_2,1_2&#8243; make_equal=\u00bbon\u00bb _builder_version=\u00bb4.22.2&#8243; _module_preset=\u00bbdefault\u00bb background_color=\u00bb#e2ecff\u00bb custom_margin=\u00bb||20px||false|false\u00bb custom_padding=\u00bb|40px||40px|false|true\u00bb border_radii=\u00bbon|10px|10px|10px|10px\u00bb global_colors_info=\u00bb{}\u00bb][et_pb_column type=\u00bb1_2&#8243; _builder_version=\u00bb4.20.0&#8243; _module_preset=\u00bbdefault\u00bb global_colors_info=\u00bb{}\u00bb][et_pb_blurb title=\u00bbAccede como partner\u00bb url_new_window=\u00bbon\u00bb image=\u00bbhttps:\/\/mailerfind.com\/wp-content\/uploads\/6521996.png\u00bb icon_placement=\u00bbleft\u00bb image_icon_width=\u00bb65px\u00bb icon_placement_tablet=\u00bbleft\u00bb icon_placement_phone=\u00bbtop\u00bb icon_placement_last_edited=\u00bbon|phone\u00bb _builder_version=\u00bb4.22.2&#8243; _module_preset=\u00bbdefault\u00bb header_font=\u00bbInter||||||||\u00bb body_font=\u00bbManrope||||||||\u00bb image_icon_custom_margin=\u00bb-4px|15px|-4px|-5px|true|false\u00bb link_option_url=\u00bbhttps:\/\/affiliates.mailerfind.com\/\u00bb link_option_url_new_window=\u00bbon\u00bb global_colors_info=\u00bb{}\u00bb]<\/p>\n<p>Rellena el formulario de registro<\/p>\n<p>[\/et_pb_blurb][\/et_pb_column][et_pb_column type=\u00bb1_2&#8243; _builder_version=\u00bb4.20.0&#8243; _module_preset=\u00bbdefault\u00bb custom_css_main_element=\u00bbmargin: auto;\u00bb global_colors_info=\u00bb{}\u00bb][et_pb_button button_url=\u00bbhttps:\/\/affiliates.mailerfind.com\/\u00bb url_new_window=\u00bbon\u00bb button_text=\u00bbRellenar\u00bb button_alignment=\u00bbright\u00bb button_alignment_tablet=\u00bbright\u00bb button_alignment_phone=\u00bbcenter\u00bb button_alignment_last_edited=\u00bbon|phone\u00bb _builder_version=\u00bb4.20.0&#8243; _module_preset=\u00bbdefault\u00bb custom_button=\u00bbon\u00bb button_text_size=\u00bb17px\u00bb button_text_color=\u00bb#FFFFFF\u00bb button_bg_color=\u00bb#377DFF\u00bb button_border_width=\u00bb0px\u00bb button_border_radius=\u00bb4px\u00bb button_icon=\u00bb&#xf360;||fa||900&#8243; button_on_hover=\u00bboff\u00bb custom_padding=\u00bb5px|60px|5px|40px|true|false\u00bb global_colors_info=\u00bb{}\u00bb custom_css_main_element_last_edited=\u00bbon|phone\u00bb custom_css_main_element_phone=\u00bbwidth: 100%;\u00bb][\/et_pb_button][\/et_pb_column][\/et_pb_row][et_pb_row column_structure=\u00bb1_2,1_2&#8243; make_equal=\u00bbon\u00bb disabled_on=\u00bbon|on|on\u00bb _builder_version=\u00bb4.20.0&#8243; _module_preset=\u00bbdefault\u00bb background_color=\u00bbrgba(55,125,255,0.15)\u00bb custom_padding=\u00bb|40px||40px|false|true\u00bb border_radii=\u00bbon|10px|10px|10px|10px\u00bb disabled=\u00bbon\u00bb global_colors_info=\u00bb{}\u00bb][et_pb_column type=\u00bb1_2&#8243; _builder_version=\u00bb4.20.0&#8243; _module_preset=\u00bbdefault\u00bb global_colors_info=\u00bb{}\u00bb][et_pb_blurb title=\u00bbDocumentaci\u00f3n\u00bb url_new_window=\u00bbon\u00bb image=\u00bbhttps:\/\/mailerfind.com\/wp-content\/uploads\/PDF_file_icon.svg_.png\u00bb icon_placement=\u00bbleft\u00bb image_icon_width=\u00bb40px\u00bb icon_placement_tablet=\u00bbleft\u00bb icon_placement_phone=\u00bbtop\u00bb icon_placement_last_edited=\u00bbon|phone\u00bb _builder_version=\u00bb4.22.2&#8243; _module_preset=\u00bbdefault\u00bb header_font=\u00bbInter||||||||\u00bb body_font=\u00bbManrope||||||||\u00bb image_icon_custom_margin=\u00bb0px|15px|0px||true|false\u00bb link_option_url_new_window=\u00bbon\u00bb global_colors_info=\u00bb{}\u00bb]<\/p>\n<p>Haz click para descargar<\/p>\n<p>[\/et_pb_blurb][\/et_pb_column][et_pb_column type=\u00bb1_2&#8243; _builder_version=\u00bb4.20.0&#8243; _module_preset=\u00bbdefault\u00bb custom_css_main_element=\u00bbmargin: auto;\u00bb global_colors_info=\u00bb{}\u00bb][et_pb_button button_url=\u00bbhttps:\/\/mailerfind.com\/wp-content\/uploads\/Mailerfind-Programa-de-referidos-1.pdf\u00bb url_new_window=\u00bbon\u00bb button_text=\u00bbDescargar\u00bb button_alignment=\u00bbright\u00bb button_alignment_tablet=\u00bbright\u00bb button_alignment_phone=\u00bbcenter\u00bb button_alignment_last_edited=\u00bbon|phone\u00bb _builder_version=\u00bb4.22.2&#8243; _module_preset=\u00bbdefault\u00bb custom_button=\u00bbon\u00bb button_text_size=\u00bb17px\u00bb button_text_color=\u00bb#FFFFFF\u00bb button_bg_color=\u00bb#377DFF\u00bb button_border_width=\u00bb0px\u00bb button_border_radius=\u00bb4px\u00bb button_icon=\u00bb&#xe071;||divi||400&#8243; button_on_hover=\u00bboff\u00bb custom_padding=\u00bb5px|60px|5px|40px|true|false\u00bb global_colors_info=\u00bb{}\u00bb custom_css_main_element_last_edited=\u00bbon|phone\u00bb custom_css_main_element_phone=\u00bbwidth: 100%;\u00bb][\/et_pb_button][\/et_pb_column][\/et_pb_row][\/et_pb_section]<\/p>\n","protected":false},"excerpt":{"rendered":"<p>Pru\u00e9balo totalmente gratis a trav\u00e9s de esta invitaci\u00f3nRellena el formulario de registroHaz click para descargar<\/p>\n","protected":false},"author":1,"featured_media":6628,"parent":0,"menu_order":0,"comment_status":"closed","ping_status":"closed","template":"","meta":{"_acf_changed":false,"_et_pb_use_builder":"on","_et_pb_old_content":"","_et_gb_content_width":"","inline_featured_image":false,"footnotes":""},"class_list":["post-6607","page","type-page","status-publish","has-post-thumbnail","hentry"],"acf":[],"yoast_head":"<!-- This site is optimized with the Yoast SEO plugin v27.3 - https:\/\/yoast.com\/product\/yoast-seo-wordpress\/ -->\n<title>Mailerfind Strategic Partner - Mailerfind<\/title>\n<meta name=\"robots\" content=\"noindex, follow\" \/>\n<meta property=\"og:locale\" content=\"es_ES\" \/>\n<meta property=\"og:type\" content=\"article\" \/>\n<meta property=\"og:title\" content=\"Mailerfind Strategic Partner - Mailerfind\" \/>\n<meta property=\"og:description\" content=\"Pru\u00e9balo totalmente gratis a trav\u00e9s de esta invitaci\u00f3nRellena el formulario de registroHaz click para descargar\" \/>\n<meta property=\"og:url\" content=\"https:\/\/mailerfind.com\/es\/strategic-partner\/\" \/>\n<meta property=\"og:site_name\" content=\"Mailerfind\" \/>\n<meta property=\"article:publisher\" content=\"https:\/\/www.facebook.com\/people\/MailerFind\/100087419372784\/\" \/>\n<meta property=\"article:modified_time\" content=\"2024-12-05T11:03:24+00:00\" \/>\n<meta property=\"og:image\" content=\"https:\/\/mailerfind.com\/wp-content\/uploads\/Captura-de-pantalla-2023-10-28-a-las-18.04.21.png\" \/>\n\t<meta property=\"og:image:width\" content=\"1058\" \/>\n\t<meta property=\"og:image:height\" content=\"658\" \/>\n\t<meta property=\"og:image:type\" content=\"image\/png\" \/>\n<meta name=\"twitter:card\" content=\"summary_large_image\" \/>\n<meta name=\"twitter:label1\" content=\"Tiempo de lectura\" \/>\n\t<meta name=\"twitter:data1\" content=\"2 minutos\" \/>\n<script type=\"application\/ld+json\" class=\"yoast-schema-graph\">{\"@context\":\"https:\\\/\\\/schema.org\",\"@graph\":[{\"@type\":\"WebPage\",\"@id\":\"https:\\\/\\\/mailerfind.com\\\/es\\\/strategic-partner\\\/\",\"url\":\"https:\\\/\\\/mailerfind.com\\\/es\\\/strategic-partner\\\/\",\"name\":\"Mailerfind Strategic Partner - Mailerfind\",\"isPartOf\":{\"@id\":\"https:\\\/\\\/mailerfind.com\\\/es\\\/#website\"},\"primaryImageOfPage\":{\"@id\":\"https:\\\/\\\/mailerfind.com\\\/es\\\/strategic-partner\\\/#primaryimage\"},\"image\":{\"@id\":\"https:\\\/\\\/mailerfind.com\\\/es\\\/strategic-partner\\\/#primaryimage\"},\"thumbnailUrl\":\"https:\\\/\\\/mailerfind.com\\\/wp-content\\\/uploads\\\/Captura-de-pantalla-2023-10-28-a-las-18.04.21.png\",\"datePublished\":\"2023-10-19T08:58:36+00:00\",\"dateModified\":\"2024-12-05T11:03:24+00:00\",\"breadcrumb\":{\"@id\":\"https:\\\/\\\/mailerfind.com\\\/es\\\/strategic-partner\\\/#breadcrumb\"},\"inLanguage\":\"es\",\"potentialAction\":[{\"@type\":\"ReadAction\",\"target\":[\"https:\\\/\\\/mailerfind.com\\\/es\\\/strategic-partner\\\/\"]}]},{\"@type\":\"ImageObject\",\"inLanguage\":\"es\",\"@id\":\"https:\\\/\\\/mailerfind.com\\\/es\\\/strategic-partner\\\/#primaryimage\",\"url\":\"https:\\\/\\\/mailerfind.com\\\/wp-content\\\/uploads\\\/Captura-de-pantalla-2023-10-28-a-las-18.04.21.png\",\"contentUrl\":\"https:\\\/\\\/mailerfind.com\\\/wp-content\\\/uploads\\\/Captura-de-pantalla-2023-10-28-a-las-18.04.21.png\",\"width\":1058,\"height\":658},{\"@type\":\"BreadcrumbList\",\"@id\":\"https:\\\/\\\/mailerfind.com\\\/es\\\/strategic-partner\\\/#breadcrumb\",\"itemListElement\":[{\"@type\":\"ListItem\",\"position\":1,\"name\":\"Home\",\"item\":\"https:\\\/\\\/mailerfind.com\\\/es\\\/\"},{\"@type\":\"ListItem\",\"position\":2,\"name\":\"Mailerfind Strategic Partner\"}]},{\"@type\":\"WebSite\",\"@id\":\"https:\\\/\\\/mailerfind.com\\\/es\\\/#website\",\"url\":\"https:\\\/\\\/mailerfind.com\\\/es\\\/\",\"name\":\"Mailerfind\",\"description\":\"Get hundreds to even thousands of emails, phone numbers &amp; details daily, ethically for free of any Instagram pages followers\",\"publisher\":{\"@id\":\"https:\\\/\\\/mailerfind.com\\\/es\\\/#organization\"},\"potentialAction\":[{\"@type\":\"SearchAction\",\"target\":{\"@type\":\"EntryPoint\",\"urlTemplate\":\"https:\\\/\\\/mailerfind.com\\\/es\\\/?s={search_term_string}\"},\"query-input\":{\"@type\":\"PropertyValueSpecification\",\"valueRequired\":true,\"valueName\":\"search_term_string\"}}],\"inLanguage\":\"es\"},{\"@type\":\"Organization\",\"@id\":\"https:\\\/\\\/mailerfind.com\\\/es\\\/#organization\",\"name\":\"Mailerfind\",\"url\":\"https:\\\/\\\/mailerfind.com\\\/es\\\/\",\"logo\":{\"@type\":\"ImageObject\",\"inLanguage\":\"es\",\"@id\":\"https:\\\/\\\/mailerfind.com\\\/es\\\/#\\\/schema\\\/logo\\\/image\\\/\",\"url\":\"https:\\\/\\\/mailerfind.com\\\/wp-content\\\/uploads\\\/appicon.png\",\"contentUrl\":\"https:\\\/\\\/mailerfind.com\\\/wp-content\\\/uploads\\\/appicon.png\",\"width\":500,\"height\":500,\"caption\":\"Mailerfind\"},\"image\":{\"@id\":\"https:\\\/\\\/mailerfind.com\\\/es\\\/#\\\/schema\\\/logo\\\/image\\\/\"},\"sameAs\":[\"https:\\\/\\\/www.facebook.com\\\/people\\\/MailerFind\\\/100087419372784\\\/\"]}]}<\/script>\n<!-- \/ Yoast SEO plugin. -->","yoast_head_json":{"title":"Mailerfind Strategic Partner - Mailerfind","robots":{"index":"noindex","follow":"follow"},"og_locale":"es_ES","og_type":"article","og_title":"Mailerfind Strategic Partner - Mailerfind","og_description":"Pru\u00e9balo totalmente gratis a trav\u00e9s de esta invitaci\u00f3nRellena el formulario de registroHaz click para descargar","og_url":"https:\/\/mailerfind.com\/es\/strategic-partner\/","og_site_name":"Mailerfind","article_publisher":"https:\/\/www.facebook.com\/people\/MailerFind\/100087419372784\/","article_modified_time":"2024-12-05T11:03:24+00:00","og_image":[{"width":1058,"height":658,"url":"https:\/\/mailerfind.com\/wp-content\/uploads\/Captura-de-pantalla-2023-10-28-a-las-18.04.21.png","type":"image\/png"}],"twitter_card":"summary_large_image","twitter_misc":{"Tiempo de lectura":"2 minutos"},"schema":{"@context":"https:\/\/schema.org","@graph":[{"@type":"WebPage","@id":"https:\/\/mailerfind.com\/es\/strategic-partner\/","url":"https:\/\/mailerfind.com\/es\/strategic-partner\/","name":"Mailerfind Strategic Partner - Mailerfind","isPartOf":{"@id":"https:\/\/mailerfind.com\/es\/#website"},"primaryImageOfPage":{"@id":"https:\/\/mailerfind.com\/es\/strategic-partner\/#primaryimage"},"image":{"@id":"https:\/\/mailerfind.com\/es\/strategic-partner\/#primaryimage"},"thumbnailUrl":"https:\/\/mailerfind.com\/wp-content\/uploads\/Captura-de-pantalla-2023-10-28-a-las-18.04.21.png","datePublished":"2023-10-19T08:58:36+00:00","dateModified":"2024-12-05T11:03:24+00:00","breadcrumb":{"@id":"https:\/\/mailerfind.com\/es\/strategic-partner\/#breadcrumb"},"inLanguage":"es","potentialAction":[{"@type":"ReadAction","target":["https:\/\/mailerfind.com\/es\/strategic-partner\/"]}]},{"@type":"ImageObject","inLanguage":"es","@id":"https:\/\/mailerfind.com\/es\/strategic-partner\/#primaryimage","url":"https:\/\/mailerfind.com\/wp-content\/uploads\/Captura-de-pantalla-2023-10-28-a-las-18.04.21.png","contentUrl":"https:\/\/mailerfind.com\/wp-content\/uploads\/Captura-de-pantalla-2023-10-28-a-las-18.04.21.png","width":1058,"height":658},{"@type":"BreadcrumbList","@id":"https:\/\/mailerfind.com\/es\/strategic-partner\/#breadcrumb","itemListElement":[{"@type":"ListItem","position":1,"name":"Home","item":"https:\/\/mailerfind.com\/es\/"},{"@type":"ListItem","position":2,"name":"Mailerfind Strategic Partner"}]},{"@type":"WebSite","@id":"https:\/\/mailerfind.com\/es\/#website","url":"https:\/\/mailerfind.com\/es\/","name":"Mailerfind","description":"Get hundreds to even thousands of emails, phone numbers &amp; details daily, ethically for free of any Instagram pages followers","publisher":{"@id":"https:\/\/mailerfind.com\/es\/#organization"},"potentialAction":[{"@type":"SearchAction","target":{"@type":"EntryPoint","urlTemplate":"https:\/\/mailerfind.com\/es\/?s={search_term_string}"},"query-input":{"@type":"PropertyValueSpecification","valueRequired":true,"valueName":"search_term_string"}}],"inLanguage":"es"},{"@type":"Organization","@id":"https:\/\/mailerfind.com\/es\/#organization","name":"Mailerfind","url":"https:\/\/mailerfind.com\/es\/","logo":{"@type":"ImageObject","inLanguage":"es","@id":"https:\/\/mailerfind.com\/es\/#\/schema\/logo\/image\/","url":"https:\/\/mailerfind.com\/wp-content\/uploads\/appicon.png","contentUrl":"https:\/\/mailerfind.com\/wp-content\/uploads\/appicon.png","width":500,"height":500,"caption":"Mailerfind"},"image":{"@id":"https:\/\/mailerfind.com\/es\/#\/schema\/logo\/image\/"},"sameAs":["https:\/\/www.facebook.com\/people\/MailerFind\/100087419372784\/"]}]}},"_links":{"self":[{"href":"https:\/\/mailerfind.com\/es\/wp-json\/wp\/v2\/pages\/6607","targetHints":{"allow":["GET"]}}],"collection":[{"href":"https:\/\/mailerfind.com\/es\/wp-json\/wp\/v2\/pages"}],"about":[{"href":"https:\/\/mailerfind.com\/es\/wp-json\/wp\/v2\/types\/page"}],"author":[{"embeddable":true,"href":"https:\/\/mailerfind.com\/es\/wp-json\/wp\/v2\/users\/1"}],"replies":[{"embeddable":true,"href":"https:\/\/mailerfind.com\/es\/wp-json\/wp\/v2\/comments?post=6607"}],"version-history":[{"count":0,"href":"https:\/\/mailerfind.com\/es\/wp-json\/wp\/v2\/pages\/6607\/revisions"}],"wp:featuredmedia":[{"embeddable":true,"href":"https:\/\/mailerfind.com\/es\/wp-json\/wp\/v2\/media\/6628"}],"wp:attachment":[{"href":"https:\/\/mailerfind.com\/es\/wp-json\/wp\/v2\/media?parent=6607"}],"curies":[{"name":"wp","href":"https:\/\/api.w.org\/{rel}","templated":true}]}}