{"id":11895,"date":"2024-07-14T21:49:47","date_gmt":"2024-07-14T19:49:47","guid":{"rendered":"https:\/\/mailerfind.com\/parlez-a-un-expert-en-vente-nous-vous-aiderons-a-demarrer\/"},"modified":"2026-04-28T14:17:08","modified_gmt":"2026-04-28T12:17:08","slug":"parlez-a-un-expert-en-vente-nous-vous-aiderons-a-demarrer","status":"publish","type":"page","link":"https:\/\/mailerfind.com\/fr\/parlez-a-un-expert-en-vente-nous-vous-aiderons-a-demarrer\/","title":{"rendered":"Parlez \u00e0 un expert en vente | Nous allons vous aider \u00e0 commencer"},"content":{"rendered":"<p>[et_pb_section fb_built=\u00a0\u00bb1&Prime; _builder_version=\u00a0\u00bb4.21.0&Prime; _module_preset=\u00a0\u00bbdefault\u00a0\u00bb background_image=\u00a0\u00bbhttps:\/\/mailerfind.com\/wp-content\/uploads\/card-11.png\u00a0\u00bb custom_padding=\u00a0\u00bb100px||100px||true|false\u00a0\u00bb global_colors_info=\u00a0\u00bb{}\u00a0\u00bb][et_pb_row _builder_version=\u00a0\u00bb4.21.0&Prime; _module_preset=\u00a0\u00bbdefault\u00a0\u00bb global_colors_info=\u00a0\u00bb{}\u00a0\u00bb][et_pb_column type=\u00a0\u00bb4_4&Prime; _builder_version=\u00a0\u00bb4.21.0&Prime; _module_preset=\u00a0\u00bbdefault\u00a0\u00bb global_colors_info=\u00a0\u00bb{}\u00a0\u00bb][et_pb_text _builder_version=\u00a0\u00bb4.26.0&Prime; _module_preset=\u00a0\u00bbdefault\u00a0\u00bb text_text_color=\u00a0\u00bb#677788&Prime; text_font_size=\u00a0\u00bb18px\u00a0\u00bb header_font=\u00a0\u00bbInter|700|||||||\u00a0\u00bb header_text_color=\u00a0\u00bb#1e2022&Prime; header_line_height=\u00a0\u00bb1.3em\u00a0\u00bb text_orientation=\u00a0\u00bbcenter\u00a0\u00bb max_width=\u00a0\u00bb700px\u00a0\u00bb module_alignment=\u00a0\u00bbcenter\u00a0\u00bb global_colors_info=\u00a0\u00bb{}\u00a0\u00bb]<\/p>\n<h1>Parlez \u00e0 un conseiller expert<\/h1>\n<p>Consultez un expert Mailerfind. Dissipez vos doutes et d\u00e9couvrez davantage notre outil. Nous allons vous aider \u00e0 d\u00e9marrer !  <\/p>\n<p>[\/et_pb_text][\/et_pb_column][\/et_pb_row][\/et_pb_section][et_pb_section fb_built=\u00a0\u00bb1&Prime; _builder_version=\u00a0\u00bb4.27.4&Prime; _module_preset=\u00a0\u00bbdefault\u00a0\u00bb hover_enabled=\u00a0\u00bb0&Prime; global_colors_info=\u00a0\u00bb{}\u00a0\u00bb custom_padding=\u00a0\u00bb0px||||false|false\u00a0\u00bb sticky_enabled=\u00a0\u00bb0&Prime;][et_pb_row column_structure=\u00a0\u00bb1_5,3_5,1_5&Prime; _builder_version=\u00a0\u00bb4.21.0&Prime; _module_preset=\u00a0\u00bbdefault\u00a0\u00bb global_colors_info=\u00a0\u00bb{}\u00a0\u00bb][et_pb_column type=\u00a0\u00bb1_5&Prime; _builder_version=\u00a0\u00bb4.21.0&Prime; _module_preset=\u00a0\u00bbdefault\u00a0\u00bb global_colors_info=\u00a0\u00bb{}\u00a0\u00bb][\/et_pb_column][et_pb_column type=\u00a0\u00bb3_5&Prime; _builder_version=\u00a0\u00bb4.21.0&Prime; _module_preset=\u00a0\u00bbdefault\u00a0\u00bb global_colors_info=\u00a0\u00bb{}\u00a0\u00bb][et_pb_code _builder_version=\u00a0\u00bb4.27.4&Prime; _module_preset=\u00a0\u00bbdefault\u00a0\u00bb global_colors_info=\u00a0\u00bb{}\u00a0\u00bb]<iframe loading=\"lazy\" class=\"clickup-embed clickup-dynamic-height\" src=\"https:\/\/forms.clickup.com\/9012001448\/f\/8cjgen8-3532\/JDKORHAQXK6DEYCOAB\" onwheel=\"\" width=\"100%\" height=\"2200px\" style=\"background: transparent; border: 0px solid #ccc;\"><\/iframe><script async src=\"https:\/\/app-cdn.clickup.com\/assets\/js\/forms-embed\/v1.js\"><\/script>[\/et_pb_code][\/et_pb_column][et_pb_column type=\u00a0\u00bb1_5&Prime; _builder_version=\u00a0\u00bb4.21.0&Prime; _module_preset=\u00a0\u00bbdefault\u00a0\u00bb global_colors_info=\u00a0\u00bb{}\u00a0\u00bb][\/et_pb_column][\/et_pb_row][\/et_pb_section]<\/p>\n","protected":false},"excerpt":{"rendered":"<p>Parlez \u00e0 un conseiller expert Consultez un expert Mailerfind. Dissipez vos doutes et d\u00e9couvrez davantage notre outil. Nous allons vous aider \u00e0 d\u00e9marrer !<\/p>\n","protected":false},"author":1,"featured_media":11896,"parent":0,"menu_order":0,"comment_status":"closed","ping_status":"closed","template":"","meta":{"_acf_changed":false,"_et_pb_use_builder":"on","_et_pb_old_content":"","_et_gb_content_width":"","inline_featured_image":false,"footnotes":""},"class_list":["post-11895","page","type-page","status-publish","has-post-thumbnail","hentry"],"acf":[],"yoast_head":"<!-- This site is optimized with the Yoast SEO plugin v27.3 - https:\/\/yoast.com\/product\/yoast-seo-wordpress\/ -->\n<title>Parlez \u00e0 un expert en vente | Nous allons vous aider \u00e0 commencer - Mailerfind<\/title>\n<meta name=\"description\" content=\"Parlez \u00e0 un expert en vente Mailerfind. R\u00e9pondez \u00e0 vos questions et d\u00e9couvrez nos services. Nous allons vous aider \u00e0 d\u00e9marrer !\" \/>\n<meta name=\"robots\" content=\"index, nofollow, max-snippet:-1, max-image-preview:large, max-video-preview:-1\" \/>\n<link rel=\"canonical\" href=\"https:\/\/mailerfind.com\/fr\/parlez-a-un-expert-en-vente-nous-vous-aiderons-a-demarrer\/\" \/>\n<meta property=\"og:locale\" content=\"fr_FR\" \/>\n<meta property=\"og:type\" content=\"article\" \/>\n<meta property=\"og:title\" content=\"Parlez \u00e0 un expert en vente | Nous allons vous aider \u00e0 commencer - Mailerfind\" \/>\n<meta property=\"og:description\" content=\"Parlez \u00e0 un expert en vente Mailerfind. R\u00e9pondez \u00e0 vos questions et d\u00e9couvrez nos services. Nous allons vous aider \u00e0 d\u00e9marrer !\" \/>\n<meta property=\"og:url\" content=\"https:\/\/mailerfind.com\/fr\/parlez-a-un-expert-en-vente-nous-vous-aiderons-a-demarrer\/\" \/>\n<meta property=\"og:site_name\" content=\"Mailerfind\" \/>\n<meta property=\"article:publisher\" content=\"https:\/\/www.facebook.com\/people\/MailerFind\/100087419372784\/\" \/>\n<meta property=\"article:modified_time\" content=\"2026-04-28T12:17:08+00:00\" \/>\n<meta property=\"og:image\" content=\"https:\/\/mailerfind.com\/wp-content\/uploads\/Captura-de-pantalla-2025-03-21-a-las-11.43.04.png\" \/>\n\t<meta property=\"og:image:width\" content=\"2880\" \/>\n\t<meta property=\"og:image:height\" content=\"1577\" \/>\n\t<meta property=\"og:image:type\" content=\"image\/png\" \/>\n<meta name=\"twitter:card\" content=\"summary_large_image\" \/>\n<meta name=\"twitter:label1\" content=\"Dur\u00e9e de lecture estim\u00e9e\" \/>\n\t<meta name=\"twitter:data1\" content=\"1 minute\" \/>\n<script type=\"application\/ld+json\" class=\"yoast-schema-graph\">{\"@context\":\"https:\\\/\\\/schema.org\",\"@graph\":[{\"@type\":\"WebPage\",\"@id\":\"https:\\\/\\\/mailerfind.com\\\/fr\\\/parlez-a-un-expert-en-vente-nous-vous-aiderons-a-demarrer\\\/\",\"url\":\"https:\\\/\\\/mailerfind.com\\\/fr\\\/parlez-a-un-expert-en-vente-nous-vous-aiderons-a-demarrer\\\/\",\"name\":\"Parlez \u00e0 un expert en vente | Nous allons vous aider \u00e0 commencer - Mailerfind\",\"isPartOf\":{\"@id\":\"https:\\\/\\\/mailerfind.com\\\/fr\\\/#website\"},\"primaryImageOfPage\":{\"@id\":\"https:\\\/\\\/mailerfind.com\\\/fr\\\/parlez-a-un-expert-en-vente-nous-vous-aiderons-a-demarrer\\\/#primaryimage\"},\"image\":{\"@id\":\"https:\\\/\\\/mailerfind.com\\\/fr\\\/parlez-a-un-expert-en-vente-nous-vous-aiderons-a-demarrer\\\/#primaryimage\"},\"thumbnailUrl\":\"https:\\\/\\\/mailerfind.com\\\/wp-content\\\/uploads\\\/Captura-de-pantalla-2025-03-21-a-las-11.43.04.png\",\"datePublished\":\"2024-07-14T19:49:47+00:00\",\"dateModified\":\"2026-04-28T12:17:08+00:00\",\"description\":\"Parlez \u00e0 un expert en vente Mailerfind. R\u00e9pondez \u00e0 vos questions et d\u00e9couvrez nos services. Nous allons vous aider \u00e0 d\u00e9marrer !\",\"breadcrumb\":{\"@id\":\"https:\\\/\\\/mailerfind.com\\\/fr\\\/parlez-a-un-expert-en-vente-nous-vous-aiderons-a-demarrer\\\/#breadcrumb\"},\"inLanguage\":\"fr-FR\",\"potentialAction\":[{\"@type\":\"ReadAction\",\"target\":[\"https:\\\/\\\/mailerfind.com\\\/fr\\\/parlez-a-un-expert-en-vente-nous-vous-aiderons-a-demarrer\\\/\"]}]},{\"@type\":\"ImageObject\",\"inLanguage\":\"fr-FR\",\"@id\":\"https:\\\/\\\/mailerfind.com\\\/fr\\\/parlez-a-un-expert-en-vente-nous-vous-aiderons-a-demarrer\\\/#primaryimage\",\"url\":\"https:\\\/\\\/mailerfind.com\\\/wp-content\\\/uploads\\\/Captura-de-pantalla-2025-03-21-a-las-11.43.04.png\",\"contentUrl\":\"https:\\\/\\\/mailerfind.com\\\/wp-content\\\/uploads\\\/Captura-de-pantalla-2025-03-21-a-las-11.43.04.png\",\"width\":2880,\"height\":1577},{\"@type\":\"BreadcrumbList\",\"@id\":\"https:\\\/\\\/mailerfind.com\\\/fr\\\/parlez-a-un-expert-en-vente-nous-vous-aiderons-a-demarrer\\\/#breadcrumb\",\"itemListElement\":[{\"@type\":\"ListItem\",\"position\":1,\"name\":\"Home\",\"item\":\"https:\\\/\\\/mailerfind.com\\\/fr\\\/\"},{\"@type\":\"ListItem\",\"position\":2,\"name\":\"Parlez \u00e0 un expert en vente | Nous allons vous aider \u00e0 commencer\"}]},{\"@type\":\"WebSite\",\"@id\":\"https:\\\/\\\/mailerfind.com\\\/fr\\\/#website\",\"url\":\"https:\\\/\\\/mailerfind.com\\\/fr\\\/\",\"name\":\"Mailerfind\",\"description\":\"Get hundreds to even thousands of emails, phone numbers &amp; details daily, ethically for free of any Instagram pages followers\",\"publisher\":{\"@id\":\"https:\\\/\\\/mailerfind.com\\\/fr\\\/#organization\"},\"potentialAction\":[{\"@type\":\"SearchAction\",\"target\":{\"@type\":\"EntryPoint\",\"urlTemplate\":\"https:\\\/\\\/mailerfind.com\\\/fr\\\/?s={search_term_string}\"},\"query-input\":{\"@type\":\"PropertyValueSpecification\",\"valueRequired\":true,\"valueName\":\"search_term_string\"}}],\"inLanguage\":\"fr-FR\"},{\"@type\":\"Organization\",\"@id\":\"https:\\\/\\\/mailerfind.com\\\/fr\\\/#organization\",\"name\":\"Mailerfind\",\"url\":\"https:\\\/\\\/mailerfind.com\\\/fr\\\/\",\"logo\":{\"@type\":\"ImageObject\",\"inLanguage\":\"fr-FR\",\"@id\":\"https:\\\/\\\/mailerfind.com\\\/fr\\\/#\\\/schema\\\/logo\\\/image\\\/\",\"url\":\"https:\\\/\\\/mailerfind.com\\\/wp-content\\\/uploads\\\/appicon.png\",\"contentUrl\":\"https:\\\/\\\/mailerfind.com\\\/wp-content\\\/uploads\\\/appicon.png\",\"width\":500,\"height\":500,\"caption\":\"Mailerfind\"},\"image\":{\"@id\":\"https:\\\/\\\/mailerfind.com\\\/fr\\\/#\\\/schema\\\/logo\\\/image\\\/\"},\"sameAs\":[\"https:\\\/\\\/www.facebook.com\\\/people\\\/MailerFind\\\/100087419372784\\\/\"]}]}<\/script>\n<!-- \/ Yoast SEO plugin. -->","yoast_head_json":{"title":"Parlez \u00e0 un expert en vente | Nous allons vous aider \u00e0 commencer - Mailerfind","description":"Parlez \u00e0 un expert en vente Mailerfind. R\u00e9pondez \u00e0 vos questions et d\u00e9couvrez nos services. Nous allons vous aider \u00e0 d\u00e9marrer !","robots":{"index":"index","follow":"nofollow","max-snippet":"max-snippet:-1","max-image-preview":"max-image-preview:large","max-video-preview":"max-video-preview:-1"},"canonical":"https:\/\/mailerfind.com\/fr\/parlez-a-un-expert-en-vente-nous-vous-aiderons-a-demarrer\/","og_locale":"fr_FR","og_type":"article","og_title":"Parlez \u00e0 un expert en vente | Nous allons vous aider \u00e0 commencer - Mailerfind","og_description":"Parlez \u00e0 un expert en vente Mailerfind. R\u00e9pondez \u00e0 vos questions et d\u00e9couvrez nos services. Nous allons vous aider \u00e0 d\u00e9marrer !","og_url":"https:\/\/mailerfind.com\/fr\/parlez-a-un-expert-en-vente-nous-vous-aiderons-a-demarrer\/","og_site_name":"Mailerfind","article_publisher":"https:\/\/www.facebook.com\/people\/MailerFind\/100087419372784\/","article_modified_time":"2026-04-28T12:17:08+00:00","og_image":[{"width":2880,"height":1577,"url":"https:\/\/mailerfind.com\/wp-content\/uploads\/Captura-de-pantalla-2025-03-21-a-las-11.43.04.png","type":"image\/png"}],"twitter_card":"summary_large_image","twitter_misc":{"Dur\u00e9e de lecture estim\u00e9e":"1 minute"},"schema":{"@context":"https:\/\/schema.org","@graph":[{"@type":"WebPage","@id":"https:\/\/mailerfind.com\/fr\/parlez-a-un-expert-en-vente-nous-vous-aiderons-a-demarrer\/","url":"https:\/\/mailerfind.com\/fr\/parlez-a-un-expert-en-vente-nous-vous-aiderons-a-demarrer\/","name":"Parlez \u00e0 un expert en vente | Nous allons vous aider \u00e0 commencer - Mailerfind","isPartOf":{"@id":"https:\/\/mailerfind.com\/fr\/#website"},"primaryImageOfPage":{"@id":"https:\/\/mailerfind.com\/fr\/parlez-a-un-expert-en-vente-nous-vous-aiderons-a-demarrer\/#primaryimage"},"image":{"@id":"https:\/\/mailerfind.com\/fr\/parlez-a-un-expert-en-vente-nous-vous-aiderons-a-demarrer\/#primaryimage"},"thumbnailUrl":"https:\/\/mailerfind.com\/wp-content\/uploads\/Captura-de-pantalla-2025-03-21-a-las-11.43.04.png","datePublished":"2024-07-14T19:49:47+00:00","dateModified":"2026-04-28T12:17:08+00:00","description":"Parlez \u00e0 un expert en vente Mailerfind. R\u00e9pondez \u00e0 vos questions et d\u00e9couvrez nos services. Nous allons vous aider \u00e0 d\u00e9marrer !","breadcrumb":{"@id":"https:\/\/mailerfind.com\/fr\/parlez-a-un-expert-en-vente-nous-vous-aiderons-a-demarrer\/#breadcrumb"},"inLanguage":"fr-FR","potentialAction":[{"@type":"ReadAction","target":["https:\/\/mailerfind.com\/fr\/parlez-a-un-expert-en-vente-nous-vous-aiderons-a-demarrer\/"]}]},{"@type":"ImageObject","inLanguage":"fr-FR","@id":"https:\/\/mailerfind.com\/fr\/parlez-a-un-expert-en-vente-nous-vous-aiderons-a-demarrer\/#primaryimage","url":"https:\/\/mailerfind.com\/wp-content\/uploads\/Captura-de-pantalla-2025-03-21-a-las-11.43.04.png","contentUrl":"https:\/\/mailerfind.com\/wp-content\/uploads\/Captura-de-pantalla-2025-03-21-a-las-11.43.04.png","width":2880,"height":1577},{"@type":"BreadcrumbList","@id":"https:\/\/mailerfind.com\/fr\/parlez-a-un-expert-en-vente-nous-vous-aiderons-a-demarrer\/#breadcrumb","itemListElement":[{"@type":"ListItem","position":1,"name":"Home","item":"https:\/\/mailerfind.com\/fr\/"},{"@type":"ListItem","position":2,"name":"Parlez \u00e0 un expert en vente | Nous allons vous aider \u00e0 commencer"}]},{"@type":"WebSite","@id":"https:\/\/mailerfind.com\/fr\/#website","url":"https:\/\/mailerfind.com\/fr\/","name":"Mailerfind","description":"Get hundreds to even thousands of emails, phone numbers &amp; details daily, ethically for free of any Instagram pages followers","publisher":{"@id":"https:\/\/mailerfind.com\/fr\/#organization"},"potentialAction":[{"@type":"SearchAction","target":{"@type":"EntryPoint","urlTemplate":"https:\/\/mailerfind.com\/fr\/?s={search_term_string}"},"query-input":{"@type":"PropertyValueSpecification","valueRequired":true,"valueName":"search_term_string"}}],"inLanguage":"fr-FR"},{"@type":"Organization","@id":"https:\/\/mailerfind.com\/fr\/#organization","name":"Mailerfind","url":"https:\/\/mailerfind.com\/fr\/","logo":{"@type":"ImageObject","inLanguage":"fr-FR","@id":"https:\/\/mailerfind.com\/fr\/#\/schema\/logo\/image\/","url":"https:\/\/mailerfind.com\/wp-content\/uploads\/appicon.png","contentUrl":"https:\/\/mailerfind.com\/wp-content\/uploads\/appicon.png","width":500,"height":500,"caption":"Mailerfind"},"image":{"@id":"https:\/\/mailerfind.com\/fr\/#\/schema\/logo\/image\/"},"sameAs":["https:\/\/www.facebook.com\/people\/MailerFind\/100087419372784\/"]}]}},"_links":{"self":[{"href":"https:\/\/mailerfind.com\/fr\/wp-json\/wp\/v2\/pages\/11895","targetHints":{"allow":["GET"]}}],"collection":[{"href":"https:\/\/mailerfind.com\/fr\/wp-json\/wp\/v2\/pages"}],"about":[{"href":"https:\/\/mailerfind.com\/fr\/wp-json\/wp\/v2\/types\/page"}],"author":[{"embeddable":true,"href":"https:\/\/mailerfind.com\/fr\/wp-json\/wp\/v2\/users\/1"}],"replies":[{"embeddable":true,"href":"https:\/\/mailerfind.com\/fr\/wp-json\/wp\/v2\/comments?post=11895"}],"version-history":[{"count":3,"href":"https:\/\/mailerfind.com\/fr\/wp-json\/wp\/v2\/pages\/11895\/revisions"}],"predecessor-version":[{"id":13720,"href":"https:\/\/mailerfind.com\/fr\/wp-json\/wp\/v2\/pages\/11895\/revisions\/13720"}],"wp:featuredmedia":[{"embeddable":true,"href":"https:\/\/mailerfind.com\/fr\/wp-json\/wp\/v2\/media\/11896"}],"wp:attachment":[{"href":"https:\/\/mailerfind.com\/fr\/wp-json\/wp\/v2\/media?parent=11895"}],"curies":[{"name":"wp","href":"https:\/\/api.w.org\/{rel}","templated":true}]}}