{"id":12382,"date":"2025-09-04T13:37:36","date_gmt":"2025-09-04T11:37:36","guid":{"rendered":"https:\/\/mailerfind.com\/politique-en-matiere-de-cookies\/"},"modified":"2025-09-30T14:29:59","modified_gmt":"2025-09-30T12:29:59","slug":"politique-en-matiere-de-cookies","status":"publish","type":"page","link":"https:\/\/mailerfind.com\/fr\/politique-en-matiere-de-cookies\/","title":{"rendered":"Politique en mati\u00e8re de cookies"},"content":{"rendered":"<p>[et_pb_section fb_built=\u00a0\u00bb1&Prime; _builder_version=\u00a0\u00bb4.27.4&Prime; _module_preset=\u00a0\u00bbdefault\u00a0\u00bb global_colors_info=\u00a0\u00bb{}\u00a0\u00bb][et_pb_row _builder_version=\u00a0\u00bb4.27.4&Prime; _module_preset=\u00a0\u00bbdefault\u00a0\u00bb width=\u00a0\u00bb550px\u00a0\u00bb global_colors_info=\u00a0\u00bb{}\u00a0\u00bb][et_pb_column type=\u00a0\u00bb4_4&Prime; _builder_version=\u00a0\u00bb4.27.4&Prime; _module_preset=\u00a0\u00bbdefault\u00a0\u00bb global_colors_info=\u00a0\u00bb{}\u00a0\u00bb][et_pb_text _builder_version=\u00a0\u00bb4.27.4&Prime; _module_preset=\u00a0\u00bbdefault\u00a0\u00bb hover_enabled=\u00a0\u00bb0&Prime; sticky_enabled=\u00a0\u00bb0&Prime;]<\/p>\n<p style=\"color: #387dff; background-color: #e2ecff; padding: 15px; border-radius: 0.31em;\">La version espagnole des contrats l\u00e9gaux et des politiques est consid\u00e9r\u00e9e comme la seule version actuelle et valide de ce document. Toute version traduite est fournie uniquement \u00e0 titre indicatif, afin de faciliter la lecture et la compr\u00e9hension de la version espagnole. Les versions traduites n&rsquo;ont aucune valeur l\u00e9gale et ne peuvent remplacer les versions espagnoles. En cas de d\u00e9saccord ou de conflit, les contrats l\u00e9gaux et les politiques r\u00e9dig\u00e9s en espagnol pr\u00e9vaudront.<\/p>\n<p>[\/et_pb_text][et_pb_text _builder_version=\u00a0\u00bb4.27.4&Prime; _module_preset=\u00a0\u00bbdefault\u00a0\u00bb custom_css_free_form=\u00a0\u00bbselector li:not(.policy-li){||  margin-top: 1em; \/* espacio extra debajo de cada item *\/||  margin-bottom: 1em;||}\u00a0\u00bb global_colors_info=\u00a0\u00bb{}\u00a0\u00bb]<\/p>\n<h1 style=\"text-align: justify;\"><strong>Politique en mati\u00e8re de cookies<\/strong><\/h1>\n<p style=\"text-align: justify;\"><em><\/em><\/p>\n<p style=\"text-align: justify;\"><em>Derni\u00e8re mise \u00e0 jour : septembre 2025<\/em><\/p>\n<ol style=\"text-align: justify;\">\n<li><strong>OBJET<\/strong>\n<p style=\"text-align: justify;\"><strong>MAILERFIND, S.L.<\/strong> (ci-apr\u00e8s d\u00e9nomm\u00e9 \u00ab <strong>MAILERFIND<\/strong> \u00bb, \u00ab <strong>nous<\/strong> \u00bb, \u00ab <strong>notre<\/strong> <strong>\u00bb, \u00ab<\/strong> <strong>nos<\/strong> \u00bb), souhaite vous offrir en tant qu\u2019utilisateur (ci-apr\u00e8s d\u00e9nomm\u00e9 \u00ab <strong>l\u2019utilisateur<\/strong> \u00bb, \u00ab <strong>vous<\/strong> \u00bb, \u00ab <strong>vous<\/strong> \u00bb et \u00ab <strong>votre<\/strong> \u00bb), une exp\u00e9rience et un service s\u00e9curis\u00e9s dans notre environnement web situ\u00e9 \u00e0 l\u2019adresse <a href=\"https:\/\/mailerfind.com\/es\/\">https:\/\/mailerfind.com<\/a> (ci-apr\u00e8s d\u00e9nomm\u00e9 le \u00ab <strong>site Web<\/strong> \u00bb).<\/p>\n<p style=\"text-align: justify;\">Par cons\u00e9quent, nous avons mis en \u0153uvre la pr\u00e9sente politique en mati\u00e8re de cookies, qui est conforme aux mesures de s\u00e9curit\u00e9 requises par la loi organique 3\/2018, du 5 d\u00e9cembre, sur la protection des donn\u00e9es personnelles et la garantie des droits num\u00e9riques (\u00ab <strong>LOPDGDD \u00bb),<\/strong> le R\u00c8GLEMENT EUROP\u00c9EN SUR LA PROTECTION DES DONN\u00c9ES \u00c0 CARACT\u00c8RE PERSONNEL 679\/2016, du 27 avril, sur la protection des personnes physiques \u00e0 l\u2019\u00e9gard du traitement des donn\u00e9es \u00e0 caract\u00e8re personnel et sur la libre circulation de ces donn\u00e9es (\u00ab<strong>RGPD \u00bb),<\/strong> et la loi 34\/2002, du 11 juillet, sur les services de la soci\u00e9t\u00e9 de l\u2019information et du commerce \u00e9lectronique (\u00ab <strong>LSSICE \u00bb).<\/strong> Tout cela dans le but de garantir votre vie priv\u00e9e et d\u2019\u00eatre transparent sur l\u2019utilisation de vos donn\u00e9es. <\/p>\n<p style=\"text-align: justify;\">Conform\u00e9ment \u00e0 ce qui pr\u00e9c\u00e8de, afin de faciliter votre navigation sur le Site, nous vous informons que nous utilisons des cookies ou d\u2019autres dispositifs similaires de stockage et de r\u00e9cup\u00e9ration de donn\u00e9es (ci-apr\u00e8s, \u00ab <strong>Cookies<\/strong> \u00bb), et que nous agissons en tant que responsables de traitement des donn\u00e9es conform\u00e9ment au RGPD et \u00e0 la LOPDGDD. Compte tenu de tout ce qui pr\u00e9c\u00e8de, dans la pr\u00e9sente politique en mati\u00e8re de cookies, nous expliquerons : (i) ce que sont les cookies, (ii) quels types de cookies nous utilisons sur notre site Web, et (iii) comment vous pouvez les configurer ou les d\u00e9sactiver. Enfin, nous vous rappelons que vous pouvez nous contacter pour toute question que vous pourriez avoir en utilisant les coordonn\u00e9es indiqu\u00e9es au point suivant.     <\/p>\n<\/li>\n<li><strong>IDENTIFICATION<\/strong>\n<ul style=\"text-align: justify;\">\n<li class=\"policy-li\"><strong>Propri\u00e9taire:<\/strong> MAILERFIND, S.L.<\/li>\n<li class=\"policy-li\"><strong>Si\u00e8ge social :<\/strong> Passatge Arnaldeta de Caboet, n\u00famero 11, Edifici La Torre, 2n 1\u00aa (AD700), Escaldes-Engordany, Principat d\u2019Andorra.<\/li>\n<li class=\"policy-li\"><strong>TRN :<\/strong> L-720969-L<\/li>\n<li class=\"policy-li\"><strong>Donn\u00e9es d\u2019enregistrement :<\/strong> Registre de Societats d\u2019Andorra, Llibre S-497, Foli 301-310, num\u00e9ro de registre 25.880<\/li>\n<li class=\"policy-li\"><strong>Courriel :<\/strong> <a href=\"mailto:privacy@mailerfind.com\">privacy@mailerfind.com<\/a><\/li>\n<\/ul>\n<\/li>\n<li><strong>QU\u2019EST-CE QU\u2019UN COOKIE ?<\/strong>\n<p style=\"text-align: justify;\">Un cookie est un fichier qui est t\u00e9l\u00e9charg\u00e9 sur votre ordinateur lorsque vous acc\u00e9dez \u00e0 certaines pages Web. Les cookies permettent \u00e0 un site web de stocker et de r\u00e9cup\u00e9rer des informations sur vos habitudes de navigation ou celles de votre appareil, et en fonction des informations qu\u2019ils contiennent et de la fa\u00e7on dont vous utilisez votre appareil, ils peuvent \u00eatre utilis\u00e9s pour vous reconna\u00eetre. <\/p>\n<p style=\"text-align: justify;\">Les cookies jouent un r\u00f4le fondamental dans le fonctionnement d\u2019Internet, car ils fournissent des solutions techniques qui permettent aux utilisateurs d\u2019explorer diff\u00e9rents sites web. Il est important de noter que les cookies ne causent aucun dommage \u00e0 l\u2019ordinateur ou \u00e0 l\u2019appareil sur lequel ils sont install\u00e9s. En outre, ils sont \u00e9galement utilis\u00e9s pour identifier et r\u00e9soudre les dysfonctionnements potentiels d\u2019un site web. Ils ont \u00e9galement des applications dans la publicit\u00e9 et l\u2019analyse, entre autres utilisations.   <\/p>\n<\/li>\n<li><strong>QUEL TYPE DE COOKIES UTILISONS-NOUS SUR NOTRE SITE WEB ?<\/strong>\n<p style=\"text-align: justify;\"><strong>Chez MAILERFIND<\/strong>, nous utilisons \u00e0 la fois nos propres cookies g\u00e9n\u00e9r\u00e9s directement par notre domaine web, et des cookies tiers g\u00e9n\u00e9r\u00e9s \u00e0 partir d\u2019autres sites web en dehors de <strong>MAILERFIND<\/strong>, appartenant \u00e0 des soci\u00e9t\u00e9s tierces, et tout cela aux fins sp\u00e9cifiques \u00e9nonc\u00e9es ci-dessous :<\/p>\n<ol style=\"text-align: justify;\">\n<li><strong>Cookies techniques<\/strong>\n<p style=\"text-align: justify;\">Les cookies techniques sont n\u00e9cessaires pour permettre la navigation et activer les fonctionnalit\u00e9s de notre site Web. Par exemple, ces cookies remplissent des fonctions vitales telles que le contr\u00f4le du trafic et de la communication des donn\u00e9es, l\u2019identification de la session de l\u2019utilisateur, l\u2019acc\u00e8s \u00e0 des zones restreintes, la garantie de la s\u00e9curit\u00e9 du service contre la fraude, entre autres. Nous n\u2019avons pas besoin de votre consentement pour installer ces cookies sur votre appareil car ils sont strictement techniques et n\u00e9cessaires au fonctionnement du site Web. Cependant, si vous d\u00e9sactivez ou bloquez tous les cookies dans votre navigateur, votre exp\u00e9rience de navigation peut ne pas \u00eatre optimale et certains services peuvent ne pas fonctionner correctement.   <\/p>\n<\/li>\n<li><strong>Cookies de personnalisation<\/strong>\n<p style=\"text-align: justify;\">Les cookies de personnalisation nous permettent d\u2019enregistrer des informations pour vous fournir un service avec des fonctionnalit\u00e9s sp\u00e9ciales qui peuvent am\u00e9liorer votre exp\u00e9rience par rapport aux autres utilisateurs. Par exemple, ces cookies peuvent identifier le nombre de r\u00e9sultats que vous souhaitez voir dans une recherche ou ajuster l\u2019apparence et le contenu du service en fonction du navigateur que vous utilisez ou de la r\u00e9gion \u00e0 partir de laquelle vous acc\u00e9dez au service. Si vous s\u00e9lectionnez ces fonctionnalit\u00e9s personnalis\u00e9es, les cookies seront consid\u00e9r\u00e9s comme un service que vous avez sp\u00e9cifiquement demand\u00e9.  <\/p>\n<\/li>\n<li><strong>Cookies analytiques<\/strong>\n<p style=\"text-align: justify;\">Les cookies analytiques collectent des informations sur votre visite sur notre site Web afin d\u2019obtenir des statistiques et des rapports qui nous permettent d\u2019am\u00e9liorer nos performances et de collecter des informations pertinentes sans vous identifier personnellement, en gardant les informations agr\u00e9g\u00e9es et anonymes. Par exemple, ces cookies peuvent d\u00e9tecter les pages que vous visitez le plus souvent, ainsi que savoir si vous rencontrez des erreurs sur les pages, ou dans les sections de la page que vous consultez, ou dans les boutons sur lesquels vous cliquez, entre autres. Ces Cookies ne seront install\u00e9s sur votre terminal que si vous acceptez express\u00e9ment leur utilisation ou si la loi autorise leur installation par exception.  <\/p>\n<\/li>\n<\/ol>\n<p style=\"text-align: justify;\">En ce sens, tous les cookies utilis\u00e9s par le site Web seront stock\u00e9s sur votre appareil pendant le temps n\u00e9cessaire \u00e0 la r\u00e9alisation de l\u2019objectif pour lequel ils ont \u00e9t\u00e9 install\u00e9s, et pendant un maximum de 2 ans, \u00e0 moins que vous ne d\u00e9cidiez de les supprimer via les options de configuration de votre navigateur, comme indiqu\u00e9 dans la section suivante de la pr\u00e9sente politique de cookies.<\/p>\n<p style=\"text-align: justify;\">Certaines des donn\u00e9es personnelles collect\u00e9es par l\u2019utilisation de cookies tiers peuvent \u00eatre transf\u00e9r\u00e9es vers d\u2019autres pays. Dans ces cas, nous vous assurons que les mesures n\u00e9cessaires seront prises pour sauvegarder la confidentialit\u00e9, l\u2019int\u00e9grit\u00e9 et la disponibilit\u00e9 de ces donn\u00e9es, conform\u00e9ment aux normes \u00e9tablies dans le RGPD, en appliquant les d\u00e9cisions d\u2019ad\u00e9quation \u00e9mises par la Commission europ\u00e9enne ou, \u00e0 d\u00e9faut, en signant les clauses contractuelles types correspondantes ou des garanties ad\u00e9quates assurant un niveau de protection \u00e9quivalent. Si vous souhaitez plus d\u2019informations sur les transferts internationaux effectu\u00e9s par chaque fournisseur tiers, vous pouvez consulter leurs politiques de confidentialit\u00e9 dans la section correspondante mentionn\u00e9e dans cette section.  <\/p>\n<p style=\"text-align: justify; margin: 0; padding: 0;\">Les cookies que nous utilisons sont les suivants :<\/p>\n<div class=\"cky-audit-table-element\"><\/div>\n<p>&nbsp;<\/p>\n<\/li>\n<li><strong>COMMENT D\u00c9FINIR LES COOKIES ?<\/strong>\n<p style=\"text-align: justify;\">Vous pouvez accepter ou refuser les cookies \u00e0 tout moment en acc\u00e9dant \u00e0 notre panneau de pr\u00e9f\u00e9rences qui appara\u00eet lorsque vous acc\u00e9dez pour la premi\u00e8re fois au site Web. Vous aurez \u00e9galement la possibilit\u00e9 d\u2019y acc\u00e9der ici : <\/p>\n<p style=\"text-align: justify;\"><a href=\"#\" class=\"cky-banner-element\">Param\u00e8tres des cookies<\/a><\/p>\n<p style=\"text-align: justify;\">Vous pouvez \u00e9galement bloquer ou supprimer les cookies via les outils de configuration de votre navigateur, ou vous pouvez configurer votre navigateur pour qu\u2019il vous avertisse lorsqu\u2019un serveur souhaite stocker des cookies :<\/p>\n<ol style=\"text-align: justify;\">\n<li>Si vous utilisez Microsoft Edge (qui a remplac\u00e9 Internet Explorer), vous trouverez l\u2019option en cliquant sur le bouton de menu (trois points horizontaux) &gt; Param\u00e8tres &gt; Cookies et autorisations de site &gt; G\u00e9rer et supprimer les cookies et les donn\u00e9es de site.<\/li>\n<li>Si vous utilisez Firefox, vous trouverez l\u2019option en cliquant sur le bouton de menu (trois lignes horizontales) &gt; Param\u00e8tres &gt; Confidentialit\u00e9 et s\u00e9curit\u00e9 &gt; Cookies et donn\u00e9es de site.<\/li>\n<li>Si vous utilisez Chrome, sur le bouton de menu (trois points verticaux) &gt; Param\u00e8tres &gt; Confidentialit\u00e9 et s\u00e9curit\u00e9 &gt; Cookies et autres donn\u00e9es du site.<\/li>\n<li>Si vous utilisez Opera, vous pouvez configurer le navigateur en allant sur le bouton de menu (ic\u00f4ne O en haut \u00e0 gauche) &gt; Param\u00e8tres &gt; Confidentialit\u00e9 et s\u00e9curit\u00e9 &gt; Cookies et autres donn\u00e9es du site.<\/li>\n<li>Si vous utilisez Safari, vous trouverez l\u2019option dans le menu Pr\u00e9f\u00e9rences (Safari &gt; Pr\u00e9f\u00e9rences sur macOS) sous l\u2019onglet Confidentialit\u00e9.<\/li>\n<\/ol>\n<\/li>\n<li><strong>AUTRE<\/strong>\n<p style=\"text-align: justify;\">Il est \u00e0 noter que <strong>MAILERFIND<\/strong> se r\u00e9serve le droit de modifier sa politique de cookies \u00e0 tout moment qu\u2019il juge opportun, auquel cas les utilisateurs en seront inform\u00e9s. Pour cette raison, nous vous demandons de consulter p\u00e9riodiquement la pr\u00e9sente politique de cookies pour en prendre pleinement connaissance et accepter, le cas \u00e9ch\u00e9ant, les cookies correspondants. En acc\u00e9dant et en utilisant notre site Web, en tant qu\u2019utilisateur, vous d\u00e9clarez avoir \u00e9t\u00e9 inform\u00e9 des conditions relatives \u00e0 l\u2019utilisation de nos cookies, sans pr\u00e9judice du fait que l\u2019installation de certains cookies peut n\u00e9cessiter votre consentement expr\u00e8s via le panneau de configuration des cookies susmentionn\u00e9.  <\/p>\n<p style=\"text-align: justify;\">La pr\u00e9sente politique en mati\u00e8re de cookies est compl\u00e9t\u00e9e par la <a href=\"https:\/\/mailerfind.com\/fr\/politique-de-confidentialite\/\"><br \/>\n  <strong>politique de confidentialit\u00e9<\/strong><br \/>\n<\/a> et les <a href=\"https:\/\/mailerfind.com\/fr\/mentions-legales\/\"><br \/>\n  <strong>mentions l\u00e9gales<\/strong><br \/>\n<\/a>. Tout cela sans pr\u00e9judice de tout autre r\u00e8glement ou texte juridique qui doit \u00eatre introduit, compl\u00e9t\u00e9 ou pris en compte dans le respect des dispositions de la l\u00e9gislation en vigueur \u00e0 tout moment. <\/p>\n<\/li>\n<li><strong>CONSENTEMENT<\/strong>\n<p style=\"text-align: justify;\">Lorsque vous acc\u00e9dez pour la premi\u00e8re fois \u00e0 notre site Web, nous vous affichons une fen\u00eatre contextuelle contenant des informations sur l\u2019utilisation des cookies. En cliquant sur \u00ab Enregistrer les pr\u00e9f\u00e9rences \u00bb, vous consentez \u00e0 l\u2019utilisation des cat\u00e9gories de cookies que vous avez s\u00e9lectionn\u00e9es, conform\u00e9ment aux dispositions de la pr\u00e9sente politique en mati\u00e8re de cookies. Vous pouvez modifier vos pr\u00e9f\u00e9rences \u00e0 tout moment ou d\u00e9sactiver l\u2019utilisation des cookies \u00e0 partir des param\u00e8tres de votre navigateur. Cependant, veuillez noter que certaines fonctionnalit\u00e9s du site web peuvent ne pas fonctionner correctement si vous d\u00e9sactivez certains cookies.   <\/p>\n<\/li>\n<li><strong>ACTIVATION\/D\u00c9SACTIVATION ET SUPPRESSION DES COOKIES<\/strong>\n<p style=\"text-align: justify;\">Vous pouvez utiliser votre navigateur Internet pour supprimer les cookies automatiquement ou manuellement. Vous pouvez \u00e9galement sp\u00e9cifier que certains cookies ne peuvent pas \u00eatre plac\u00e9s ; <em>Dans ce cas, certaines fonctionnalit\u00e9s du site peuvent \u00eatre limit\u00e9es ou indisponibles<\/em>. Une autre option consiste \u00e0 modifier les param\u00e8tres de votre navigateur Internet afin de recevoir un message chaque fois qu\u2019un cookie est plac\u00e9. Pour plus d\u2019informations sur ces options, veuillez vous r\u00e9f\u00e9rer aux instructions dans la section \u00ab Aide \u00bb de votre navigateur.   <\/p>\n<p style=\"text-align: justify;\">Veuillez noter que notre site Web peut ne pas fonctionner correctement si tous les cookies sont d\u00e9sactiv\u00e9s. Si vous supprimez les cookies de votre navigateur, ils seront \u00e0 nouveau plac\u00e9s apr\u00e8s votre consentement lorsque vous visiterez \u00e0 nouveau nos sites Web. <\/p>\n<p style=\"text-align: justify;\"><strong>MAILERFIND, S.L., 2025. Tous droits r\u00e9serv\u00e9s. <\/strong><\/p>\n<\/li>\n<\/ol>\n<p>[\/et_pb_text][\/et_pb_column][\/et_pb_row][\/et_pb_section]<\/p>\n","protected":false},"excerpt":{"rendered":"<p>La version espagnole des contrats l\u00e9gaux et des politiques est consid\u00e9r\u00e9e comme la seule version actuelle et valide de ce document. Toute version traduite est fournie uniquement \u00e0 titre indicatif, afin de faciliter la lecture et la compr\u00e9hension de la version espagnole. Les versions traduites n&rsquo;ont aucune valeur l\u00e9gale et ne peuvent remplacer les versions [&hellip;]<\/p>\n","protected":false},"author":1,"featured_media":0,"parent":0,"menu_order":0,"comment_status":"closed","ping_status":"closed","template":"","meta":{"_acf_changed":false,"_et_pb_use_builder":"on","_et_pb_old_content":"","_et_gb_content_width":"","inline_featured_image":false,"footnotes":""},"class_list":["post-12382","page","type-page","status-publish","hentry"],"acf":[],"yoast_head":"<!-- This site is optimized with the Yoast SEO plugin v27.2 - https:\/\/yoast.com\/product\/yoast-seo-wordpress\/ -->\n<title>Politique en mati\u00e8re de cookies - Mailerfind<\/title>\n<meta name=\"robots\" content=\"index, follow, max-snippet:-1, max-image-preview:large, max-video-preview:-1\" \/>\n<link rel=\"canonical\" href=\"https:\/\/mailerfind.com\/fr\/politique-en-matiere-de-cookies\/\" \/>\n<meta property=\"og:locale\" content=\"fr_FR\" \/>\n<meta property=\"og:type\" content=\"article\" \/>\n<meta property=\"og:title\" content=\"Politique en mati\u00e8re de cookies - Mailerfind\" \/>\n<meta property=\"og:description\" content=\"La version espagnole des contrats l\u00e9gaux et des politiques est consid\u00e9r\u00e9e comme la seule version actuelle et valide de ce document. Toute version traduite est fournie uniquement \u00e0 titre indicatif, afin de faciliter la lecture et la compr\u00e9hension de la version espagnole. Les versions traduites n&#039;ont aucune valeur l\u00e9gale et ne peuvent remplacer les versions [&hellip;]\" \/>\n<meta property=\"og:url\" content=\"https:\/\/mailerfind.com\/fr\/politique-en-matiere-de-cookies\/\" \/>\n<meta property=\"og:site_name\" content=\"Mailerfind\" \/>\n<meta property=\"article:publisher\" content=\"https:\/\/www.facebook.com\/people\/MailerFind\/100087419372784\/\" \/>\n<meta property=\"article:modified_time\" content=\"2025-09-30T12:29:59+00:00\" \/>\n<meta property=\"og:image\" content=\"https:\/\/mailerfind.com\/wp-content\/uploads\/mailerfind_banner.jpg\" \/>\n\t<meta property=\"og:image:width\" content=\"1920\" \/>\n\t<meta property=\"og:image:height\" content=\"1080\" \/>\n\t<meta property=\"og:image:type\" content=\"image\/jpeg\" \/>\n<meta name=\"twitter:card\" content=\"summary_large_image\" \/>\n<meta name=\"twitter:label1\" content=\"Dur\u00e9e de lecture estim\u00e9e\" \/>\n\t<meta name=\"twitter:data1\" content=\"10 minutes\" \/>\n<script type=\"application\/ld+json\" class=\"yoast-schema-graph\">{\"@context\":\"https:\/\/schema.org\",\"@graph\":[{\"@type\":\"WebPage\",\"@id\":\"https:\/\/mailerfind.com\/fr\/politique-en-matiere-de-cookies\/\",\"url\":\"https:\/\/mailerfind.com\/fr\/politique-en-matiere-de-cookies\/\",\"name\":\"Politique en mati\u00e8re de cookies - Mailerfind\",\"isPartOf\":{\"@id\":\"https:\/\/mailerfind.com\/fr\/#website\"},\"datePublished\":\"2025-09-04T11:37:36+00:00\",\"dateModified\":\"2025-09-30T12:29:59+00:00\",\"breadcrumb\":{\"@id\":\"https:\/\/mailerfind.com\/fr\/politique-en-matiere-de-cookies\/#breadcrumb\"},\"inLanguage\":\"fr-FR\",\"potentialAction\":[{\"@type\":\"ReadAction\",\"target\":[\"https:\/\/mailerfind.com\/fr\/politique-en-matiere-de-cookies\/\"]}]},{\"@type\":\"BreadcrumbList\",\"@id\":\"https:\/\/mailerfind.com\/fr\/politique-en-matiere-de-cookies\/#breadcrumb\",\"itemListElement\":[{\"@type\":\"ListItem\",\"position\":1,\"name\":\"Home\",\"item\":\"https:\/\/mailerfind.com\/fr\/\"},{\"@type\":\"ListItem\",\"position\":2,\"name\":\"Politique en mati\u00e8re de cookies\"}]},{\"@type\":\"WebSite\",\"@id\":\"https:\/\/mailerfind.com\/fr\/#website\",\"url\":\"https:\/\/mailerfind.com\/fr\/\",\"name\":\"Mailerfind\",\"description\":\"Get hundreds to even thousands of emails, phone numbers &amp; details daily, ethically for free of any Instagram pages followers\",\"publisher\":{\"@id\":\"https:\/\/mailerfind.com\/fr\/#organization\"},\"potentialAction\":[{\"@type\":\"SearchAction\",\"target\":{\"@type\":\"EntryPoint\",\"urlTemplate\":\"https:\/\/mailerfind.com\/fr\/?s={search_term_string}\"},\"query-input\":{\"@type\":\"PropertyValueSpecification\",\"valueRequired\":true,\"valueName\":\"search_term_string\"}}],\"inLanguage\":\"fr-FR\"},{\"@type\":\"Organization\",\"@id\":\"https:\/\/mailerfind.com\/fr\/#organization\",\"name\":\"Mailerfind\",\"url\":\"https:\/\/mailerfind.com\/fr\/\",\"logo\":{\"@type\":\"ImageObject\",\"inLanguage\":\"fr-FR\",\"@id\":\"https:\/\/mailerfind.com\/fr\/#\/schema\/logo\/image\/\",\"url\":\"https:\/\/mailerfind.com\/wp-content\/uploads\/appicon.png\",\"contentUrl\":\"https:\/\/mailerfind.com\/wp-content\/uploads\/appicon.png\",\"width\":500,\"height\":500,\"caption\":\"Mailerfind\"},\"image\":{\"@id\":\"https:\/\/mailerfind.com\/fr\/#\/schema\/logo\/image\/\"},\"sameAs\":[\"https:\/\/www.facebook.com\/people\/MailerFind\/100087419372784\/\"]}]}<\/script>\n<!-- \/ Yoast SEO plugin. -->","yoast_head_json":{"title":"Politique en mati\u00e8re de cookies - Mailerfind","robots":{"index":"index","follow":"follow","max-snippet":"max-snippet:-1","max-image-preview":"max-image-preview:large","max-video-preview":"max-video-preview:-1"},"canonical":"https:\/\/mailerfind.com\/fr\/politique-en-matiere-de-cookies\/","og_locale":"fr_FR","og_type":"article","og_title":"Politique en mati\u00e8re de cookies - Mailerfind","og_description":"La version espagnole des contrats l\u00e9gaux et des politiques est consid\u00e9r\u00e9e comme la seule version actuelle et valide de ce document. Toute version traduite est fournie uniquement \u00e0 titre indicatif, afin de faciliter la lecture et la compr\u00e9hension de la version espagnole. Les versions traduites n'ont aucune valeur l\u00e9gale et ne peuvent remplacer les versions [&hellip;]","og_url":"https:\/\/mailerfind.com\/fr\/politique-en-matiere-de-cookies\/","og_site_name":"Mailerfind","article_publisher":"https:\/\/www.facebook.com\/people\/MailerFind\/100087419372784\/","article_modified_time":"2025-09-30T12:29:59+00:00","og_image":[{"width":1920,"height":1080,"url":"https:\/\/mailerfind.com\/wp-content\/uploads\/mailerfind_banner.jpg","type":"image\/jpeg"}],"twitter_card":"summary_large_image","twitter_misc":{"Dur\u00e9e de lecture estim\u00e9e":"10 minutes"},"schema":{"@context":"https:\/\/schema.org","@graph":[{"@type":"WebPage","@id":"https:\/\/mailerfind.com\/fr\/politique-en-matiere-de-cookies\/","url":"https:\/\/mailerfind.com\/fr\/politique-en-matiere-de-cookies\/","name":"Politique en mati\u00e8re de cookies - Mailerfind","isPartOf":{"@id":"https:\/\/mailerfind.com\/fr\/#website"},"datePublished":"2025-09-04T11:37:36+00:00","dateModified":"2025-09-30T12:29:59+00:00","breadcrumb":{"@id":"https:\/\/mailerfind.com\/fr\/politique-en-matiere-de-cookies\/#breadcrumb"},"inLanguage":"fr-FR","potentialAction":[{"@type":"ReadAction","target":["https:\/\/mailerfind.com\/fr\/politique-en-matiere-de-cookies\/"]}]},{"@type":"BreadcrumbList","@id":"https:\/\/mailerfind.com\/fr\/politique-en-matiere-de-cookies\/#breadcrumb","itemListElement":[{"@type":"ListItem","position":1,"name":"Home","item":"https:\/\/mailerfind.com\/fr\/"},{"@type":"ListItem","position":2,"name":"Politique en mati\u00e8re de cookies"}]},{"@type":"WebSite","@id":"https:\/\/mailerfind.com\/fr\/#website","url":"https:\/\/mailerfind.com\/fr\/","name":"Mailerfind","description":"Get hundreds to even thousands of emails, phone numbers &amp; details daily, ethically for free of any Instagram pages followers","publisher":{"@id":"https:\/\/mailerfind.com\/fr\/#organization"},"potentialAction":[{"@type":"SearchAction","target":{"@type":"EntryPoint","urlTemplate":"https:\/\/mailerfind.com\/fr\/?s={search_term_string}"},"query-input":{"@type":"PropertyValueSpecification","valueRequired":true,"valueName":"search_term_string"}}],"inLanguage":"fr-FR"},{"@type":"Organization","@id":"https:\/\/mailerfind.com\/fr\/#organization","name":"Mailerfind","url":"https:\/\/mailerfind.com\/fr\/","logo":{"@type":"ImageObject","inLanguage":"fr-FR","@id":"https:\/\/mailerfind.com\/fr\/#\/schema\/logo\/image\/","url":"https:\/\/mailerfind.com\/wp-content\/uploads\/appicon.png","contentUrl":"https:\/\/mailerfind.com\/wp-content\/uploads\/appicon.png","width":500,"height":500,"caption":"Mailerfind"},"image":{"@id":"https:\/\/mailerfind.com\/fr\/#\/schema\/logo\/image\/"},"sameAs":["https:\/\/www.facebook.com\/people\/MailerFind\/100087419372784\/"]}]}},"_links":{"self":[{"href":"https:\/\/mailerfind.com\/fr\/wp-json\/wp\/v2\/pages\/12382","targetHints":{"allow":["GET"]}}],"collection":[{"href":"https:\/\/mailerfind.com\/fr\/wp-json\/wp\/v2\/pages"}],"about":[{"href":"https:\/\/mailerfind.com\/fr\/wp-json\/wp\/v2\/types\/page"}],"author":[{"embeddable":true,"href":"https:\/\/mailerfind.com\/fr\/wp-json\/wp\/v2\/users\/1"}],"replies":[{"embeddable":true,"href":"https:\/\/mailerfind.com\/fr\/wp-json\/wp\/v2\/comments?post=12382"}],"version-history":[{"count":0,"href":"https:\/\/mailerfind.com\/fr\/wp-json\/wp\/v2\/pages\/12382\/revisions"}],"wp:attachment":[{"href":"https:\/\/mailerfind.com\/fr\/wp-json\/wp\/v2\/media?parent=12382"}],"curies":[{"name":"wp","href":"https:\/\/api.w.org\/{rel}","templated":true}]}}