{"id":12354,"date":"2025-09-04T12:38:52","date_gmt":"2025-09-04T10:38:52","guid":{"rendered":"https:\/\/mailerfind.com\/note-legali\/"},"modified":"2025-09-30T13:01:07","modified_gmt":"2025-09-30T11:01:07","slug":"note-legali","status":"publish","type":"page","link":"https:\/\/mailerfind.com\/it\/note-legali\/","title":{"rendered":"Note legali"},"content":{"rendered":"<p>[et_pb_section fb_built=&#8221;1&#8243; _builder_version=&#8221;4.27.4&#8243; _module_preset=&#8221;default&#8221; global_colors_info=&#8221;{}&#8221;][et_pb_row _builder_version=&#8221;4.27.4&#8243; _module_preset=&#8221;default&#8221; max_width=&#8221;550px&#8221; global_colors_info=&#8221;{}&#8221;][et_pb_column type=&#8221;4_4&#8243; _builder_version=&#8221;4.27.4&#8243; _module_preset=&#8221;default&#8221; global_colors_info=&#8221;{}&#8221;][et_pb_text _builder_version=&#8221;4.27.4&#8243; _module_preset=&#8221;default&#8221; hover_enabled=&#8221;0&#8243; sticky_enabled=&#8221;0&#8243;]<\/p>\n<p style=\"color: #387dff; background-color: #e2ecff; padding: 15px; border-radius: 0.31em;\">La versione in lingua spagnola dei contratti legali e delle politiche \u00e8 considerata l&#8217;unica versione attuale e valida di questo documento. Qualsiasi versione tradotta \u00e8 fornita esclusivamente per tua comodit\u00e0, al fine di facilitare la lettura e la comprensione della versione in spagnolo. Le versioni tradotte non hanno valore legale e non possono sostituire quelle in lingua spagnola. In caso di disaccordo o conflitto, prevarranno i contratti legali e le politiche redatte in spagnolo.<\/p>\n<p>[\/et_pb_text][et_pb_text _builder_version=&#8221;4.27.4&#8243; _module_preset=&#8221;default&#8221; custom_css_free_form=&#8221;selector li:not(.policy-li){||  margin-top: 1em; \/* espacio extra debajo de cada item *\/||  margin-bottom: 1em;||}&#8221; global_colors_info=&#8221;{}&#8221;]<\/p>\n<h1 style=\"text-align: justify;\"><strong>Note legali<\/strong><\/h1>\n<p style=\"text-align: justify;\"><em><\/em><\/p>\n<p style=\"text-align: justify;\"><em>Ultimo aggiornamento: settembre 2025<\/em><\/p>\n<ol style=\"text-align: justify;\">\n<li><strong>OGGETTO<\/strong>\n<p style=\"text-align: justify;\"><strong>MAILERFIND, S.L.<\/strong> (di seguito denominato &#8220;<strong>MAILERFIND&#8221;,<\/strong> &#8220;<strong>noi<\/strong>&#8220;, &#8220;<strong>nostro<\/strong><strong>&#8220;, &#8220;<\/strong><strong>ci<\/strong>&#8220;), desidera offrire a te come utente (di <strong>seguito denominato &#8220;<\/strong><strong>Utente<\/strong>&#8220;, &#8220;<strong>tu<\/strong>&#8220;, &#8220;tu&#8221; e &#8220;<strong>tuo<\/strong>&#8220;) un&#8217;esperienza e un servizio sicuri nel nostro ambiente web situato <a href=\"https:\/\/mailerfind.com\/es\/\">all&#8217;indirizzo https:\/\/mailerfind.com<\/a> (di seguito denominato &#8220;<strong>Sito web<\/strong>&#8220;).<\/p>\n<p style=\"text-align: justify;\">Per questo motivo, abbiamo implementato il presente Avviso Legale, conforme alla Legge 34\/2002, dell&#8217;11 luglio, sui Servizi della Societ\u00e0 dell&#8217;Informazione e del Commercio Elettronico (&#8220;<strong>LSSICE&#8221;),<\/strong> al fine di regolare l&#8217;accesso, la navigazione e l&#8217;utilizzo del Sito Web, nonch\u00e9 di informarti dei tuoi diritti e obblighi in relazione ai contenuti in esso mostrati e delle responsabilit\u00e0 che possono derivare dal loro utilizzo.<\/p>\n<p style=\"text-align: justify;\">Inoltre, \u00e8 importante tenere presente che rispettiamo le norme stabilite dal regolamento (UE) 2016\/679 del Parlamento europeo e del Consiglio, del 27 aprile 2016, relativo alla protezione delle persone fisiche con riguardo al trattamento dei dati personali, nonch\u00e9 alla libera circolazione di tali dati e che abroga la direttiva 95\/46\/CE (di seguito,  il &#8220;<strong>GDPR&#8221;)<\/strong> e la Legge Organica 3\/2018, del 5 dicembre, sulla Protezione dei Dati Personali e la Garanzia dei Diritti Digitali (&#8220;<strong>LOPDGDD&#8221;),<\/strong> che forniscono una protezione completa dei dati personali.<\/p>\n<p style=\"text-align: justify;\">In linea con quanto sopra, ti informiamo che l&#8217;accesso, la navigazione o l&#8217;utilizzo del Sito Web implica l&#8217;accettazione espressa e incondizionata di tutti i termini del presente Avviso Legale, aventi la stessa validit\u00e0 ed efficacia di qualsiasi contratto stipulato per iscritto e sottoscritto. Tuttavia, <strong>MAILERFIND<\/strong> si riserva il diritto di modificare la presentazione, la configurazione e il contenuto del Sito Web, nonch\u00e9 il presente Avviso Legale, pertanto si consiglia di rivederlo costantemente. <\/p>\n<\/li>\n<li><strong>IDENTIFICAZIONE<\/strong>\n<ul style=\"text-align: justify;\">\n<li class=\"policy-li\"><strong>Proprietario:<\/strong> MAILERFIND, S.L.<\/li>\n<li class=\"policy-li\"><strong>Sede legale:<\/strong> Passatge Arnaldeta de Caboet, n\u00famero 11, Edifici La Torre, 2n 1\u00aa (AD700), Escaldes-Engordany, Principat d&#8217;Andorra.<\/li>\n<li class=\"policy-li\"><strong>NRT:<\/strong> L-720969-L<\/li>\n<li class=\"policy-li\"><strong>Dati di registro:<\/strong> Registre de Societats d&#8217;Andorra, con sede in Llibre S-497, Foli 301-310, numero di registro 25.880<\/li>\n<li class=\"policy-li\"><strong>Indirizzo e-mail:<\/strong> <a href=\"mailto:legal@mailerfind.com\">legal@mailerfind.com<\/a><\/li>\n<\/ul>\n<\/li>\n<li><strong>DIRITTI DI PROPRIET\u00c0 INTELLETTUALE E INDUSTRIALE<\/strong>\n<p style=\"text-align: justify;\"><strong>MAILERFIND<\/strong> \u00e8 il proprietario o, se del caso, detiene le licenze corrispondenti, dei diritti di propriet\u00e0 intellettuale, industriale, di immagine o di qualsiasi altro diritto di propriet\u00e0 simile sul Sito Web, nonch\u00e9 su tutti i contenuti ivi offerti, inclusi, a titolo esemplificativo ma non esaustivo, il codice sorgente e la programmazione, il design, la struttura di navigazione,  le fotografie, le illustrazioni, i loghi, i marchi, la grafica, le interfacce o qualsiasi altra informazione o contenuto in essi contenuto.<\/p>\n<p style=\"text-align: justify;\">\u00c8 severamente vietato modificare, copiare, distribuire, incorniciare, riprodurre, ripubblicare, scaricare, estrarre, visualizzare, pubblicare, trasferire o vendere, in tutto o in parte, qualsiasi contenuto del Sito senza la preventiva autorizzazione scritta di <strong>MAILERFIND.<\/strong> In qualit\u00e0 di Utente, hai solo un diritto di utilizzo non esclusivo, strettamente domestico, per navigare e godere dei nostri servizi attraverso il Sito Web in conformit\u00e0 con il presente Avviso Legale. <\/p>\n<p style=\"text-align: justify;\"><strong>MAILERFIND<\/strong> si riserva il diritto di intraprendere tutte le azioni legali che riterr\u00e0 opportune in caso di utilizzo non autorizzato delle informazioni contenute nel sito web, nonch\u00e9 in caso di violazione dei diritti di propriet\u00e0 intellettuale <strong>di MAILERFIND<\/strong>.<\/p>\n<\/li>\n<li><strong>REGOLE DI UTILIZZO DEL SITO WEB<\/strong>\n<p style=\"text-align: justify;\">Non \u00e8 consentito e, pertanto, le conseguenze saranno di esclusiva responsabilit\u00e0 dell&#8217;utente, l&#8217;accesso o l&#8217;utilizzo del Sito Web per scopi illegali o non autorizzati, con o senza intento economico. In particolare, e senza limitazioni, sono vietate le seguenti azioni: <\/p>\n<ol style=\"text-align: justify;\">\n<li>Utilizzare il Sito Web in qualsiasi modo che possa causare danni, interruzioni, disservizi o difetti nel suo funzionamento, nonch\u00e9 su dispositivi di terze parti;<\/li>\n<li>Utilizzare il sito Web per la trasmissione, l&#8217;installazione o la pubblicazione di virus, cavalli di, worm, bombe logiche, codice dannoso o altri programmi o file dannosi;<\/li>\n<li>Utilizzare il Sito Web per trasmettere materiale per scopi pubblicitari o promozionali, inclusi spam, catene di Sant&#8217;Antonio, comunicazioni automatizzate o simili;<\/li>\n<li>Utilizzare il sito Web in un modo che costituisce una violazione dei diritti di <strong>MAILERFIND<\/strong> o di terzi;<\/li>\n<li>Utilizzare il sito Web per trasmettere o pubblicare qualsiasi materiale diffamatorio, offensivo, razzista, degradante, minaccioso o inquietante che possa danneggiare, ferire o semplicemente influenzare qualsiasi persona;<\/li>\n<li>Utilizzare il Sito Web per raccogliere dati personali da altri utenti;<\/li>\n<li>Utilizzare il Sito Web in modo illegale, contrario alla buona fede, al buon costume e\/o all&#8217;ordine pubblico;<\/li>\n<li>Accesso non autorizzato a qualsiasi sezione del Sito, ad altri sistemi o reti ad esso collegati, a qualsiasi server <strong>di MAILERFIND<\/strong> o ai servizi offerti attraverso il Sito tramite hacking, falsificazione, estrazione di password o qualsiasi altro mezzo illegittimo;<\/li>\n<li>Pubblicare contenuti in aree inappropriate del Sito Web; e<\/li>\n<li>Eseguire qualsiasi azione che provochi una saturazione sproporzionata o non necessaria dell&#8217;infrastruttura del Sito Web, o dei sistemi o delle reti di <strong>MAILERFIND,<\/strong> nonch\u00e9 dei sistemi e delle reti connesse al Sito Web;<\/li>\n<\/ol>\n<p style=\"text-align: justify;\">Il mancato rispetto da parte dell&#8217;utente di uno qualsiasi degli obblighi di cui sopra pu\u00f2 comportare l&#8217;adozione da <strong>parte di MAILERFIND<\/strong> di azioni appropriate nell&#8217;ambito della legge e nell&#8217;esercizio dei suoi diritti e obblighi.<\/p>\n<p style=\"text-align: justify;\">Per quanto riguarda le regole di interazione tra gli utenti, i commenti, i messaggi, le pubblicazioni o i contenuti simili che possono essere inclusi nel Sito Web, si applicheranno gli obblighi stabiliti nella presente sezione dell&#8217;Avviso Legale. <strong>MAILERFIND<\/strong> ha l&#8217;autorit\u00e0 di rimuovere commenti e contributi che violano la dignit\u00e0 delle persone, sono discriminatori, xenofobi, razzisti o che minacciano il benessere dei giovani o dei bambini, l&#8217;ordine pubblico o la sicurezza, o che sono considerati inappropriati per la pubblicazione, a condizione che <strong>MAILERFIND<\/strong> abbia prove affidabili di tali circostanze. In ogni caso, <strong>MAILERFIND<\/strong> non \u00e8 responsabile delle opinioni espresse da qualsiasi utente attraverso gli spazi di pubblicazione integrati nel suo sito web, le chat o altri strumenti di partecipazione. <\/p>\n<p style=\"text-align: justify;\">Se l&#8217;utente viene a conoscenza della pubblicazione di informazioni inesatte, obsolete, false o dell&#8217;esistenza di contenuti illegali o che potrebbero costituire una violazione dei diritti di propriet\u00e0 intellettuale, delle leggi applicabili in materia di protezione dei dati e\/o di qualsiasi altro diritto, l&#8217;utente \u00e8 tenuto a informare immediatamente <strong>MAILERFIND<\/strong> (<a href=\"mailto:privacy@mailerfind.com\">privacy@mailerfind.com<\/a>) in modo che possano essere prese le misure appropriate.<\/p>\n<p style=\"text-align: justify;\">Allo stesso modo, <strong>MAILERFIND<\/strong> si riserva il diritto di sospendere, modificare, limitare o interrompere, temporaneamente o permanentemente, l&#8217;accesso, la navigazione, l&#8217;uso, l&#8217;hosting e\/o il download di contenuti e\/o l&#8217;utilizzo dei servizi del Sito Web, con o senza preavviso, agli utenti che contravvengono a una qualsiasi delle disposizioni dettagliate nel presente Avviso Legale, senza la possibilit\u00e0 di richiedere un risarcimento per questo motivo.<\/p>\n<\/li>\n<li><strong>RESPONSABILIT\u00c0 E GARANZIE<\/strong>\n<p style=\"text-align: justify;\"><strong>MAILERFIND<\/strong> non pu\u00f2 garantire l&#8217;affidabilit\u00e0, l&#8217;utilit\u00e0 o la veridicit\u00e0 di tutte le informazioni contenute nel Sito Web, n\u00e9 l&#8217;utilit\u00e0 o la veridicit\u00e0 dei contenuti messi a disposizione degli utenti attraverso di esso. Di conseguenza, <strong>MAILERFIND<\/strong> non garantisce e non \u00e8 responsabile per: <\/p>\n<ol style=\"text-align: justify;\">\n<li>La continuit\u00e0 dei contenuti del Sito Web;<\/li>\n<li>L&#8217;assenza di errori in tali contenuti;<\/li>\n<li>L&#8217;assenza di virus, cavalli di, worm, bombe logiche e\/o altri componenti dannosi o tecnologicamente dannosi sul Sito Web o sul server che lo fornisce;<\/li>\n<li>L&#8217;invulnerabilit\u00e0 del Sito e\/o l&#8217;impossibilit\u00e0 di violare le misure di sicurezza ivi adottate;<\/li>\n<li>La mancanza di utilit\u00e0 o prestazioni dei contenuti del Sito Web;<\/li>\n<li>I guasti del Sito Web causati da qualsiasi tipo di attacco ai suoi server o a quelli di fornitori di servizi terzi di <strong>MAILERFIND,<\/strong> nonch\u00e9 i guasti tecnici o di sicurezza del sistema di uno qualsiasi di questi fornitori che ostacolano il funzionamento del Sito Web;<\/li>\n<li>Qualsiasi guasto tecnico di qualsiasi tipo che ostacoli, ritardi o impedisca il corretto funzionamento del Sito Web; e<\/li>\n<li>Danni causati a se stessi o a terzi da qualsiasi persona che violi le condizioni, le regole e le istruzioni stabilite da <strong>MAILERFIND<\/strong> sul Sito Web o violando i sistemi di sicurezza.<\/li>\n<\/ol>\n<\/li>\n<li><strong>POLITICA DEI COLLEGAMENTI<\/strong>\n<p style=\"text-align: justify;\"><strong>MAILERFIND<\/strong> non autorizza la pubblicazione di alcun link che reindirizza al Sito Web su altri siti web che contengano materiali, informazioni o contenuti illegali, illeciti, degradanti, osceni, contrari alla legge, alla morale, all&#8217;ordine pubblico o alle norme sociali generalmente accettate. <strong>MAILERFIND<\/strong> non ha il potere, i mezzi tecnici o le risorse umane per conoscere, controllare o approvare tutte le informazioni, i contenuti, i prodotti o i servizi forniti da altri siti web che hanno pubblicato link che reindirizzano al sito web. <strong>Di conseguenza, MAILERFIND<\/strong> non si assume alcuna responsabilit\u00e0 per qualsiasi aspetto relativo ai siti web che pubblicano tale link web. <\/p>\n<p style=\"text-align: justify;\">In ogni caso, <strong>MAILERFIND<\/strong> si riserva il diritto di vietare i link che reindirizzano al Sito Web e di richiederne la rimozione quando non rispettano le condizioni stabilite in questa sezione.<\/p>\n<\/li>\n<li><strong>SERVIZIO CLIENTI<\/strong>\n<p style=\"text-align: justify;\">Hai a tua disposizione il servizio di assistenza utenti, attraverso il quale <strong>MAILERFIND<\/strong> si occuper\u00e0 di domande, reclami e suggerimenti da te sollevati. \u00c8 possibile accedere al servizio clienti tramite la seguente e-mail di contatto: <\/p>\n<ul style=\"text-align: justify;\">\n<li><strong>Indirizzo e-mail:<\/strong> <a href=\"mailto:legal@mailerfind.com\">legal@mailerfind.com<\/a><\/li>\n<\/ul>\n<p style=\"text-align: justify;\">Risponderemo ai reclami o alle richieste dell&#8217;utente il prima possibile e in ogni caso entro un periodo massimo di un (1) mese.<\/p>\n<\/li>\n<li><strong>RISERVATEZZA, PROTEZIONE DEI DATI E COOKIE<\/strong>\n<p style=\"text-align: justify;\">In conformit\u00e0 con le disposizioni del GDPR, della LOPDGDD e della LSSICE, tutti i dati personali forniti durante l&#8217;utilizzo e l&#8217;accesso al Sito Web saranno trattati in conformit\u00e0 con le disposizioni <strong>della nostra Informativa sulla privacy<\/strong> e della <strong>Politica sui cookie<\/strong>, che l&#8217;utente deve leggere e, se del caso, accettare.<\/p>\n<\/li>\n<li><strong>CLAUSOLA DI SALVAGUARDIA<\/strong>\n<p style=\"text-align: justify;\">Tutte le clausole del presente Avviso Legale devono essere interpretate in modo indipendente e il resto delle clausole non sar\u00e0 influenzato nel caso in cui una di esse sia stata dichiarata nulla da una sentenza del tribunale o da una decisione arbitrale definitiva. La clausola o le clausole interessate saranno sostituite da un&#8217;altra o da altre che conservano gli effetti desiderati dal presente Avviso Legale. <\/p>\n<\/li>\n<li><strong>INDENNIT\u00c0<\/strong>\n<p style=\"text-align: justify;\">Con la presente, nella misura massima consentita dalla legge, l&#8217;utente accetta di difendere, indennizzare e tenere indenne noi, inclusi i nostri rispettivi direttori, direttori, dipendenti, partner, rappresentanti, successori e cessionari, indenni da qualsiasi perdita, responsabilit\u00e0, reclamo o richiesta, comprese le ragionevoli spese legali e altre spese legali, avanzate da terzi a seguito dell&#8217;utilizzo del sito Web.<\/p>\n<\/li>\n<li><strong>LEGGE APPLICABILE E GIURISDIZIONE<\/strong>\n<p style=\"text-align: justify;\">Le normative applicabili determineranno le leggi che devono disciplinare e la giurisdizione che deve essere competente per i rapporti tra <strong>MAILERFIND<\/strong> e i suoi utenti. Tuttavia, a condizione che tale normativa preveda la possibilit\u00e0 per le parti di sottoporsi a una giurisdizione specifica, per qualsiasi questione contenziosa derivante da o relativa a questo sito web, sar\u00e0 applicabile la legislazione spagnola in vigore al momento della controversia. Allo stesso modo, nella misura massima consentita dalla legge, <strong>MAILERFIND<\/strong> e i suoi utenti, rinunciando espressamente a qualsiasi altra giurisdizione che possa loro corrispondere, si sottopongono alle Corti e ai Tribunali della citt\u00e0 di Barcellona.  <\/p>\n<\/li>\n<li><strong>ALTRI TESTI GIURIDICI<\/strong>\n<p style=\"text-align: justify;\">Il presente Avviso legale \u00e8 integrato <a href=\"https:\/\/mailerfind.com\/it\/informativa-sulla-privacy\/\"><strong>dall&#8217;Informativa sulla privacy<\/strong><\/a> e dall&#8217;Informativa <a href=\"https:\/\/mailerfind.com\/it\/politica-sui-cookie\/\"><strong>sui cookie<\/strong><\/a>. Quanto sopra non pregiudica qualsiasi altro regolamento o testo legale che possa essere necessario aggiungere, integrare o prendere in considerazione in conformit\u00e0 con le disposizioni della legislazione in vigore in un dato momento. <\/p>\n<\/li>\n<\/ol>\n<p style=\"text-align: justify;\"><strong>MAILERFIND, S.L. 2025. Tutti i diritti riservati. <\/strong><\/p>\n<p>&nbsp;<\/p>\n<p>[\/et_pb_text][\/et_pb_column][\/et_pb_row][\/et_pb_section]<\/p>\n","protected":false},"excerpt":{"rendered":"<p>La versione in lingua spagnola dei contratti legali e delle politiche \u00e8 considerata l&#8217;unica versione attuale e valida di questo documento. Qualsiasi versione tradotta \u00e8 fornita esclusivamente per tua comodit\u00e0, al fine di facilitare la lettura e la comprensione della versione in spagnolo. Le versioni tradotte non hanno valore legale e non possono sostituire quelle [&hellip;]<\/p>\n","protected":false},"author":1,"featured_media":0,"parent":0,"menu_order":0,"comment_status":"closed","ping_status":"closed","template":"","meta":{"_acf_changed":false,"_et_pb_use_builder":"on","_et_pb_old_content":"","_et_gb_content_width":"","inline_featured_image":false,"footnotes":""},"class_list":["post-12354","page","type-page","status-publish","hentry"],"acf":[],"yoast_head":"<!-- This site is optimized with the Yoast SEO plugin v27.2 - https:\/\/yoast.com\/product\/yoast-seo-wordpress\/ -->\n<title>Note legali - Mailerfind<\/title>\n<meta name=\"robots\" content=\"index, follow, max-snippet:-1, max-image-preview:large, max-video-preview:-1\" \/>\n<link rel=\"canonical\" href=\"https:\/\/mailerfind.com\/it\/note-legali\/\" \/>\n<meta property=\"og:locale\" content=\"it_IT\" \/>\n<meta property=\"og:type\" content=\"article\" \/>\n<meta property=\"og:title\" content=\"Note legali - Mailerfind\" \/>\n<meta property=\"og:description\" content=\"La versione in lingua spagnola dei contratti legali e delle politiche \u00e8 considerata l&#039;unica versione attuale e valida di questo documento. Qualsiasi versione tradotta \u00e8 fornita esclusivamente per tua comodit\u00e0, al fine di facilitare la lettura e la comprensione della versione in spagnolo. Le versioni tradotte non hanno valore legale e non possono sostituire quelle [&hellip;]\" \/>\n<meta property=\"og:url\" content=\"https:\/\/mailerfind.com\/it\/note-legali\/\" \/>\n<meta property=\"og:site_name\" content=\"Mailerfind\" \/>\n<meta property=\"article:publisher\" content=\"https:\/\/www.facebook.com\/people\/MailerFind\/100087419372784\/\" \/>\n<meta property=\"article:modified_time\" content=\"2025-09-30T11:01:07+00:00\" \/>\n<meta property=\"og:image\" content=\"https:\/\/mailerfind.com\/wp-content\/uploads\/mailerfind_banner.jpg\" \/>\n\t<meta property=\"og:image:width\" content=\"1920\" \/>\n\t<meta property=\"og:image:height\" content=\"1080\" \/>\n\t<meta property=\"og:image:type\" content=\"image\/jpeg\" \/>\n<meta name=\"twitter:card\" content=\"summary_large_image\" \/>\n<meta name=\"twitter:label1\" content=\"Tempo di lettura stimato\" \/>\n\t<meta name=\"twitter:data1\" content=\"10 minuti\" \/>\n<script type=\"application\/ld+json\" class=\"yoast-schema-graph\">{\"@context\":\"https:\/\/schema.org\",\"@graph\":[{\"@type\":\"WebPage\",\"@id\":\"https:\/\/mailerfind.com\/it\/note-legali\/\",\"url\":\"https:\/\/mailerfind.com\/it\/note-legali\/\",\"name\":\"Note legali - Mailerfind\",\"isPartOf\":{\"@id\":\"https:\/\/mailerfind.com\/it\/#website\"},\"datePublished\":\"2025-09-04T10:38:52+00:00\",\"dateModified\":\"2025-09-30T11:01:07+00:00\",\"breadcrumb\":{\"@id\":\"https:\/\/mailerfind.com\/it\/note-legali\/#breadcrumb\"},\"inLanguage\":\"it-IT\",\"potentialAction\":[{\"@type\":\"ReadAction\",\"target\":[\"https:\/\/mailerfind.com\/it\/note-legali\/\"]}]},{\"@type\":\"BreadcrumbList\",\"@id\":\"https:\/\/mailerfind.com\/it\/note-legali\/#breadcrumb\",\"itemListElement\":[{\"@type\":\"ListItem\",\"position\":1,\"name\":\"Home\",\"item\":\"https:\/\/mailerfind.com\/it\/mailerfind-ottieni-lead-qualificati-e-trasformali-in-denaro\/\"},{\"@type\":\"ListItem\",\"position\":2,\"name\":\"Note legali\"}]},{\"@type\":\"WebSite\",\"@id\":\"https:\/\/mailerfind.com\/it\/#website\",\"url\":\"https:\/\/mailerfind.com\/it\/\",\"name\":\"Mailerfind\",\"description\":\"Get hundreds to even thousands of emails, phone numbers &amp; details daily, ethically for free of any Instagram pages followers\",\"publisher\":{\"@id\":\"https:\/\/mailerfind.com\/it\/#organization\"},\"potentialAction\":[{\"@type\":\"SearchAction\",\"target\":{\"@type\":\"EntryPoint\",\"urlTemplate\":\"https:\/\/mailerfind.com\/it\/?s={search_term_string}\"},\"query-input\":{\"@type\":\"PropertyValueSpecification\",\"valueRequired\":true,\"valueName\":\"search_term_string\"}}],\"inLanguage\":\"it-IT\"},{\"@type\":\"Organization\",\"@id\":\"https:\/\/mailerfind.com\/it\/#organization\",\"name\":\"Mailerfind\",\"url\":\"https:\/\/mailerfind.com\/it\/\",\"logo\":{\"@type\":\"ImageObject\",\"inLanguage\":\"it-IT\",\"@id\":\"https:\/\/mailerfind.com\/it\/#\/schema\/logo\/image\/\",\"url\":\"https:\/\/mailerfind.com\/wp-content\/uploads\/appicon.png\",\"contentUrl\":\"https:\/\/mailerfind.com\/wp-content\/uploads\/appicon.png\",\"width\":500,\"height\":500,\"caption\":\"Mailerfind\"},\"image\":{\"@id\":\"https:\/\/mailerfind.com\/it\/#\/schema\/logo\/image\/\"},\"sameAs\":[\"https:\/\/www.facebook.com\/people\/MailerFind\/100087419372784\/\"]}]}<\/script>\n<!-- \/ Yoast SEO plugin. -->","yoast_head_json":{"title":"Note legali - Mailerfind","robots":{"index":"index","follow":"follow","max-snippet":"max-snippet:-1","max-image-preview":"max-image-preview:large","max-video-preview":"max-video-preview:-1"},"canonical":"https:\/\/mailerfind.com\/it\/note-legali\/","og_locale":"it_IT","og_type":"article","og_title":"Note legali - Mailerfind","og_description":"La versione in lingua spagnola dei contratti legali e delle politiche \u00e8 considerata l'unica versione attuale e valida di questo documento. Qualsiasi versione tradotta \u00e8 fornita esclusivamente per tua comodit\u00e0, al fine di facilitare la lettura e la comprensione della versione in spagnolo. Le versioni tradotte non hanno valore legale e non possono sostituire quelle [&hellip;]","og_url":"https:\/\/mailerfind.com\/it\/note-legali\/","og_site_name":"Mailerfind","article_publisher":"https:\/\/www.facebook.com\/people\/MailerFind\/100087419372784\/","article_modified_time":"2025-09-30T11:01:07+00:00","og_image":[{"width":1920,"height":1080,"url":"https:\/\/mailerfind.com\/wp-content\/uploads\/mailerfind_banner.jpg","type":"image\/jpeg"}],"twitter_card":"summary_large_image","twitter_misc":{"Tempo di lettura stimato":"10 minuti"},"schema":{"@context":"https:\/\/schema.org","@graph":[{"@type":"WebPage","@id":"https:\/\/mailerfind.com\/it\/note-legali\/","url":"https:\/\/mailerfind.com\/it\/note-legali\/","name":"Note legali - Mailerfind","isPartOf":{"@id":"https:\/\/mailerfind.com\/it\/#website"},"datePublished":"2025-09-04T10:38:52+00:00","dateModified":"2025-09-30T11:01:07+00:00","breadcrumb":{"@id":"https:\/\/mailerfind.com\/it\/note-legali\/#breadcrumb"},"inLanguage":"it-IT","potentialAction":[{"@type":"ReadAction","target":["https:\/\/mailerfind.com\/it\/note-legali\/"]}]},{"@type":"BreadcrumbList","@id":"https:\/\/mailerfind.com\/it\/note-legali\/#breadcrumb","itemListElement":[{"@type":"ListItem","position":1,"name":"Home","item":"https:\/\/mailerfind.com\/it\/mailerfind-ottieni-lead-qualificati-e-trasformali-in-denaro\/"},{"@type":"ListItem","position":2,"name":"Note legali"}]},{"@type":"WebSite","@id":"https:\/\/mailerfind.com\/it\/#website","url":"https:\/\/mailerfind.com\/it\/","name":"Mailerfind","description":"Get hundreds to even thousands of emails, phone numbers &amp; details daily, ethically for free of any Instagram pages followers","publisher":{"@id":"https:\/\/mailerfind.com\/it\/#organization"},"potentialAction":[{"@type":"SearchAction","target":{"@type":"EntryPoint","urlTemplate":"https:\/\/mailerfind.com\/it\/?s={search_term_string}"},"query-input":{"@type":"PropertyValueSpecification","valueRequired":true,"valueName":"search_term_string"}}],"inLanguage":"it-IT"},{"@type":"Organization","@id":"https:\/\/mailerfind.com\/it\/#organization","name":"Mailerfind","url":"https:\/\/mailerfind.com\/it\/","logo":{"@type":"ImageObject","inLanguage":"it-IT","@id":"https:\/\/mailerfind.com\/it\/#\/schema\/logo\/image\/","url":"https:\/\/mailerfind.com\/wp-content\/uploads\/appicon.png","contentUrl":"https:\/\/mailerfind.com\/wp-content\/uploads\/appicon.png","width":500,"height":500,"caption":"Mailerfind"},"image":{"@id":"https:\/\/mailerfind.com\/it\/#\/schema\/logo\/image\/"},"sameAs":["https:\/\/www.facebook.com\/people\/MailerFind\/100087419372784\/"]}]}},"_links":{"self":[{"href":"https:\/\/mailerfind.com\/it\/wp-json\/wp\/v2\/pages\/12354","targetHints":{"allow":["GET"]}}],"collection":[{"href":"https:\/\/mailerfind.com\/it\/wp-json\/wp\/v2\/pages"}],"about":[{"href":"https:\/\/mailerfind.com\/it\/wp-json\/wp\/v2\/types\/page"}],"author":[{"embeddable":true,"href":"https:\/\/mailerfind.com\/it\/wp-json\/wp\/v2\/users\/1"}],"replies":[{"embeddable":true,"href":"https:\/\/mailerfind.com\/it\/wp-json\/wp\/v2\/comments?post=12354"}],"version-history":[{"count":0,"href":"https:\/\/mailerfind.com\/it\/wp-json\/wp\/v2\/pages\/12354\/revisions"}],"wp:attachment":[{"href":"https:\/\/mailerfind.com\/it\/wp-json\/wp\/v2\/media?parent=12354"}],"curies":[{"name":"wp","href":"https:\/\/api.w.org\/{rel}","templated":true}]}}