{"id":12385,"date":"2025-09-04T13:37:36","date_gmt":"2025-09-04T11:37:36","guid":{"rendered":"https:\/\/mailerfind.com\/politica-sui-cookie\/"},"modified":"2025-09-30T14:29:23","modified_gmt":"2025-09-30T12:29:23","slug":"politica-sui-cookie","status":"publish","type":"page","link":"https:\/\/mailerfind.com\/it\/politica-sui-cookie\/","title":{"rendered":"Politica sui cookie"},"content":{"rendered":"<p>[et_pb_section fb_built=&#8221;1&#8243; _builder_version=&#8221;4.27.4&#8243; _module_preset=&#8221;default&#8221; global_colors_info=&#8221;{}&#8221;][et_pb_row _builder_version=&#8221;4.27.4&#8243; _module_preset=&#8221;default&#8221; width=&#8221;550px&#8221; global_colors_info=&#8221;{}&#8221;][et_pb_column type=&#8221;4_4&#8243; _builder_version=&#8221;4.27.4&#8243; _module_preset=&#8221;default&#8221; global_colors_info=&#8221;{}&#8221;][et_pb_text _builder_version=&#8221;4.27.4&#8243; _module_preset=&#8221;default&#8221; hover_enabled=&#8221;0&#8243; sticky_enabled=&#8221;0&#8243;]<\/p>\n<p style=\"color: #387dff; background-color: #e2ecff; padding: 15px; border-radius: 0.31em;\">La versione in lingua spagnola dei contratti legali e delle politiche \u00e8 considerata l&#8217;unica versione attuale e valida di questo documento. Qualsiasi versione tradotta \u00e8 fornita esclusivamente per tua comodit\u00e0, al fine di facilitare la lettura e la comprensione della versione in spagnolo. Le versioni tradotte non hanno valore legale e non possono sostituire quelle in lingua spagnola. In caso di disaccordo o conflitto, prevarranno i contratti legali e le politiche redatte in spagnolo.<\/p>\n<p>[\/et_pb_text][et_pb_text _builder_version=&#8221;4.27.4&#8243; _module_preset=&#8221;default&#8221; custom_css_free_form=&#8221;selector li:not(.policy-li){||  margin-top: 1em; \/* espacio extra debajo de cada item *\/||  margin-bottom: 1em;||}&#8221; global_colors_info=&#8221;{}&#8221;]<\/p>\n<h1 style=\"text-align: justify;\"><strong>Politica sui cookie<\/strong><\/h1>\n<p style=\"text-align: justify;\"><em><\/em><\/p>\n<p style=\"text-align: justify;\"><em>Ultimo aggiornamento: settembre 2025<\/em><\/p>\n<ol style=\"text-align: justify;\">\n<li><strong>OGGETTO<\/strong>\n<p style=\"text-align: justify;\"><strong>MAILERFIND, S.L.<\/strong> (di seguito denominato &#8220;<strong>MAILERFIND&#8221;,<\/strong> &#8220;<strong>noi<\/strong>&#8220;, &#8220;<strong>nostro<\/strong><strong>&#8220;, &#8220;<\/strong><strong>ci<\/strong>&#8220;), desidera offrire a te come utente (di seguito denominato &#8220;<strong>Utente<\/strong>&#8220;, &#8220;<strong>tu<\/strong>&#8220;, &#8220;<strong>tu<\/strong>&#8221; e &#8220;<strong>tuo<\/strong>&#8220;), un&#8217;esperienza e un servizio sicuri nel nostro ambiente web che si trova <a href=\"https:\/\/mailerfind.com\/es\/\">all&#8217;indirizzo https:\/\/mailerfind.com<\/a> (di seguito denominato &#8220;<strong>Sito web<\/strong>&#8220;).<\/p>\n<p style=\"text-align: justify;\">Di conseguenza, abbiamo implementato la presente Politica sui cookie, che rispetta le misure di sicurezza richieste dalla Legge Organica 3\/2018, del 5 dicembre, sulla protezione dei dati personali e la garanzia dei diritti digitali (&#8220;<strong>LOPDGDD&#8221;),<\/strong> il REGOLAMENTO EUROPEO SULLA PROTEZIONE DEI DATI PERSONALI 679\/2016, del 27 aprile, relativo alla protezione delle persone fisiche con riguardo al trattamento dei dati personali e alla libera circolazione di tali dati (&#8220;<strong>GDPR&#8221;),<\/strong> e la legge 34\/2002, dell&#8217;11 luglio, sui servizi della societ\u00e0 dell&#8217;informazione e del commercio elettronico (&#8220;<strong>LSSICE&#8221;).<\/strong> Tutto questo con l&#8217;obiettivo di garantire la tua privacy ed essere trasparente sull&#8217;utilizzo dei tuoi dati. <\/p>\n<p style=\"text-align: justify;\">In linea con quanto sopra, al fine di facilitare la tua navigazione sul Sito Web, ti informiamo che utilizziamo cookie o altri dispositivi simili di archiviazione e recupero dei dati (di seguito, &#8220;<strong>Cookie<\/strong>&#8220;) e agiamo in qualit\u00e0 di titolari del trattamento dei dati in conformit\u00e0 con il GDPR e la LOPDGDD. Alla luce di tutto quanto sopra, nella presente Informativa sui cookie, spiegheremo: (i) cosa sono i cookie, (ii) quali tipi di cookie utilizziamo sul nostro sito Web e (iii) come \u00e8 possibile configurarli o disabilitarli. Ti ricordiamo, infine, che puoi contattarci per qualsiasi domanda tu possa avere utilizzando i recapiti riportati al punto seguente.     <\/p>\n<\/li>\n<li><strong>IDENTIFICAZIONE<\/strong>\n<ul style=\"text-align: justify;\">\n<li class=\"policy-li\"><strong>Proprietario:<\/strong> MAILERFIND, S.L.<\/li>\n<li class=\"policy-li\"><strong>Sede legale:<\/strong> Passatge Arnaldeta de Caboet, n\u00famero 11, Edifici La Torre, 2n 1\u00aa (AD700), Escaldes-Engordany, Principat d&#8217;Andorra.<\/li>\n<li class=\"policy-li\"><strong>NRT:<\/strong> L-720969-L<\/li>\n<li class=\"policy-li\"><strong>Dati di registro:<\/strong> Registre de Societats d&#8217;Andorra, con sede in Llibre S-497, Foli 301-310, numero di registro 25.880<\/li>\n<li class=\"policy-li\"><strong>Indirizzo e-mail:<\/strong> <a href=\"mailto:privacy@mailerfind.com\">privacy@mailerfind.com<\/a><\/li>\n<\/ul>\n<\/li>\n<li><strong>CHE COS&#8217;\u00c8 UN COOKIE?<\/strong>\n<p style=\"text-align: justify;\">Un cookie \u00e8 un file che viene scaricato sul tuo computer quando accedi a determinate pagine web. I cookie consentono a un sito Web di memorizzare e recuperare informazioni sulle tue abitudini di navigazione o su quelle del tuo dispositivo e, a seconda delle informazioni che contengono e di come utilizzi il tuo dispositivo, possono essere utilizzati per riconoscerti. <\/p>\n<p style=\"text-align: justify;\">I cookie svolgono un ruolo fondamentale nel funzionamento di Internet, in quanto forniscono soluzioni tecniche che consentono agli utenti di esplorare diversi siti web. \u00c8 importante notare che i cookie non causano alcun danno al computer o al dispositivo su cui sono installati. Inoltre, vengono utilizzati anche per identificare e risolvere potenziali malfunzionamenti su un sito web. Hanno anche applicazioni nella pubblicit\u00e0 e nell&#8217;analisi, tra gli altri usi.   <\/p>\n<\/li>\n<li><strong>CHE TIPO DI COOKIE UTILIZZIAMO SUL NOSTRO SITO WEB?<\/strong>\n<p style=\"text-align: justify;\"><strong>Noi di MAILERFIND<\/strong> utilizziamo sia i nostri Cookie generati direttamente dal nostro dominio web, sia Cookie di terze parti generati da altri siti web esterni a <strong>MAILERFIND<\/strong>, appartenenti a societ\u00e0 terze, e tutto questo per le specifiche finalit\u00e0 indicate di seguito:<\/p>\n<ol style=\"text-align: justify;\">\n<li><strong>Cookie tecnici<\/strong>\n<p style=\"text-align: justify;\">I cookie tecnici sono necessari per abilitare la navigazione e attivare le funzionalit\u00e0 del nostro Sito Web. Ad esempio, questi cookie svolgono funzioni vitali come il controllo del traffico e della comunicazione dei dati, l&#8217;identificazione della sessione dell&#8217;utente, la possibilit\u00e0 di accedere ad aree riservate, garantire la sicurezza del servizio contro le frodi, tra le altre. Non richiediamo il tuo consenso per installare questi cookie sul tuo dispositivo perch\u00e9 sono strettamente tecnici e necessari per il funzionamento del Sito. Tuttavia, se disabiliti o blocchi tutti i cookie nel tuo browser, la tua esperienza di navigazione potrebbe non essere ottimale e alcuni servizi potrebbero non funzionare correttamente.   <\/p>\n<\/li>\n<li><strong>Cookie di personalizzazione<\/strong>\n<p style=\"text-align: justify;\">I cookie di personalizzazione ci consentono di salvare informazioni per fornirti un servizio con funzionalit\u00e0 speciali che potrebbero migliorare la tua esperienza rispetto ad altri utenti. Ad esempio, questi cookie possono identificare il numero di risultati che si desidera visualizzare in una ricerca o regolare l&#8217;aspetto e il contenuto del servizio in base al browser che si sta utilizzando o alla regione da cui si accede al servizio. Se selezioni queste funzionalit\u00e0 personalizzate, i cookie saranno considerati un servizio che hai specificamente richiesto.  <\/p>\n<\/li>\n<li><strong>Cookie analitici<\/strong>\n<p style=\"text-align: justify;\">I cookie analitici raccolgono informazioni sulla tua visita al nostro sito Web per ottenere statistiche e report che ci consentono di migliorare le nostre prestazioni e raccogliere informazioni pertinenti senza identificarti personalmente, mantenendo le informazioni aggregate e anonime. Ad esempio, questi cookie possono rilevare le pagine che visiti pi\u00f9 spesso, nonch\u00e9 scoprire se riscontri errori nelle pagine, o nelle sezioni della pagina a cui accedi, o nei pulsanti su cui fai clic, tra gli altri. Questi cookie saranno installati sul tuo dispositivo solo se accetti espressamente il loro utilizzo o se la legge ne consente l&#8217;installazione in via eccezionale.  <\/p>\n<\/li>\n<\/ol>\n<p style=\"text-align: justify;\">In questo senso, tutti i Cookie utilizzati dal Sito saranno memorizzati sul tuo dispositivo per il tempo necessario a soddisfare lo scopo per cui sono stati installati, e per un massimo di 2 anni, a meno che tu non decida di eliminarli attraverso le opzioni di configurazione del tuo browser, come indicato nella sezione successiva della presente Politica sui cookie.<\/p>\n<p style=\"text-align: justify;\">Alcuni dei dati personali raccolti attraverso l&#8217;uso di cookie di terze parti potrebbero essere trasferiti in altri paesi. In questi casi, Le assicuriamo che saranno adottate le misure necessarie per salvaguardare la riservatezza, l&#8217;integrit\u00e0 e la disponibilit\u00e0 di tali dati, in conformit\u00e0 con gli standard previsti dal GDPR, applicando le decisioni di adeguatezza emesse dalla Commissione Europea o, in mancanza, sottoscrivendo le corrispondenti Clausole Contrattuali Standard o garanzie adeguate che assicurino un livello di protezione equivalente. Se desideri maggiori informazioni sui trasferimenti internazionali effettuati da ciascun fornitore terzo, puoi consultare le loro politiche sulla privacy nella sezione corrispondente menzionata in questa sezione.  <\/p>\n<p style=\"text-align: justify; margin: 0; padding: 0;\">I cookie che utilizziamo sono:<\/p>\n<div class=\"cky-audit-table-element\"><\/div>\n<p>&nbsp;<\/p>\n<\/li>\n<li><strong>COME IMPOSTARE I COOKIE?<\/strong>\n<p style=\"text-align: justify;\">L&#8217;utente pu\u00f2 accettare o rifiutare i cookie in qualsiasi momento accedendo al nostro pannello delle preferenze che appare al primo accesso al sito web. Avrai anche la possibilit\u00e0 di accedervi qui: <\/p>\n<p style=\"text-align: justify;\"><a href=\"#\" class=\"cky-banner-element\">Impostazioni dei cookie<\/a><\/p>\n<p style=\"text-align: justify;\">\u00c8 inoltre possibile bloccare o eliminare i cookie tramite gli strumenti di configurazione del browser, oppure \u00e8 possibile impostare il browser in modo che avvisi l&#8217;utente quando un server desidera memorizzare i cookie:<\/p>\n<ol style=\"text-align: justify;\">\n<li>Se utilizzi Microsoft Edge (che ha sostituito Internet Explorer), troverai l&#8217;opzione facendo clic sul pulsante del menu (tre punti orizzontali) &gt; Impostazioni &gt; Cookie e autorizzazioni del sito &gt; Gestisci ed elimina cookie e dati del sito.<\/li>\n<li>Se si utilizza Firefox, l&#8217;opzione si trova facendo clic sul pulsante del menu (tre linee orizzontali) &gt; Impostazioni &gt; Privacy e sicurezza &gt; Cookie e dati del sito.<\/li>\n<li>Se utilizzi Chrome, sul pulsante del menu (tre punti verticali) &gt; Impostazioni &gt; Privacy e sicurezza &gt; Cookie e altri dati del sito.<\/li>\n<li>Se si utilizza Opera, \u00e8 possibile configurare il browser andando sul pulsante del menu (icona O in alto a sinistra) &gt; Impostazioni &gt; Privacy e sicurezza &gt; Cookie e altri dati del sito.<\/li>\n<li>Se stai utilizzando Safari, troverai l&#8217;opzione nel menu Preferenze (Safari &gt; Preferenze su macOS) nella scheda Privacy.<\/li>\n<\/ol>\n<\/li>\n<li><strong>ALTRO<\/strong>\n<p style=\"text-align: justify;\">Si precisa che <strong>MAILERFIND<\/strong> si riserva il diritto di modificare la propria Politica sui Cookie in qualsiasi momento lo ritenga opportuno, nel qual caso gli Utenti saranno avvisati. Per questo motivo, ti chiediamo di consultare periodicamente la presente Politica sui cookie per esserne pienamente consapevole e per accettare, se del caso, i cookie corrispondenti. Accedendo e utilizzando il nostro Sito Web, in qualit\u00e0 di Utente, dichiari di essere stato informato delle condizioni relative all&#8217;utilizzo dei nostri Cookie, fermo restando che l&#8217;installazione di alcuni Cookie potrebbe richiedere il tuo consenso espresso attraverso il suddetto pannello di configurazione dei Cookie.  <\/p>\n<p style=\"text-align: justify;\">La presente Informativa sui cookie \u00e8 integrata <a href=\"https:\/\/mailerfind.com\/it\/informativa-sulla-privacy\/\"><br \/>\n  <strong>dall&#8217;Informativa sulla privacy<\/strong><br \/>\n<\/a> e <a href=\"https:\/\/mailerfind.com\/it\/note-legali\/\"><br \/>\n  <strong>dall&#8217;Avviso legale<\/strong><br \/>\n<\/a>. Tutto ci\u00f2 fatto salvo qualsiasi altro regolamento o testo legale che debba essere introdotto, completato o preso in considerazione nel rispetto delle disposizioni della legislazione in vigore in ogni momento. <\/p>\n<\/li>\n<li><strong>CONSENSO<\/strong>\n<p style=\"text-align: justify;\">Quando accedi per la prima volta al nostro sito web, ti mostriamo una finestra pop-up con informazioni sull&#8217;uso dei cookie. Cliccando su &#8220;Salva preferenze&#8221;, acconsenti all&#8217;utilizzo delle categorie di cookie che hai selezionato, in conformit\u00e0 a quanto previsto dalla presente Cookie Policy. Puoi modificare le tue preferenze in qualsiasi momento o disabilitare l&#8217;uso dei cookie dalle impostazioni del tuo browser. Tuttavia, si prega di notare che alcune funzionalit\u00e0 del sito Web potrebbero non funzionare correttamente se si disabilitano alcuni cookie.   <\/p>\n<\/li>\n<li><strong>ABILITAZIONE\/DISABILITAZIONE ED ELIMINAZIONE DEI COOKIE<\/strong>\n<p style=\"text-align: justify;\">\u00c8 possibile utilizzare il browser Internet per eliminare i cookie automaticamente o manualmente. \u00c8 inoltre possibile specificare che alcuni cookie non possono essere inseriti; <em>In questo caso, alcune funzionalit\u00e0 del sito web potrebbero essere limitate o non disponibili<\/em>. Un&#8217;altra opzione \u00e8 quella di modificare le impostazioni del browser Internet in modo da ricevere un messaggio ogni volta che viene inserito un cookie. Per ulteriori informazioni su queste opzioni, fare riferimento alle istruzioni nella sezione &#8220;Aiuto&#8221; del browser.   <\/p>\n<p style=\"text-align: justify;\">Si prega di notare che il nostro sito Web potrebbe non funzionare correttamente se tutti i cookie sono disabilitati. Se l&#8217;utente elimina i cookie del browser, questi verranno inseriti nuovamente dopo il consenso dell&#8217;utente quando visita nuovamente i nostri siti web. <\/p>\n<p style=\"text-align: justify;\"><strong>MAILERFIND, S.L., 2025. Tutti i diritti riservati. <\/strong><\/p>\n<\/li>\n<\/ol>\n<p>[\/et_pb_text][\/et_pb_column][\/et_pb_row][\/et_pb_section]<\/p>\n","protected":false},"excerpt":{"rendered":"<p>La versione in lingua spagnola dei contratti legali e delle politiche \u00e8 considerata l&#8217;unica versione attuale e valida di questo documento. Qualsiasi versione tradotta \u00e8 fornita esclusivamente per tua comodit\u00e0, al fine di facilitare la lettura e la comprensione della versione in spagnolo. Le versioni tradotte non hanno valore legale e non possono sostituire quelle [&hellip;]<\/p>\n","protected":false},"author":1,"featured_media":0,"parent":0,"menu_order":0,"comment_status":"closed","ping_status":"closed","template":"","meta":{"_acf_changed":false,"_et_pb_use_builder":"on","_et_pb_old_content":"","_et_gb_content_width":"","inline_featured_image":false,"footnotes":""},"class_list":["post-12385","page","type-page","status-publish","hentry"],"acf":[],"yoast_head":"<!-- This site is optimized with the Yoast SEO plugin v27.2 - https:\/\/yoast.com\/product\/yoast-seo-wordpress\/ -->\n<title>Politica sui cookie - Mailerfind<\/title>\n<meta name=\"robots\" content=\"index, follow, max-snippet:-1, max-image-preview:large, max-video-preview:-1\" \/>\n<link rel=\"canonical\" href=\"https:\/\/mailerfind.com\/it\/politica-sui-cookie\/\" \/>\n<meta property=\"og:locale\" content=\"it_IT\" \/>\n<meta property=\"og:type\" content=\"article\" \/>\n<meta property=\"og:title\" content=\"Politica sui cookie - Mailerfind\" \/>\n<meta property=\"og:description\" content=\"La versione in lingua spagnola dei contratti legali e delle politiche \u00e8 considerata l&#039;unica versione attuale e valida di questo documento. Qualsiasi versione tradotta \u00e8 fornita esclusivamente per tua comodit\u00e0, al fine di facilitare la lettura e la comprensione della versione in spagnolo. Le versioni tradotte non hanno valore legale e non possono sostituire quelle [&hellip;]\" \/>\n<meta property=\"og:url\" content=\"https:\/\/mailerfind.com\/it\/politica-sui-cookie\/\" \/>\n<meta property=\"og:site_name\" content=\"Mailerfind\" \/>\n<meta property=\"article:publisher\" content=\"https:\/\/www.facebook.com\/people\/MailerFind\/100087419372784\/\" \/>\n<meta property=\"article:modified_time\" content=\"2025-09-30T12:29:23+00:00\" \/>\n<meta property=\"og:image\" content=\"https:\/\/mailerfind.com\/wp-content\/uploads\/mailerfind_banner.jpg\" \/>\n\t<meta property=\"og:image:width\" content=\"1920\" \/>\n\t<meta property=\"og:image:height\" content=\"1080\" \/>\n\t<meta property=\"og:image:type\" content=\"image\/jpeg\" \/>\n<meta name=\"twitter:card\" content=\"summary_large_image\" \/>\n<meta name=\"twitter:label1\" content=\"Tempo di lettura stimato\" \/>\n\t<meta name=\"twitter:data1\" content=\"8 minuti\" \/>\n<script type=\"application\/ld+json\" class=\"yoast-schema-graph\">{\"@context\":\"https:\/\/schema.org\",\"@graph\":[{\"@type\":\"WebPage\",\"@id\":\"https:\/\/mailerfind.com\/it\/politica-sui-cookie\/\",\"url\":\"https:\/\/mailerfind.com\/it\/politica-sui-cookie\/\",\"name\":\"Politica sui cookie - Mailerfind\",\"isPartOf\":{\"@id\":\"https:\/\/mailerfind.com\/it\/#website\"},\"datePublished\":\"2025-09-04T11:37:36+00:00\",\"dateModified\":\"2025-09-30T12:29:23+00:00\",\"breadcrumb\":{\"@id\":\"https:\/\/mailerfind.com\/it\/politica-sui-cookie\/#breadcrumb\"},\"inLanguage\":\"it-IT\",\"potentialAction\":[{\"@type\":\"ReadAction\",\"target\":[\"https:\/\/mailerfind.com\/it\/politica-sui-cookie\/\"]}]},{\"@type\":\"BreadcrumbList\",\"@id\":\"https:\/\/mailerfind.com\/it\/politica-sui-cookie\/#breadcrumb\",\"itemListElement\":[{\"@type\":\"ListItem\",\"position\":1,\"name\":\"Home\",\"item\":\"https:\/\/mailerfind.com\/it\/mailerfind-ottieni-lead-qualificati-e-trasformali-in-denaro\/\"},{\"@type\":\"ListItem\",\"position\":2,\"name\":\"Politica sui cookie\"}]},{\"@type\":\"WebSite\",\"@id\":\"https:\/\/mailerfind.com\/it\/#website\",\"url\":\"https:\/\/mailerfind.com\/it\/\",\"name\":\"Mailerfind\",\"description\":\"Get hundreds to even thousands of emails, phone numbers &amp; details daily, ethically for free of any Instagram pages followers\",\"publisher\":{\"@id\":\"https:\/\/mailerfind.com\/it\/#organization\"},\"potentialAction\":[{\"@type\":\"SearchAction\",\"target\":{\"@type\":\"EntryPoint\",\"urlTemplate\":\"https:\/\/mailerfind.com\/it\/?s={search_term_string}\"},\"query-input\":{\"@type\":\"PropertyValueSpecification\",\"valueRequired\":true,\"valueName\":\"search_term_string\"}}],\"inLanguage\":\"it-IT\"},{\"@type\":\"Organization\",\"@id\":\"https:\/\/mailerfind.com\/it\/#organization\",\"name\":\"Mailerfind\",\"url\":\"https:\/\/mailerfind.com\/it\/\",\"logo\":{\"@type\":\"ImageObject\",\"inLanguage\":\"it-IT\",\"@id\":\"https:\/\/mailerfind.com\/it\/#\/schema\/logo\/image\/\",\"url\":\"https:\/\/mailerfind.com\/wp-content\/uploads\/appicon.png\",\"contentUrl\":\"https:\/\/mailerfind.com\/wp-content\/uploads\/appicon.png\",\"width\":500,\"height\":500,\"caption\":\"Mailerfind\"},\"image\":{\"@id\":\"https:\/\/mailerfind.com\/it\/#\/schema\/logo\/image\/\"},\"sameAs\":[\"https:\/\/www.facebook.com\/people\/MailerFind\/100087419372784\/\"]}]}<\/script>\n<!-- \/ Yoast SEO plugin. -->","yoast_head_json":{"title":"Politica sui cookie - Mailerfind","robots":{"index":"index","follow":"follow","max-snippet":"max-snippet:-1","max-image-preview":"max-image-preview:large","max-video-preview":"max-video-preview:-1"},"canonical":"https:\/\/mailerfind.com\/it\/politica-sui-cookie\/","og_locale":"it_IT","og_type":"article","og_title":"Politica sui cookie - Mailerfind","og_description":"La versione in lingua spagnola dei contratti legali e delle politiche \u00e8 considerata l'unica versione attuale e valida di questo documento. Qualsiasi versione tradotta \u00e8 fornita esclusivamente per tua comodit\u00e0, al fine di facilitare la lettura e la comprensione della versione in spagnolo. Le versioni tradotte non hanno valore legale e non possono sostituire quelle [&hellip;]","og_url":"https:\/\/mailerfind.com\/it\/politica-sui-cookie\/","og_site_name":"Mailerfind","article_publisher":"https:\/\/www.facebook.com\/people\/MailerFind\/100087419372784\/","article_modified_time":"2025-09-30T12:29:23+00:00","og_image":[{"width":1920,"height":1080,"url":"https:\/\/mailerfind.com\/wp-content\/uploads\/mailerfind_banner.jpg","type":"image\/jpeg"}],"twitter_card":"summary_large_image","twitter_misc":{"Tempo di lettura stimato":"8 minuti"},"schema":{"@context":"https:\/\/schema.org","@graph":[{"@type":"WebPage","@id":"https:\/\/mailerfind.com\/it\/politica-sui-cookie\/","url":"https:\/\/mailerfind.com\/it\/politica-sui-cookie\/","name":"Politica sui cookie - Mailerfind","isPartOf":{"@id":"https:\/\/mailerfind.com\/it\/#website"},"datePublished":"2025-09-04T11:37:36+00:00","dateModified":"2025-09-30T12:29:23+00:00","breadcrumb":{"@id":"https:\/\/mailerfind.com\/it\/politica-sui-cookie\/#breadcrumb"},"inLanguage":"it-IT","potentialAction":[{"@type":"ReadAction","target":["https:\/\/mailerfind.com\/it\/politica-sui-cookie\/"]}]},{"@type":"BreadcrumbList","@id":"https:\/\/mailerfind.com\/it\/politica-sui-cookie\/#breadcrumb","itemListElement":[{"@type":"ListItem","position":1,"name":"Home","item":"https:\/\/mailerfind.com\/it\/mailerfind-ottieni-lead-qualificati-e-trasformali-in-denaro\/"},{"@type":"ListItem","position":2,"name":"Politica sui cookie"}]},{"@type":"WebSite","@id":"https:\/\/mailerfind.com\/it\/#website","url":"https:\/\/mailerfind.com\/it\/","name":"Mailerfind","description":"Get hundreds to even thousands of emails, phone numbers &amp; details daily, ethically for free of any Instagram pages followers","publisher":{"@id":"https:\/\/mailerfind.com\/it\/#organization"},"potentialAction":[{"@type":"SearchAction","target":{"@type":"EntryPoint","urlTemplate":"https:\/\/mailerfind.com\/it\/?s={search_term_string}"},"query-input":{"@type":"PropertyValueSpecification","valueRequired":true,"valueName":"search_term_string"}}],"inLanguage":"it-IT"},{"@type":"Organization","@id":"https:\/\/mailerfind.com\/it\/#organization","name":"Mailerfind","url":"https:\/\/mailerfind.com\/it\/","logo":{"@type":"ImageObject","inLanguage":"it-IT","@id":"https:\/\/mailerfind.com\/it\/#\/schema\/logo\/image\/","url":"https:\/\/mailerfind.com\/wp-content\/uploads\/appicon.png","contentUrl":"https:\/\/mailerfind.com\/wp-content\/uploads\/appicon.png","width":500,"height":500,"caption":"Mailerfind"},"image":{"@id":"https:\/\/mailerfind.com\/it\/#\/schema\/logo\/image\/"},"sameAs":["https:\/\/www.facebook.com\/people\/MailerFind\/100087419372784\/"]}]}},"_links":{"self":[{"href":"https:\/\/mailerfind.com\/it\/wp-json\/wp\/v2\/pages\/12385","targetHints":{"allow":["GET"]}}],"collection":[{"href":"https:\/\/mailerfind.com\/it\/wp-json\/wp\/v2\/pages"}],"about":[{"href":"https:\/\/mailerfind.com\/it\/wp-json\/wp\/v2\/types\/page"}],"author":[{"embeddable":true,"href":"https:\/\/mailerfind.com\/it\/wp-json\/wp\/v2\/users\/1"}],"replies":[{"embeddable":true,"href":"https:\/\/mailerfind.com\/it\/wp-json\/wp\/v2\/comments?post=12385"}],"version-history":[{"count":0,"href":"https:\/\/mailerfind.com\/it\/wp-json\/wp\/v2\/pages\/12385\/revisions"}],"wp:attachment":[{"href":"https:\/\/mailerfind.com\/it\/wp-json\/wp\/v2\/media?parent=12385"}],"curies":[{"name":"wp","href":"https:\/\/api.w.org\/{rel}","templated":true}]}}