{"id":12388,"date":"2025-09-04T13:37:36","date_gmt":"2025-09-04T11:37:36","guid":{"rendered":"https:\/\/mailerfind.com\/politica-de-cookies\/"},"modified":"2025-09-30T14:30:42","modified_gmt":"2025-09-30T12:30:42","slug":"politica-de-cookies","status":"publish","type":"page","link":"https:\/\/mailerfind.com\/pt-br\/politica-de-cookies\/","title":{"rendered":"Pol\u00edtica de Cookies"},"content":{"rendered":"<p>[et_pb_section fb_built=&#8221;1&#8243; _builder_version=&#8221;4.27.4&#8243; _module_preset=&#8221;default&#8221; global_colors_info=&#8221;{}&#8221;][et_pb_row _builder_version=&#8221;4.27.4&#8243; _module_preset=&#8221;default&#8221; width=&#8221;550px&#8221; global_colors_info=&#8221;{}&#8221;][et_pb_column type=&#8221;4_4&#8243; _builder_version=&#8221;4.27.4&#8243; _module_preset=&#8221;default&#8221; global_colors_info=&#8221;{}&#8221;][et_pb_text _builder_version=&#8221;4.27.4&#8243; _module_preset=&#8221;default&#8221; hover_enabled=&#8221;0&#8243; sticky_enabled=&#8221;0&#8243;]<\/p>\n<p style=\"color: #387dff; background-color: #e2ecff; padding: 15px; border-radius: 0.31em;\">A vers\u00e3o em portugu\u00eas dos contratos legais e das pol\u00edticas \u00e9 considerada a \u00fanica vers\u00e3o atual e v\u00e1lida deste documento. Qualquer vers\u00e3o traduzida \u00e9 fornecida apenas para sua conveni\u00eancia, com o objetivo de facilitar a leitura e compreens\u00e3o da vers\u00e3o em portugu\u00eas. As vers\u00f5es traduzidas n\u00e3o t\u00eam valor legal e n\u00e3o podem substituir as vers\u00f5es em portugu\u00eas. Em caso de desacordo ou conflito, prevalecer\u00e3o os contratos legais e as pol\u00edticas redigidos em espanhol.<\/p>\n<p>[\/et_pb_text][et_pb_text _builder_version=&#8221;4.27.4&#8243; _module_preset=&#8221;default&#8221; custom_css_free_form=&#8221;selector li:not(.policy-li){||  margin-top: 1em; \/* espacio extra debajo de cada item *\/||  margin-bottom: 1em;||}&#8221; global_colors_info=&#8221;{}&#8221;]<\/p>\n<h1 style=\"text-align: justify;\"><strong>Pol\u00edtica de Cookies<\/strong><\/h1>\n<p style=\"text-align: justify;\"><em><\/em><\/p>\n<p style=\"text-align: justify;\"><em>\u00daltima atualiza\u00e7\u00e3o: setembro de 2025<\/em><\/p>\n<ol style=\"text-align: justify;\">\n<li><strong>OBJETO<\/strong>\n<p style=\"text-align: justify;\"><strong>MAILERFIND, S.L.<\/strong> (doravante denominado &#8220;<strong>MAILERFIND&#8221;,<\/strong> &#8220;<strong>n\u00f3s<\/strong>&#8220;, &#8220;<strong>nosso<\/strong><strong>&#8220;, &#8220;<\/strong><strong>nos<\/strong>&#8220;), deseja oferecer a voc\u00ea como usu\u00e1rio (doravante denominado &#8220;<strong>Usu\u00e1rio<\/strong>&#8220;, &#8220;<strong>voc\u00ea<\/strong>&#8220;, &#8220;<strong>voc\u00ea<\/strong>&#8221; e &#8220;<strong>seu<\/strong>&#8220;), uma experi\u00eancia e servi\u00e7o seguros em nosso ambiente web localizado no endere\u00e7o <a href=\"https:\/\/mailerfind.com\/es\/\">https:\/\/mailerfind.com<\/a> (doravante denominado &#8220;<strong>Site<\/strong>&#8220;).<\/p>\n<p style=\"text-align: justify;\">Consequentemente, implement\u00e1mos a presente Pol\u00edtica de Cookies, que cumpre as medidas de seguran\u00e7a exigidas pela Lei Org\u00e2nica 3\/2018, de 5 de dezembro, sobre a Prote\u00e7\u00e3o de Dados Pessoais e garantia dos direitos digitais (&#8220;<strong>LOPDGDD&#8221;),<\/strong> o REGULAMENTO EUROPEU SOBRE A PROTE\u00c7\u00c3O DE DADOS PESSOAIS 679\/2016, de 27 de abril, sobre a prote\u00e7\u00e3o das pessoas singulares no que diz respeito ao tratamento de dados pessoais e \u00e0 livre circula\u00e7\u00e3o desses dados (&#8220;<strong>RGPD&#8221;)<\/strong> e a Lei n.\u00ba 34\/2002, de 11 de julho, sobre servi\u00e7os da sociedade da informa\u00e7\u00e3o e com\u00e9rcio eletr\u00f3nico (&#8220;<strong>LSSICE&#8221;).<\/strong> Tudo isso com o objetivo de garantir sua privacidade e ser transparente sobre o uso de seus dados. <\/p>\n<p style=\"text-align: justify;\">De acordo com o anterior, para facilitar a sua navega\u00e7\u00e3o no Site, informamos que utilizamos cookies ou outros dispositivos semelhantes de armazenamento e recupera\u00e7\u00e3o de dados (doravante, &#8220;<strong>Cookies<\/strong>&#8220;) e atuamos como respons\u00e1veis pelo tratamento de dados de acordo com o RGPD e a LOPDGDD. Tendo em vista tudo o que foi exposto, nesta Pol\u00edtica de Cookies, explicaremos: (i) o que s\u00e3o cookies, (ii) que tipos de cookies usamos em nosso Site e (iii) como voc\u00ea pode configur\u00e1-los ou desativ\u00e1-los. Por fim, lembramos que voc\u00ea pode entrar em contato conosco para qualquer d\u00favida que possa ter usando os detalhes de contato mostrados no ponto a seguir.     <\/p>\n<\/li>\n<li><strong>IDENTIFICA\u00c7\u00c3O<\/strong>\n<ul style=\"text-align: justify;\">\n<li class=\"policy-li\"><strong>Propriet\u00e1rio:<\/strong> MAILERFIND, S.L.<\/li>\n<li class=\"policy-li\"><strong>Sede social:<\/strong> Passatge Arnaldeta de Caboet, n\u00famero 11, Edifici La Torre, 2n 1\u00aa (AD700), Escaldes-Engordany, Principat d&#8217;Andorra.<\/li>\n<li class=\"policy-li\"><strong>TRN:<\/strong> L-720969-L<\/li>\n<li class=\"policy-li\"><strong>Dados do registro:<\/strong> Registre de Societats d&#8217;Andorra, em Llibre S-497, Foli 301-310, n\u00famero de registo 25.880<\/li>\n<li class=\"policy-li\"><strong>E-mail:<\/strong> <a href=\"mailto:privacy@mailerfind.com\">privacy@mailerfind.com<\/a><\/li>\n<\/ul>\n<\/li>\n<li><strong>O QUE \u00c9 UM COOKIE?<\/strong>\n<p style=\"text-align: justify;\">Um cookie \u00e9 um arquivo que \u00e9 baixado para o seu computador quando voc\u00ea acessa determinadas p\u00e1ginas da web. Os cookies permitem que um site armazene e recupere informa\u00e7\u00f5es sobre seus h\u00e1bitos de navega\u00e7\u00e3o ou os do seu dispositivo e, dependendo das informa\u00e7\u00f5es que eles cont\u00eam e de como voc\u00ea usa seu dispositivo, eles podem ser usados para reconhec\u00ea-lo. <\/p>\n<p style=\"text-align: justify;\">Os cookies desempenham um papel fundamental no funcionamento da Internet, pois fornecem solu\u00e7\u00f5es t\u00e9cnicas que permitem aos usu\u00e1rios explorar diferentes sites. \u00c9 importante observar que os cookies n\u00e3o causam nenhum dano ao computador ou dispositivo em que est\u00e3o instalados. Al\u00e9m disso, eles tamb\u00e9m s\u00e3o usados para identificar e resolver poss\u00edveis avarias em um site. Eles tamb\u00e9m t\u00eam aplica\u00e7\u00f5es em publicidade e an\u00e1lise, entre outros usos.   <\/p>\n<\/li>\n<li><strong>QUE TIPO DE COOKIES USAMOS EM NOSSO SITE?<\/strong>\n<p style=\"text-align: justify;\"><strong>Na MAILERFIND<\/strong>, usamos cookies pr\u00f3prios gerados diretamente pelo nosso dom\u00ednio da web e cookies de terceiros gerados a partir de outros sites fora da <strong>MAILERFIND,<\/strong> pertencentes a empresas terceirizadas, e tudo isso para os fins espec\u00edficos descritos abaixo:<\/p>\n<ol style=\"text-align: justify;\">\n<li><strong>Cookies t\u00e9cnicos<\/strong>\n<p style=\"text-align: justify;\">Os cookies t\u00e9cnicos s\u00e3o necess\u00e1rios para permitir a navega\u00e7\u00e3o e ativar as funcionalidades do nosso site. Por exemplo, esses Cookies desempenham fun\u00e7\u00f5es vitais, como controlar o tr\u00e1fego e a comunica\u00e7\u00e3o de dados, identificar a sess\u00e3o do Usu\u00e1rio, permitir o acesso a \u00e1reas restritas, garantir a seguran\u00e7a do servi\u00e7o contra fraudes, entre outras. N\u00e3o exigimos o seu consentimento para instalar esses cookies em seu dispositivo porque eles s\u00e3o estritamente t\u00e9cnicos e necess\u00e1rios para o funcionamento do site. No entanto, se voc\u00ea desativar ou bloquear todos os cookies em seu navegador, sua experi\u00eancia de navega\u00e7\u00e3o pode n\u00e3o ser ideal e alguns servi\u00e7os podem n\u00e3o funcionar corretamente.   <\/p>\n<\/li>\n<li><strong>Cookies de personaliza\u00e7\u00e3o<\/strong>\n<p style=\"text-align: justify;\">Os cookies de personaliza\u00e7\u00e3o nos permitem salvar informa\u00e7\u00f5es para fornecer a voc\u00ea um servi\u00e7o com recursos especiais que podem melhorar sua experi\u00eancia em compara\u00e7\u00e3o com outros usu\u00e1rios. Por exemplo, esses cookies podem identificar quantos resultados voc\u00ea deseja ver em uma pesquisa ou ajustar a apar\u00eancia e o conte\u00fado do servi\u00e7o com base no navegador que voc\u00ea est\u00e1 usando ou na regi\u00e3o de onde voc\u00ea acessa o servi\u00e7o. Se voc\u00ea selecionar esses recursos personalizados, os cookies ser\u00e3o considerados um servi\u00e7o que voc\u00ea solicitou especificamente.  <\/p>\n<\/li>\n<li><strong>Cookies anal\u00edticos<\/strong>\n<p style=\"text-align: justify;\">Os Cookies Anal\u00edticos coletam informa\u00e7\u00f5es sobre sua visita ao nosso Site para obter estat\u00edsticas e relat\u00f3rios que nos permitem melhorar nosso desempenho e coletar informa\u00e7\u00f5es relevantes sem identific\u00e1-lo pessoalmente, mantendo as informa\u00e7\u00f5es agregadas e an\u00f4nimas. Por exemplo, esses Cookies podem detectar as p\u00e1ginas que voc\u00ea visita com mais frequ\u00eancia, bem como descobrir se voc\u00ea encontra erros nas p\u00e1ginas, ou nas se\u00e7\u00f5es da p\u00e1gina que voc\u00ea acessa, ou nos bot\u00f5es em que voc\u00ea clica, entre outros. Estes Cookies s\u00f3 ser\u00e3o instalados no seu dispositivo se concordar expressamente com a sua utiliza\u00e7\u00e3o ou se a lei permitir a sua instala\u00e7\u00e3o por exce\u00e7\u00e3o.  <\/p>\n<\/li>\n<\/ol>\n<p style=\"text-align: justify;\">Nesse sentido, todos os Cookies utilizados pelo Site ser\u00e3o armazenados em seu dispositivo pelo tempo necess\u00e1rio para cumprir a finalidade para a qual foram instalados, e por um per\u00edodo m\u00e1ximo de 2 anos, a menos que voc\u00ea decida exclu\u00ed-los atrav\u00e9s das op\u00e7\u00f5es de configura\u00e7\u00e3o do seu navegador, conforme indicado na se\u00e7\u00e3o seguinte desta Pol\u00edtica de Cookies.<\/p>\n<p style=\"text-align: justify;\">Alguns dos dados pessoais coletados por meio do uso de cookies de terceiros podem ser transferidos para outros pa\u00edses. Nestes casos, asseguramos que ser\u00e3o tomadas as medidas necess\u00e1rias para salvaguardar a privacidade, integridade e disponibilidade dos referidos dados, de acordo com as normas estabelecidas no RGPD, aplicando as decis\u00f5es de adequa\u00e7\u00e3o emitidas pela Comiss\u00e3o Europeia ou, na sua falta, assinando as correspondentes Cl\u00e1usulas Contratuais Padr\u00e3o ou garantias adequadas que assegurem um n\u00edvel de prote\u00e7\u00e3o equivalente. Se voc\u00ea deseja obter mais informa\u00e7\u00f5es sobre transfer\u00eancias internacionais feitas por cada provedor terceirizado, pode consultar suas pol\u00edticas de privacidade na se\u00e7\u00e3o correspondente mencionada nesta se\u00e7\u00e3o.  <\/p>\n<p style=\"text-align: justify; margin: 0; padding: 0;\">Os cookies que usamos s\u00e3o:<\/p>\n<div class=\"cky-audit-table-element\"><\/div>\n<p>&nbsp;<\/p>\n<\/li>\n<li><strong>COMO DEFINIR COOKIES?<\/strong>\n<p style=\"text-align: justify;\">Voc\u00ea pode aceitar ou rejeitar Cookies a qualquer momento acessando nosso painel de prefer\u00eancias que aparece quando voc\u00ea acessa o Site pela primeira vez. Voc\u00ea tamb\u00e9m ter\u00e1 a op\u00e7\u00e3o de acess\u00e1-lo aqui: <\/p>\n<p style=\"text-align: justify;\"><a href=\"#\" class=\"cky-banner-element\">Configura\u00e7\u00f5es de cookies<\/a><\/p>\n<p style=\"text-align: justify;\">Voc\u00ea tamb\u00e9m pode bloquear ou excluir cookies por meio das ferramentas de configura\u00e7\u00e3o do seu navegador, ou pode configurar seu navegador para alert\u00e1-lo quando um servidor quiser armazenar cookies:<\/p>\n<ol style=\"text-align: justify;\">\n<li>Se voc\u00ea estiver usando o Microsoft Edge (que substituiu o Internet Explorer), encontrar\u00e1 a op\u00e7\u00e3o clicando no bot\u00e3o de menu (tr\u00eas pontos horizontais) &gt; Configura\u00e7\u00f5es &gt; Cookies e Permiss\u00f5es do Site &gt; Gerenciar e Excluir Cookies e Dados do Site.<\/li>\n<li>Se voc\u00ea usa o Firefox, encontrar\u00e1 a op\u00e7\u00e3o clicando no bot\u00e3o de menu (tr\u00eas linhas horizontais) &gt; Configura\u00e7\u00f5es &gt; Privacidade e Seguran\u00e7a &gt; Cookies e Dados do Site.<\/li>\n<li>Se voc\u00ea estiver usando o Chrome, no bot\u00e3o de menu (tr\u00eas pontos verticais) &gt; Configura\u00e7\u00f5es &gt; Privacidade e seguran\u00e7a &gt; Cookies e outros dados do site.<\/li>\n<li>Se voc\u00ea usa o Opera, pode configurar o navegador acessando o bot\u00e3o de menu (\u00edcone O no canto superior esquerdo) &gt; Configura\u00e7\u00f5es &gt; Privacidade e Seguran\u00e7a &gt; Cookies e Outros Dados do Site.<\/li>\n<li>Se voc\u00ea estiver usando o Safari, encontrar\u00e1 a op\u00e7\u00e3o no menu Prefer\u00eancias (Safari &gt; Prefer\u00eancias no macOS) na guia Privacidade.<\/li>\n<\/ol>\n<\/li>\n<li><strong>OUTRO<\/strong>\n<p style=\"text-align: justify;\">Refira-se que a <strong>MAILERFIND<\/strong> reserva-se o direito de modificar a sua Pol\u00edtica de Cookies a qualquer momento que considere apropriado, caso em que os Utilizadores ser\u00e3o notificados. Por este motivo, solicitamos que consulte periodicamente esta Pol\u00edtica de Cookies para ter pleno conhecimento dos mesmos e aceitar, se for caso disso, os Cookies correspondentes. Ao aceder e utilizar o nosso Website, enquanto Utilizador, declara ter sido informado das condi\u00e7\u00f5es relativas \u00e0 utiliza\u00e7\u00e3o dos nossos Cookies, sem preju\u00edzo de que a instala\u00e7\u00e3o de determinados Cookies possa exigir o seu consentimento expresso atrav\u00e9s do painel de configura\u00e7\u00e3o de Cookies acima mencionado.  <\/p>\n<p style=\"text-align: justify;\">Esta Pol\u00edtica de Cookies \u00e9 complementada pela <a href=\"https:\/\/mailerfind.com\/pt-br\/politica-de-privacidade\/\"><br \/>\n  <strong>Pol\u00edtica de Privacidade<\/strong><br \/>\n<\/a> e pelo <a href=\"https:\/\/mailerfind.com\/pt-br\/advertencia-legal\/\"><br \/>\n  <strong>Aviso Legal<\/strong><br \/>\n<\/a>. Tudo isto sem preju\u00edzo de qualquer outro regulamento ou texto legal que deva ser introduzido, completado ou tido em conta em conformidade com o disposto na legisla\u00e7\u00e3o em vigor em cada momento. <\/p>\n<\/li>\n<li><strong>CONSENTIMENTO<\/strong>\n<p style=\"text-align: justify;\">Quando voc\u00ea acessa nosso site pela primeira vez, mostramos uma janela pop-up com informa\u00e7\u00f5es sobre o uso de cookies. Ao clicar em &#8220;Salvar prefer\u00eancias&#8221;, voc\u00ea concorda com o uso das categorias de cookies que selecionou, de acordo com as disposi\u00e7\u00f5es desta Pol\u00edtica de Cookies. Voc\u00ea pode alterar suas prefer\u00eancias a qualquer momento ou desativar o uso de cookies nas configura\u00e7\u00f5es do seu navegador. No entanto, observe que certas funcionalidades do site podem n\u00e3o funcionar corretamente se voc\u00ea desativar alguns cookies.   <\/p>\n<\/li>\n<li><strong>ATIVA\u00c7\u00c3O\/DESATIVA\u00c7\u00c3O E EXCLUS\u00c3O DE COOKIES<\/strong>\n<p style=\"text-align: justify;\">Voc\u00ea pode usar seu navegador de internet para excluir cookies autom\u00e1tica ou manualmente. Voc\u00ea tamb\u00e9m pode especificar que determinados cookies n\u00e3o podem ser colocados; <em>Nesse caso, algumas funcionalidades do site podem ser limitadas ou indispon\u00edveis<\/em>. Outra op\u00e7\u00e3o \u00e9 alterar as configura\u00e7\u00f5es do seu navegador da Internet para que voc\u00ea receba uma mensagem sempre que um cookie for colocado. Para obter mais informa\u00e7\u00f5es sobre essas op\u00e7\u00f5es, consulte as instru\u00e7\u00f5es na se\u00e7\u00e3o &#8220;Ajuda&#8221; do seu navegador.   <\/p>\n<p style=\"text-align: justify;\">Observe que nosso site pode n\u00e3o funcionar corretamente se todos os cookies estiverem desativados. Se voc\u00ea excluir os cookies do seu navegador, eles ser\u00e3o colocados novamente ap\u00f3s o seu consentimento quando voc\u00ea visitar nossos sites novamente. <\/p>\n<p style=\"text-align: justify;\"><strong>MAILERFIND, S.L., 2025. Todos os direitos reservados. <\/strong><\/p>\n<\/li>\n<\/ol>\n<p>[\/et_pb_text][\/et_pb_column][\/et_pb_row][\/et_pb_section]<\/p>\n","protected":false},"excerpt":{"rendered":"<p>A vers\u00e3o em portugu\u00eas dos contratos legais e das pol\u00edticas \u00e9 considerada a \u00fanica vers\u00e3o atual e v\u00e1lida deste documento. Qualquer vers\u00e3o traduzida \u00e9 fornecida apenas para sua conveni\u00eancia, com o objetivo de facilitar a leitura e compreens\u00e3o da vers\u00e3o em portugu\u00eas. As vers\u00f5es traduzidas n\u00e3o t\u00eam valor legal e n\u00e3o podem substituir as vers\u00f5es [&hellip;]<\/p>\n","protected":false},"author":1,"featured_media":0,"parent":0,"menu_order":0,"comment_status":"closed","ping_status":"closed","template":"","meta":{"_acf_changed":false,"_et_pb_use_builder":"on","_et_pb_old_content":"","_et_gb_content_width":"","inline_featured_image":false,"footnotes":""},"class_list":["post-12388","page","type-page","status-publish","hentry"],"acf":[],"yoast_head":"<!-- This site is optimized with the Yoast SEO plugin v27.2 - https:\/\/yoast.com\/product\/yoast-seo-wordpress\/ -->\n<title>Pol\u00edtica de Cookies - Mailerfind<\/title>\n<meta name=\"robots\" content=\"index, follow, max-snippet:-1, max-image-preview:large, max-video-preview:-1\" \/>\n<link rel=\"canonical\" href=\"https:\/\/mailerfind.com\/pt-br\/politica-de-cookies\/\" \/>\n<meta property=\"og:locale\" content=\"pt_BR\" \/>\n<meta property=\"og:type\" content=\"article\" \/>\n<meta property=\"og:title\" content=\"Pol\u00edtica de Cookies - Mailerfind\" \/>\n<meta property=\"og:description\" content=\"A vers\u00e3o em portugu\u00eas dos contratos legais e das pol\u00edticas \u00e9 considerada a \u00fanica vers\u00e3o atual e v\u00e1lida deste documento. Qualquer vers\u00e3o traduzida \u00e9 fornecida apenas para sua conveni\u00eancia, com o objetivo de facilitar a leitura e compreens\u00e3o da vers\u00e3o em portugu\u00eas. As vers\u00f5es traduzidas n\u00e3o t\u00eam valor legal e n\u00e3o podem substituir as vers\u00f5es [&hellip;]\" \/>\n<meta property=\"og:url\" content=\"https:\/\/mailerfind.com\/pt-br\/politica-de-cookies\/\" \/>\n<meta property=\"og:site_name\" content=\"Mailerfind\" \/>\n<meta property=\"article:publisher\" content=\"https:\/\/www.facebook.com\/people\/MailerFind\/100087419372784\/\" \/>\n<meta property=\"article:modified_time\" content=\"2025-09-30T12:30:42+00:00\" \/>\n<meta property=\"og:image\" content=\"https:\/\/mailerfind.com\/wp-content\/uploads\/mailerfind_banner.jpg\" \/>\n\t<meta property=\"og:image:width\" content=\"1920\" \/>\n\t<meta property=\"og:image:height\" content=\"1080\" \/>\n\t<meta property=\"og:image:type\" content=\"image\/jpeg\" \/>\n<meta name=\"twitter:card\" content=\"summary_large_image\" \/>\n<meta name=\"twitter:label1\" content=\"Est. tempo de leitura\" \/>\n\t<meta name=\"twitter:data1\" content=\"9 minutos\" \/>\n<script type=\"application\/ld+json\" class=\"yoast-schema-graph\">{\"@context\":\"https:\/\/schema.org\",\"@graph\":[{\"@type\":\"WebPage\",\"@id\":\"https:\/\/mailerfind.com\/pt-br\/politica-de-cookies\/\",\"url\":\"https:\/\/mailerfind.com\/pt-br\/politica-de-cookies\/\",\"name\":\"Pol\u00edtica de Cookies - Mailerfind\",\"isPartOf\":{\"@id\":\"https:\/\/mailerfind.com\/pt-br\/#website\"},\"datePublished\":\"2025-09-04T11:37:36+00:00\",\"dateModified\":\"2025-09-30T12:30:42+00:00\",\"breadcrumb\":{\"@id\":\"https:\/\/mailerfind.com\/pt-br\/politica-de-cookies\/#breadcrumb\"},\"inLanguage\":\"pt-BR\",\"potentialAction\":[{\"@type\":\"ReadAction\",\"target\":[\"https:\/\/mailerfind.com\/pt-br\/politica-de-cookies\/\"]}]},{\"@type\":\"BreadcrumbList\",\"@id\":\"https:\/\/mailerfind.com\/pt-br\/politica-de-cookies\/#breadcrumb\",\"itemListElement\":[{\"@type\":\"ListItem\",\"position\":1,\"name\":\"Home\",\"item\":\"https:\/\/mailerfind.com\/pt-br\/mailerfind-obtenha-leads-qualificados-e-transforme-os-em-dinheiro\/\"},{\"@type\":\"ListItem\",\"position\":2,\"name\":\"Pol\u00edtica de Cookies\"}]},{\"@type\":\"WebSite\",\"@id\":\"https:\/\/mailerfind.com\/pt-br\/#website\",\"url\":\"https:\/\/mailerfind.com\/pt-br\/\",\"name\":\"Mailerfind\",\"description\":\"Get hundreds to even thousands of emails, phone numbers &amp; details daily, ethically for free of any Instagram pages followers\",\"publisher\":{\"@id\":\"https:\/\/mailerfind.com\/pt-br\/#organization\"},\"potentialAction\":[{\"@type\":\"SearchAction\",\"target\":{\"@type\":\"EntryPoint\",\"urlTemplate\":\"https:\/\/mailerfind.com\/pt-br\/?s={search_term_string}\"},\"query-input\":{\"@type\":\"PropertyValueSpecification\",\"valueRequired\":true,\"valueName\":\"search_term_string\"}}],\"inLanguage\":\"pt-BR\"},{\"@type\":\"Organization\",\"@id\":\"https:\/\/mailerfind.com\/pt-br\/#organization\",\"name\":\"Mailerfind\",\"url\":\"https:\/\/mailerfind.com\/pt-br\/\",\"logo\":{\"@type\":\"ImageObject\",\"inLanguage\":\"pt-BR\",\"@id\":\"https:\/\/mailerfind.com\/pt-br\/#\/schema\/logo\/image\/\",\"url\":\"https:\/\/mailerfind.com\/wp-content\/uploads\/appicon.png\",\"contentUrl\":\"https:\/\/mailerfind.com\/wp-content\/uploads\/appicon.png\",\"width\":500,\"height\":500,\"caption\":\"Mailerfind\"},\"image\":{\"@id\":\"https:\/\/mailerfind.com\/pt-br\/#\/schema\/logo\/image\/\"},\"sameAs\":[\"https:\/\/www.facebook.com\/people\/MailerFind\/100087419372784\/\"]}]}<\/script>\n<!-- \/ Yoast SEO plugin. -->","yoast_head_json":{"title":"Pol\u00edtica de Cookies - Mailerfind","robots":{"index":"index","follow":"follow","max-snippet":"max-snippet:-1","max-image-preview":"max-image-preview:large","max-video-preview":"max-video-preview:-1"},"canonical":"https:\/\/mailerfind.com\/pt-br\/politica-de-cookies\/","og_locale":"pt_BR","og_type":"article","og_title":"Pol\u00edtica de Cookies - Mailerfind","og_description":"A vers\u00e3o em portugu\u00eas dos contratos legais e das pol\u00edticas \u00e9 considerada a \u00fanica vers\u00e3o atual e v\u00e1lida deste documento. Qualquer vers\u00e3o traduzida \u00e9 fornecida apenas para sua conveni\u00eancia, com o objetivo de facilitar a leitura e compreens\u00e3o da vers\u00e3o em portugu\u00eas. As vers\u00f5es traduzidas n\u00e3o t\u00eam valor legal e n\u00e3o podem substituir as vers\u00f5es [&hellip;]","og_url":"https:\/\/mailerfind.com\/pt-br\/politica-de-cookies\/","og_site_name":"Mailerfind","article_publisher":"https:\/\/www.facebook.com\/people\/MailerFind\/100087419372784\/","article_modified_time":"2025-09-30T12:30:42+00:00","og_image":[{"width":1920,"height":1080,"url":"https:\/\/mailerfind.com\/wp-content\/uploads\/mailerfind_banner.jpg","type":"image\/jpeg"}],"twitter_card":"summary_large_image","twitter_misc":{"Est. tempo de leitura":"9 minutos"},"schema":{"@context":"https:\/\/schema.org","@graph":[{"@type":"WebPage","@id":"https:\/\/mailerfind.com\/pt-br\/politica-de-cookies\/","url":"https:\/\/mailerfind.com\/pt-br\/politica-de-cookies\/","name":"Pol\u00edtica de Cookies - Mailerfind","isPartOf":{"@id":"https:\/\/mailerfind.com\/pt-br\/#website"},"datePublished":"2025-09-04T11:37:36+00:00","dateModified":"2025-09-30T12:30:42+00:00","breadcrumb":{"@id":"https:\/\/mailerfind.com\/pt-br\/politica-de-cookies\/#breadcrumb"},"inLanguage":"pt-BR","potentialAction":[{"@type":"ReadAction","target":["https:\/\/mailerfind.com\/pt-br\/politica-de-cookies\/"]}]},{"@type":"BreadcrumbList","@id":"https:\/\/mailerfind.com\/pt-br\/politica-de-cookies\/#breadcrumb","itemListElement":[{"@type":"ListItem","position":1,"name":"Home","item":"https:\/\/mailerfind.com\/pt-br\/mailerfind-obtenha-leads-qualificados-e-transforme-os-em-dinheiro\/"},{"@type":"ListItem","position":2,"name":"Pol\u00edtica de Cookies"}]},{"@type":"WebSite","@id":"https:\/\/mailerfind.com\/pt-br\/#website","url":"https:\/\/mailerfind.com\/pt-br\/","name":"Mailerfind","description":"Get hundreds to even thousands of emails, phone numbers &amp; details daily, ethically for free of any Instagram pages followers","publisher":{"@id":"https:\/\/mailerfind.com\/pt-br\/#organization"},"potentialAction":[{"@type":"SearchAction","target":{"@type":"EntryPoint","urlTemplate":"https:\/\/mailerfind.com\/pt-br\/?s={search_term_string}"},"query-input":{"@type":"PropertyValueSpecification","valueRequired":true,"valueName":"search_term_string"}}],"inLanguage":"pt-BR"},{"@type":"Organization","@id":"https:\/\/mailerfind.com\/pt-br\/#organization","name":"Mailerfind","url":"https:\/\/mailerfind.com\/pt-br\/","logo":{"@type":"ImageObject","inLanguage":"pt-BR","@id":"https:\/\/mailerfind.com\/pt-br\/#\/schema\/logo\/image\/","url":"https:\/\/mailerfind.com\/wp-content\/uploads\/appicon.png","contentUrl":"https:\/\/mailerfind.com\/wp-content\/uploads\/appicon.png","width":500,"height":500,"caption":"Mailerfind"},"image":{"@id":"https:\/\/mailerfind.com\/pt-br\/#\/schema\/logo\/image\/"},"sameAs":["https:\/\/www.facebook.com\/people\/MailerFind\/100087419372784\/"]}]}},"_links":{"self":[{"href":"https:\/\/mailerfind.com\/pt-br\/wp-json\/wp\/v2\/pages\/12388","targetHints":{"allow":["GET"]}}],"collection":[{"href":"https:\/\/mailerfind.com\/pt-br\/wp-json\/wp\/v2\/pages"}],"about":[{"href":"https:\/\/mailerfind.com\/pt-br\/wp-json\/wp\/v2\/types\/page"}],"author":[{"embeddable":true,"href":"https:\/\/mailerfind.com\/pt-br\/wp-json\/wp\/v2\/users\/1"}],"replies":[{"embeddable":true,"href":"https:\/\/mailerfind.com\/pt-br\/wp-json\/wp\/v2\/comments?post=12388"}],"version-history":[{"count":0,"href":"https:\/\/mailerfind.com\/pt-br\/wp-json\/wp\/v2\/pages\/12388\/revisions"}],"wp:attachment":[{"href":"https:\/\/mailerfind.com\/pt-br\/wp-json\/wp\/v2\/media?parent=12388"}],"curies":[{"name":"wp","href":"https:\/\/api.w.org\/{rel}","templated":true}]}}